{"id":197,"date":"2023-02-07T18:52:28","date_gmt":"2023-02-07T18:52:28","guid":{"rendered":"https:\/\/www.gawc-munich.de\/?page_id=197"},"modified":"2023-04-23T04:41:37","modified_gmt":"2023-04-23T04:41:37","slug":"datenschutz","status":"publish","type":"page","link":"http:\/\/www.gawc-munich.de\/de_de\/datenschutz","title":{"rendered":"aa_Datenschutz"},"content":{"rendered":"<p>[et_pb_section fb_built=&#8221;1&#8243; _builder_version=&#8221;4.19.5&#8243; _module_preset=&#8221;default&#8221; global_colors_info=&#8221;{}&#8221;][et_pb_row _builder_version=&#8221;4.19.5&#8243; _module_preset=&#8221;default&#8221; global_colors_info=&#8221;{}&#8221; column_structure=&#8221;3_4,1_4&#8243;][et_pb_column type=&#8221;3_4&#8243; _builder_version=&#8221;4.19.5&#8243; _module_preset=&#8221;default&#8221; global_colors_info=&#8221;{}&#8221;][et_pb_text _builder_version=&#8221;4.20.4&#8243; _module_preset=&#8221;default&#8221; global_colors_info=&#8221;{}&#8221;]<\/p>\n<h2>Datenschutz<\/h2>\n<p>Wir legen gr\u00f6\u00dften Wert auf den Schutz Ihrer Daten und die Wahrung Ihrer Privatsph\u00e4re. Nachstehend informieren wir Sie deshalb \u00fcber die Erhebung und Verwendung pers\u00f6nlicher Daten bei Nutzung unserer Webseite.<\/p>\n<h3>Anonyme Datenerhebung bei der Nutzung unserer Website<\/h3>\n<p>Sie k\u00f6nnen unsere Webseiten besuchen, ohne Angaben zu Ihrer Person zu machen. Wir speichern in diesem Zusammenhang keinerlei pers\u00f6nliche Daten. Es werden durch den auf Ihrem Endger\u00e4t zum Einsatz kommenden Browser automatisch Informationen an den Server unsere Website \u00fcbertragen. Diese Informationen werden tempor\u00e4r in einem sogenannten Logfile gespeichert.<\/p>\n<p><strong>Dabei handelt es sich um folgende Daten:<\/strong><\/p>\n<ul>\n<li>IP-Adresse des anfragenden Rechners<\/li>\n<li>Datum und Uhrzeit des Zugriffs<\/li>\n<li>Name und URL der abgerufenen Datei<\/li>\n<li>Website, von der aus der Zugriff erfolgt<\/li>\n<li>verwendeter Browser<\/li>\n<li>Betriebssystem Ihres Ger\u00e4tes<\/li>\n<li>Name des Access-Providers<\/li>\n<\/ul>\n<p><strong>Diese Daten sind aus folgenden Gr\u00fcnden notwendig:<\/strong><\/p>\n<ul>\n<li>um einen reibungslosen Verbindungsaufbau und eine komfortable Nutzung zu gew\u00e4hrleisten<\/li>\n<li>sowie zur Analyse der Systemstabilit\u00e4t und -sicherheit der Website.<\/li>\n<\/ul>\n<p>Um unser Angebot und das Nutzererlebnis zu verbessern, werten wir lediglich statistische Daten aus, die keinen R\u00fcckschluss auf Ihre Person erlauben.<\/p>\n<p>Die Rechtsgrundlage bildet Art. 6 Abs. 1 S. 1 lit. f DSGVO. Unser berechtigtes Interesse entsteht aus den oben genannten Gr\u00fcnden.<\/p>\n<h3>Erhebung und Verarbeitung bei Nutzung der Kontaktfunktion<\/h3>\n<p>Bei Nutzung der Kontaktfunktion erhalten wir personenbezogene Daten (Einzelangaben \u00fcber pers\u00f6nliche oder sachliche Verh\u00e4ltnisse einer bestimmten oder bestimmbaren nat\u00fcrlichen Person) nur in dem von Ihnen zur Verf\u00fcgung gestellten Umfang. Ihre Angaben sowie Ihre E-Mail-Adresse nutzen wir nur zur Bearbeitung Ihrer Anfrage. Ihre Daten werden im Zuge der Bearbeitung Ihres Anliegens archiviert.<\/p>\n<h3>Erhebung, Verarbeitung und Nutzung personenbezogener Daten<\/h3>\n<p>Wir erheben personenbezogene Daten (Einzelangaben \u00fcber pers\u00f6nliche oder sachliche Verh\u00e4ltnisse einer bestimmten oder bestimmbaren nat\u00fcrlichen Person) nur in dem von Ihnen zur Verf\u00fcgung gestellten Umfang.<\/p>\n<p>Die Verarbeitung und Nutzung Ihrer personenbezogenen Daten erfolgt zur Erf\u00fcllung und Abwicklung Ihrer Bestellung sowie zur Bearbeitung Ihrer Anfragen nach Art. 6 Abs. 1 S. 1 lit. a DSGVO.<\/p>\n<p>Nach vollst\u00e4ndiger Vertragsabwicklung werden alle personenbezogenen Daten zun\u00e4chst unter Ber\u00fccksichtigung steuer- und handelsrechtlicher Aufbewahrungsfristen gespeichert und dann nach Fristablauf gel\u00f6scht, sofern Sie der weitergehenden Verarbeitung und Nutzung nicht zugestimmt haben.<\/p>\n<h3>Weitergabe personenbezogener Daten<\/h3>\n<p><strong>Eine Weitergabe Ihrer Daten an Dritte zu anderen als den nachfolgend aufgef\u00fchrten Zwecken erfolgt nicht.<\/strong><\/p>\n<p>Eine Weitergabe Ihrer pers\u00f6nlichen Daten erfolgt nur<\/p>\n<ul>\n<li>bei ausdr\u00fccklicher Erteilung der Genehmigung nach Art. 6 Abs. 1 S. 1 lit. a DSGVO<\/li>\n<li>zur Geltendmachung, Aus\u00fcbung oder Verteidigung von Rechtsanspr\u00fcchen, sofern kein Grund zur Annahme besteht, dass ein \u00fcberwiegend schutzw\u00fcrdiges Interesse an der Nichtweitergabe Ihrer pers\u00f6nlichen Daten besteht (Art. 6 Abs. 1 S. 1 lit. f DSGVO).<\/li>\n<li>sofern eine gesetzliche Verpflichtung nach Art. 6 Abs. 1 S. 1 lit. c DSGVO besteht<\/li>\n<li>falls gesetzlich zul\u00e4ssig und f\u00fcr die Abwicklung von Vertragsverh\u00e4ltnissen erforderlich (Art. 6 Abs. 1 S. 1 lit. b DSGVO)<\/li>\n<\/ul>\n<p>Der Umfang der Daten\u00fcbermittlung beschr\u00e4nkt sich dabei auf ein Mindestma\u00df.<\/p>\n<h3>Cookies<\/h3>\n<p>Unsere Internetseiten verwenden an mehreren Stellen so genannte Cookies. Cookies sind kleine Textdateien, die auf Ihrem Rechner abgelegt werden und die Ihr Browser speichert. Sie dienen dazu, unser Angebot nutzerfreundlicher, effektiver und sicherer zu machen. Des Weiteren erm\u00f6glichen Cookies unseren Systemen, Ihren Browser zu erkennen und Ihnen Services anzubieten. Cookies enthalten keine personenbezogenen Daten.<\/p>\n<h3>Nutzung von Google Analytics<\/h3>\n<p>Diese Website benutzt Google Analytics, einen Webanalysedienst der Google Inc. (&#8220;Google&#8221;). Google Analytics verwendet sog. &#8220;Cookies&#8221;, Textdateien, die auf Ihrem Computer gespeichert werden und die eine Analyse der Benutzung der Website durch Sie erm\u00f6glichen. Die durch den Cookie erzeugten Informationen \u00fcber Ihre Benutzung dieser Website werden in der Regel an einen Server von Google in den USA \u00fcbertragen und dort gespeichert. Im Falle der Aktivierung der IP-Anonymisierung auf dieser Webseite, wird Ihre IP-Adresse von Google jedoch innerhalb von Mitgliedstaaten der Europ\u00e4ischen Union oder in anderen Vertragsstaaten des Abkommens \u00fcber den Europ\u00e4ischen Wirtschaftsraum zuvor gek\u00fcrzt. Nur in Ausnahmef\u00e4llen wird die volle IP-Adresse an einen Server von Google in den USA \u00fcbertragen und dort gek\u00fcrzt. Im Auftrag des Betreibers dieser Website wird Google diese Informationen benutzen, um Ihre Nutzung der Website auszuwerten, um Reports \u00fcber die Websiteaktivit\u00e4ten zusammenzustellen und um weitere mit der Websitenutzung und der Internetnutzung verbundene Dienstleistungen gegen\u00fcber dem Websitebetreiber zu erbringen. Die im Rahmen von Google Analytics von Ihrem Browser \u00fcbermittelte IP-Adresse wird nicht mit anderen Daten von Google zusammengef\u00fchrt. Sie k\u00f6nnen die Speicherung der Cookies durch eine entsprechende Einstellung Ihrer Browser-Software verhindern; wir weisen Sie jedoch darauf hin, dass Sie in diesem Fall gegebenenfalls nicht s\u00e4mtliche Funktionen dieser Website vollumf\u00e4nglich werden nutzen k\u00f6nnen. Sie k\u00f6nnen dar\u00fcber hinaus die Erfassung der durch das Cookie erzeugten und auf Ihre Nutzung der Website bezogenen Daten (inkl. Ihrer IP-Adresse) an Google sowie die Verarbeitung dieser Daten durch Google verhindern, indem sie das unter dem folgenden Link verf\u00fcgbare Browser-Plugin herunterladen und installieren\u00a0<a href=\"http:\/\/tools.google.com\/dlpage\/gaoptout?hl=de\">http:\/\/tools.google.com\/dlpage\/gaoptout?hl=de<\/a>.<\/p>\n<h3>Betroffenenrechte<\/h3>\n<p>Folgende Rechte stehen Ihnen auf Verlangen zu:<\/p>\n<ul>\n<li>Auskunft \u00fcber Ihre von uns verarbeiteten personenbezogenen Daten (Art. 15 DSGVO). Insbesondere k\u00f6nnen Sie Auskunft \u00fcber die Verarbeitungszwecke, die Kategorie der personenbezogenen Daten, die Kategorien von Empf\u00e4ngern, gegen\u00fcber denen Ihre Daten offengelegt wurden oder werden, die geplante Speicherdauer, das Bestehen eines Rechts auf Berichtigung, L\u00f6schung, Einschr\u00e4nkung der Verarbeitung oder Widerspruch, das Bestehen eines Beschwerderechts, die Herkunft ihrer Daten, sofern diese nicht bei uns erhoben wurden, sowie \u00fcber das Bestehen einer automatisierten Entscheidungsfindung einschlie\u00dflich Profiling und ggf. aussagekr\u00e4ftigen Informationen zu deren Einzelheiten verlangen<\/li>\n<li>Unverz\u00fcgliche Berichtigung unrichtiger oder Vervollst\u00e4ndigung Ihrer bei uns gespeicherten personenbezogenen Daten (Art. 16 DSGVO)<\/li>\n<li>L\u00f6schung Ihrer bei uns gespeicherten personenbezogenen Daten, soweit nicht die Verarbeitung zur Aus\u00fcbung des Rechts auf freie Meinungs\u00e4u\u00dferung und Information, zur Erf\u00fcllung einer rechtlichen Verpflichtung, aus Gr\u00fcnden des \u00f6ffentlichen Interesses oder zur Geltendmachung, Aus\u00fcbung oder Verteidigung von Rechtsanspr\u00fcchen erforderlich ist (Art. 17 DSGVO)<\/li>\n<li>Einschr\u00e4nkung der Verarbeitung Ihrer personenbezogenen Daten, soweit die Richtigkeit der Daten von Ihnen bestritten wird, die Verarbeitung unrechtm\u00e4\u00dfig ist, Sie aber deren L\u00f6schung ablehnen und wir die Daten nicht mehr ben\u00f6tigen, Sie jedoch diese zur Geltendmachung, Aus\u00fcbung oder Verteidigung von Rechtsanspr\u00fcchen ben\u00f6tigen oder Sie gem\u00e4\u00df Art. 21 DSGVO Widerspruch gegen die Verarbeitung eingelegt haben (Art. 18 DSGVO)<\/li>\n<li>Herausgabe Ihrer personenbezogenen Daten, die Sie uns bereitgestellt haben. Diese erfolgt in einem strukturierten, g\u00e4ngigen und maschinenlesebaren Format entweder an Sie selbst oder an einen anderen Verantwortlichen (Art. 20 DSGVO)<\/li>\n<li>Zu jedem Zeitpunkt Widerruf Ihrer einmal erteilten Einwilligung uns gegen\u00fcber. Dies hat zur Folge, dass wir die Datenverarbeitung, die auf dieser Einwilligung beruhte, f\u00fcr die Zukunft nicht mehr fortf\u00fchren d\u00fcrfen (Art. 7 Abs. 3 DSGVO)<\/li>\n<li>Beschwerde bei einer Aufsichtsbeh\u00f6rde gem\u00e4\u00df Art. 77 DSGVO. In der Regel k\u00f6nnen Sie sich hierf\u00fcr an die Aufsichtsbeh\u00f6rde Ihres \u00fcblichen Aufenthaltsortes, Arbeitsplatzes oder unseres Firmensitzes wenden.<\/li>\n<\/ul>\n<p>Kontaktieren Sie uns auf Wunsch. Die Kontaktdaten finden Sie in unserem\u00a0<a href=\"\/impressum\">Impressum<\/a>.<\/p>\n<h3>Datensicherheit<\/h3>\n<p>Auf unserer Website kommt das Secure-Socket-Layer (SSL) Verfahren zum Einsatz. Die Verschl\u00fcsselungsstufe wird dabei von Ihrem Browser vorgegeben (in der Regel eine 256 Bit Verschl\u00fcsselung). Am Schl\u00fcssel-, Schloss- oder \u00e4hnlichen Symbolen in der Adresszeile Ihres Browsers erkennen Sie, ob eine Seite verschl\u00fcsselt \u00fcbertragen wird.<\/p>\n<p>Des weiteren ergreifen wir geeignete technische und organisatorische Sicherheitsma\u00dfnahmen, um Ihre Daten gegen zuf\u00e4llige oder vors\u00e4tzliche Manipulation, teilweisen oder vollst\u00e4ndigen Verlust, Zerst\u00f6rung oder unbefugten Zugriff Dritter zu sch\u00fctzen. Entsprechend der technologischen Entwicklung optimieren wir unsere Sicherheitsma\u00dfnahmen fortlaufend.<\/p>\n<h3>Widerspruchsrecht<\/h3>\n<p>Sie haben gem\u00e4\u00df Art. 21 DSGVO das Recht, Widerspruch gegen die Verarbeitung Ihrer personenbezogenen Daten, die auf Grundlage von berechtigten Interessen gem\u00e4\u00df Art. 6 Abs. 1 S. 1 lit. f DSGVO verarbeitet werden, soweit daf\u00fcr Gr\u00fcnde vorliegen, die sich aus Ihrer besonderen Situation ergeben oder sich der Widerspruch gegen Direktwerbung richtet. In diesem Fall besteht ein generelles Widerspruchsrecht, das ohne Angabe einer besonderen Situation von uns umgesetzt wird.<\/p>\n<h3>\u00c4nderung unserer Datenschutzbestimmungen<\/h3>\n<p>Wir behalten uns vor, diese Datenschutzerkl\u00e4rung gelegentlich anzupassen, damit sie stets den aktuellen rechtlichen Anforderungen entspricht oder um \u00c4nderungen unserer Leistungen in der Datenschutzerkl\u00e4rung umzusetzen, z.B. bei der Einf\u00fchrung neuer Services. F\u00fcr Ihren erneuten Besuch gilt dann die neue Datenschutzerkl\u00e4rung.<\/p>\n<p>[\/et_pb_text][\/et_pb_column][et_pb_column type=&#8221;1_4&#8243; _builder_version=&#8221;4.19.5&#8243; _module_preset=&#8221;default&#8221; global_colors_info=&#8221;{}&#8221;][\/et_pb_column][\/et_pb_row][et_pb_row column_structure=&#8221;3_4,1_4&#8243; _builder_version=&#8221;4.20.0&#8243; _module_preset=&#8221;default&#8221; global_colors_info=&#8221;{}&#8221; locked=&#8221;off&#8221;][et_pb_column type=&#8221;3_4&#8243; _builder_version=&#8221;4.20.0&#8243; _module_preset=&#8221;default&#8221; global_colors_info=&#8221;{}&#8221;][et_pb_divider _builder_version=&#8221;4.20.0&#8243; _module_preset=&#8221;default&#8221; global_colors_info=&#8221;{}&#8221;][\/et_pb_divider][\/et_pb_column][et_pb_column type=&#8221;1_4&#8243; _builder_version=&#8221;4.20.0&#8243; _module_preset=&#8221;default&#8221; global_colors_info=&#8221;{}&#8221;][et_pb_button button_url=&#8221;#page-container&#8221; button_text=&#8221;Nach oben zur Auswahl&#8221; _builder_version=&#8221;4.20.0&#8243; _module_preset=&#8221;default&#8221; global_colors_info=&#8221;{}&#8221;][\/et_pb_button][\/et_pb_column][\/et_pb_row][\/et_pb_section]<\/p>\n","protected":false},"excerpt":{"rendered":"<p>Datenschutz Wir legen gr\u00f6\u00dften Wert auf den Schutz Ihrer Daten und die Wahrung Ihrer Privatsph\u00e4re. Nachstehend informieren wir Sie deshalb \u00fcber die Erhebung und Verwendung pers\u00f6nlicher Daten bei Nutzung unserer Webseite. Anonyme Datenerhebung bei der Nutzung unserer Website Sie k\u00f6nnen unsere Webseiten besuchen, ohne Angaben zu Ihrer Person zu machen. Wir speichern in diesem Zusammenhang [&hellip;]<\/p>\n","protected":false},"author":1,"featured_media":0,"parent":0,"menu_order":0,"comment_status":"closed","ping_status":"closed","template":"","meta":{"_et_pb_use_builder":"on","_et_pb_old_content":"","_et_gb_content_width":"","footnotes":""},"class_list":["post-197","page","type-page","status-publish","hentry"],"_links":{"self":[{"href":"http:\/\/www.gawc-munich.de\/de_de\/wp-json\/wp\/v2\/pages\/197","targetHints":{"allow":["GET"]}}],"collection":[{"href":"http:\/\/www.gawc-munich.de\/de_de\/wp-json\/wp\/v2\/pages"}],"about":[{"href":"http:\/\/www.gawc-munich.de\/de_de\/wp-json\/wp\/v2\/types\/page"}],"author":[{"embeddable":true,"href":"http:\/\/www.gawc-munich.de\/de_de\/wp-json\/wp\/v2\/users\/1"}],"replies":[{"embeddable":true,"href":"http:\/\/www.gawc-munich.de\/de_de\/wp-json\/wp\/v2\/comments?post=197"}],"version-history":[{"count":0,"href":"http:\/\/www.gawc-munich.de\/de_de\/wp-json\/wp\/v2\/pages\/197\/revisions"}],"wp:attachment":[{"href":"http:\/\/www.gawc-munich.de\/de_de\/wp-json\/wp\/v2\/media?parent=197"}],"curies":[{"name":"wp","href":"https:\/\/api.w.org\/{rel}","templated":true}]}}