{"id":10,"date":"2023-02-06T19:11:15","date_gmt":"2023-02-06T19:11:15","guid":{"rendered":"https:\/\/www.gawc-munich.de\/?page_id=10"},"modified":"2025-10-13T08:13:44","modified_gmt":"2025-10-13T08:13:44","slug":"deutsch-amerikanischer-frauenclub-muenchen-e-v","status":"publish","type":"page","link":"http:\/\/www.gawc-munich.de\/en\/","title":{"rendered":"aa_Deutsch-Amerikanischer Frauenclub M\u00fcnchen e.V."},"content":{"rendered":"<p>[et_pb_section fb_built=&#8220;1&#8243; fullwidth=&#8220;on&#8220; disabled_on=&#8220;on|off|off&#8220; admin_label=&#8220;Sektion tablet desktop&#8220; _builder_version=&#8220;4.20.4&#8243; _module_preset=&#8220;default&#8220; locked=&#8220;on&#8220; collapsed=&#8220;on&#8220; global_colors_info=&#8220;{}&#8220;][et_pb_fullwidth_code disabled_on=&#8220;on|off|off&#8220; _builder_version=&#8220;4.20.4&#8243; _module_preset=&#8220;default&#8220; global_colors_info=&#8220;{}&#8220;]<\/p>\n<style><!-- [et_pb_line_break_holder] -->  .topu_img_for_links { position: relative; width:100%;max-width: 100%;height: auto;}<!-- [et_pb_line_break_holder] -->  .topu_img_links {<!-- [et_pb_line_break_holder] -->    display:block;<!-- [et_pb_line_break_holder] -->    position: absolute;<!-- [et_pb_line_break_holder] -->    width:13.13%;<!-- [et_pb_line_break_holder] -->    height:35.00%;<!-- [et_pb_line_break_holder] -->    border:0px solid #f00;<!-- [et_pb_line_break_holder] -->    -webkit-border-radius: 50%;<!-- [et_pb_line_break_holder] -->\t\t-moz-border-radius: 50%;<!-- [et_pb_line_break_holder] -->\t\tborder-radius: 50%;<!-- [et_pb_line_break_holder] -->  }<!-- [et_pb_line_break_holder] -->  #topu_link_area_1 {top:26.88%; left:18.67%;}<!-- [et_pb_line_break_holder] -->  #topu_link_area_2 {top:15.00%; left:34.53%;}<!-- [et_pb_line_break_holder] -->  #topu_link_area_3 {top:26.88%; left:50.47%;}<!-- [et_pb_line_break_holder] -->  #topu_link_area_4 {top:15.00%; left:66.33%;}<!-- [et_pb_line_break_holder] -->  .topu_link_in_img {width:100%;height:100%;}<!-- [et_pb_line_break_holder] --><\/style>\n<p><!-- [et_pb_line_break_holder] --><!-- [et_pb_line_break_holder] --><img decoding=\"async\" src=\"\/wp-content\/uploads\/2023\/04\/DAFC-Home-1280x480-komp2.jpg\" class=\"topu_img_for_links\"><!-- [et_pb_line_break_holder] --><a id=\"topu_link_area_1\" class=\"topu_img_links\" href=\"\/silbertee\">\u00a0<\/a><!-- [et_pb_line_break_holder] --><a id=\"topu_link_area_2\" class=\"topu_img_links\" href=\"\/vor-ort\">\u00a0<\/a><!-- [et_pb_line_break_holder] --><a id=\"topu_link_area_3\" class=\"topu_img_links\" href=\"\/jugendprogramm\">\u00a0<\/a><!-- [et_pb_line_break_holder] --><a id=\"topu_link_area_4\" class=\"topu_img_links\" href=\"\/mitgliedertreffen\">\u00a0<\/a><!-- [et_pb_line_break_holder] --><!-- [et_pb_line_break_holder] --><!-- [et_pb_line_break_holder] --><!-- [et_pb_line_break_holder] -->[\/et_pb_fullwidth_code][\/et_pb_section][et_pb_section fb_built=&#8220;1&#8243; fullwidth=&#8220;on&#8220; disabled_on=&#8220;off|on|on&#8220; admin_label=&#8220;Sektion mobile&#8220; _builder_version=&#8220;4.20.4&#8243; _module_preset=&#8220;default&#8220; locked=&#8220;on&#8220; collapsed=&#8220;on&#8220; global_colors_info=&#8220;{}&#8220;][et_pb_fullwidth_image src=&#8220;https:\/\/www.gawc-munich.de\/wp-content\/uploads\/2023\/05\/DAFC-Mobile-Version-Home-680&#215;520-1.jpg&#8220; title_text=&#8220;DAFC-Mobile-Version-Home-680&#215;520&#8243; _builder_version=&#8220;4.20.4&#8243; _module_preset=&#8220;default&#8220; global_colors_info=&#8220;{}&#8220;][\/et_pb_fullwidth_image][et_pb_fullwidth_code disabled_on=&#8220;on|on|on&#8220; _builder_version=&#8220;4.20.4&#8243; _module_preset=&#8220;default&#8220; disabled=&#8220;on&#8220; global_colors_info=&#8220;{}&#8220;]<\/p>\n<style><!-- [et_pb_line_break_holder] -->  .topu_img_for_links { position: relative; width:100%;max-width: 100%;height: auto;}<!-- [et_pb_line_break_holder] -->  .topu_img_links {<!-- [et_pb_line_break_holder] -->    display:block;<!-- [et_pb_line_break_holder] -->    position: absolute;<!-- [et_pb_line_break_holder] -->    width:13.13%;<!-- [et_pb_line_break_holder] -->    height:35.00%;<!-- [et_pb_line_break_holder] -->    border:0px solid #f00;<!-- [et_pb_line_break_holder] -->    -webkit-border-radius: 50%;<!-- [et_pb_line_break_holder] -->\t\t-moz-border-radius: 50%;<!-- [et_pb_line_break_holder] -->\t\tborder-radius: 50%;<!-- [et_pb_line_break_holder] -->  }<!-- [et_pb_line_break_holder] -->  #topu_link_area_1 {top:26.88%; left:18.67%;}<!-- [et_pb_line_break_holder] -->  #topu_link_area_2 {top:15.00%; left:34.53%;}<!-- [et_pb_line_break_holder] -->  #topu_link_area_3 {top:26.88%; left:50.47%;}<!-- [et_pb_line_break_holder] -->  #topu_link_area_4 {top:15.00%; left:66.33%;}<!-- [et_pb_line_break_holder] -->  .topu_link_in_img {width:100%;height:100%;}<!-- [et_pb_line_break_holder] --><\/style>\n<p><!-- [et_pb_line_break_holder] --><!-- [et_pb_line_break_holder] --><img decoding=\"async\" src=\"\/wp-content\/uploads\/2023\/04\/DAFC-Mobile-Version-Home-680x520-1.jpg\" class=\"topu_img_for_links\"><!-- [et_pb_line_break_holder] --><a id=\"topu_link_area_1\" class=\"topu_img_links\" href=\"\/silbertee\">\u00a0<\/a><!-- [et_pb_line_break_holder] --><a id=\"topu_link_area_2\" class=\"topu_img_links\" href=\"\/vor-ort\">\u00a0<\/a><!-- [et_pb_line_break_holder] --><a id=\"topu_link_area_3\" class=\"topu_img_links\" href=\"\/jugendprogramm\">\u00a0<\/a><!-- [et_pb_line_break_holder] --><a id=\"topu_link_area_4\" class=\"topu_img_links\" href=\"\/mitgliedertreffen\">\u00a0<\/a><!-- [et_pb_line_break_holder] --><!-- [et_pb_line_break_holder] --><!-- [et_pb_line_break_holder] --><!-- [et_pb_line_break_holder] -->[\/et_pb_fullwidth_code][\/et_pb_section][et_pb_section fb_built=&#8220;1&#8243; module_id=&#8220;topu_content&#8220; module_class=&#8220;dafc_big_text&#8220; _builder_version=&#8220;4.20.4&#8243; _module_preset=&#8220;default&#8220; custom_margin_tablet=&#8220;-170px||||false|false&#8220; custom_margin_phone=&#8220;-70px||||false|false&#8220; custom_margin_last_edited=&#8220;on|phone&#8220; global_colors_info=&#8220;{}&#8220;][et_pb_row _builder_version=&#8220;4.20.4&#8243; _module_preset=&#8220;default&#8220; collapsed=&#8220;off&#8220; global_colors_info=&#8220;{}&#8220;][et_pb_column type=&#8220;4_4&#8243; _builder_version=&#8220;4.19.5&#8243; _module_preset=&#8220;default&#8220; global_colors_info=&#8220;{}&#8220;][et_pb_text admin_label=&#8220;Text: Main&#8220; _builder_version=&#8220;4.27.4&#8243; _module_preset=&#8220;default&#8220; header_font=&#8220;|700|||||||&#8220; header_text_color=&#8220;rgba(61,65,134,0.84)&#8220; header_font_size=&#8220;32px&#8220; header_line_height=&#8220;1.2em&#8220; global_colors_info=&#8220;{}&#8220;]<\/p>\n<h1>Herzlich willkommen!<\/h1>\n<p>Wir sind der Deutsch-Amerikanische Frauenclub M\u00fcnchen, der 1948 von M\u00fcnchnerinnen, amerikanischen Offiziersfrauen und I.K.H. Prinzessin Pilar von Bayern initiiert wurde. Erm\u00f6glicht wurde dies nach der Lockerung des &#8222;Non-Fraternization Laws&#8220; durch General Lucius D. Clay, Milit\u00e4rgouverneur der US-Besatzungszone in Deutschland. Der Club wurde\u00a0 zu einem Ort der Begegnung von deutschen und amerikanischen Frauen und f\u00f6rderte so das gegenseitige Verst\u00e4ndnis.<\/p>\n<p>Damals wurde mit \u00e4hnlichen Clubs in vielen westdeutschen St\u00e4dten der Grundstein gelegt f\u00fcr die deutsch-amerikanische Freundschaft.<\/p>\n<p>Es ist seitdem ein besonderes Anliegen unseres Clubs, diese Freundschaft weiter zu entwickeln. Wir f\u00f6rdern deshalb das Deutsch-Amerikanische Studentenaustausch- &amp; Jugendprogramm, \u00fcbrigens das einzige in Deutschland, das sich nur aus privaten Mitteln finanziert. Dadurch erm\u00f6glichen wir Studenten ein einj\u00e4hriges Studium im jeweiligen Gastland. Deutsche und amerikanische Jugendliche lernen sich in Seminaren sowie Bildungs- und Begegnungsreisen in die USA kennen.<\/p>\n<p>Gleicherma\u00dfen f\u00fchren wir unsere lange Tradition der Wohlt\u00e4tigkeit fort. Wir unterst\u00fctzen zurzeit 11 karitative Einrichtungen im Raum M\u00fcnchen. Unser Club organisiert j\u00e4hrlich drei Benefizveranstaltungen, seit 1949 im November den Silbertee im Kaisersaal der Residenz und seit 1951 im Fasching den Magnolienball im Bayerischen Hof. 2021 kam im September das Inklusions-Golfturnier dazu. Alle Spenden kommen unseren Projekten zugute.<\/p>\n<p>Die rund 170 Mitglieder unseres Clubs treffen sich bei monatlichen Meetings mit Programm sowie in verschiedenen Interessengruppen und engagieren sich ehrenamtlich in vielf\u00e4ltiger Weise f\u00fcr unseren Club.<\/p>\n<p>Ehrenmitglieder unseres Clubs sind die Gattin des gegenw\u00e4rtigen US-Generalkonsuls in M\u00fcnchen, die Ehefrau des jeweiligen amtierenden Bayerischen Ministerpr\u00e4sidenten und des M\u00fcnchner Oberb\u00fcrgermeisters, sowie I.K.H. Prinzessin Ursula von Bayern und Frau Karin Stoiber.<\/p>\n<p>2023 blickten wir auf 75 Jahre Clubgeschichte zur\u00fcck (1948-2023).<\/p>\n<p>Hier finden Sie unseren Flyer:\u00a0<a href=\"\/de_de\/historie\/download\"><strong>gawc munich flyer<\/strong><\/a><\/p>\n<p>Presseanfragen richten Sie bitte an Dr. Karin Behringer\u00a0<a href=\"mailto:presse@gawc-munich.de\"><strong>presse@gawc-munich.de<\/strong><\/a><\/p>\n<p>Wir freuen uns \u00fcber Ihr Interesse an unserem Club!<\/p>\n<p>Neue Mitglieder sind herzlich willkommen!<\/p>\n<p>&nbsp;<\/p>\n<p>Der Vorstand<\/p>\n<p>Andrea Hellmann, Pr\u00e4sidentin<br \/>Dr. Monika Deuerlein, Vizepr\u00e4sidentin<br \/>Angelika Uthoff, Schatzmeisterin<\/p>\n<p>&nbsp;<\/p>\n<p>[\/et_pb_text][\/et_pb_column][\/et_pb_row][et_pb_row column_structure=&#8220;1_4,1_4,1_4,1_4&#8243; _builder_version=&#8220;4.20.0&#8243; _module_preset=&#8220;default&#8220; collapsed=&#8220;off&#8220; global_colors_info=&#8220;{}&#8220;][et_pb_column type=&#8220;1_4&#8243; _builder_version=&#8220;4.20.0&#8243; _module_preset=&#8220;default&#8220; global_colors_info=&#8220;{}&#8220;][et_pb_image src=&#8220;https:\/\/www.gawc-munich.de\/wp-content\/uploads\/2024\/07\/352-event-75-Jahre-womans-club&#8211;scaled.jpg&#8220; title_text=&#8220;352 event 75 Jahre womans club&#8220; _builder_version=&#8220;4.26.0&#8243; _module_preset=&#8220;default&#8220; global_colors_info=&#8220;{}&#8220;][\/et_pb_image][et_pb_text admin_label=&#8220;Text Bildunterschrift&#8220; module_class=&#8220;dafc_bildtext&#8220; _builder_version=&#8220;4.27.4&#8243; _module_preset=&#8220;default&#8220; global_colors_info=&#8220;{}&#8220;]<\/p>\n<p>Vorstand 2025-2026<\/p>\n<p>[\/et_pb_text][\/et_pb_column][et_pb_column type=&#8220;1_4&#8243; _builder_version=&#8220;4.20.0&#8243; _module_preset=&#8220;default&#8220; global_colors_info=&#8220;{}&#8220;][et_pb_image src=&#8220;https:\/\/www.gawc-munich.de\/wp-content\/uploads\/2025\/10\/IMG_9930.jpeg&#8220; title_text=&#8220;IMG_9930&#8243; force_fullwidth=&#8220;on&#8220; _builder_version=&#8220;4.27.4&#8243; _module_preset=&#8220;default&#8220; hover_enabled=&#8220;0&#8243; global_colors_info=&#8220;{}&#8220; sticky_enabled=&#8220;0&#8243;][\/et_pb_image][\/et_pb_column][et_pb_column type=&#8220;1_4&#8243; _builder_version=&#8220;4.20.0&#8243; _module_preset=&#8220;default&#8220; global_colors_info=&#8220;{}&#8220;][et_pb_image src=&#8220;https:\/\/www.gawc-munich.de\/wp-content\/uploads\/2024\/07\/Angelika.jpg&#8220; title_text=&#8220;Angelika&#8220; force_fullwidth=&#8220;on&#8220; _builder_version=&#8220;4.26.0&#8243; _module_preset=&#8220;default&#8220; global_colors_info=&#8220;{}&#8220;][\/et_pb_image][\/et_pb_column][et_pb_column type=&#8220;1_4&#8243; _builder_version=&#8220;4.20.0&#8243; _module_preset=&#8220;default&#8220; global_colors_info=&#8220;{}&#8220;][\/et_pb_column][\/et_pb_row][et_pb_row column_structure=&#8220;3_4,1_4&#8243; admin_label=&#8220;Zeile %22nach oben%22&#8243; _builder_version=&#8220;4.21.0&#8243; _module_preset=&#8220;default&#8220; locked=&#8220;on&#8220; collapsed=&#8220;on&#8220; global_colors_info=&#8220;{}&#8220;][et_pb_column type=&#8220;3_4&#8243; _builder_version=&#8220;4.20.0&#8243; _module_preset=&#8220;default&#8220; global_colors_info=&#8220;{}&#8220;][et_pb_divider _builder_version=&#8220;4.20.0&#8243; _module_preset=&#8220;default&#8220; global_colors_info=&#8220;{}&#8220;][\/et_pb_divider][\/et_pb_column][et_pb_column type=&#8220;1_4&#8243; _builder_version=&#8220;4.20.0&#8243; _module_preset=&#8220;default&#8220; global_colors_info=&#8220;{}&#8220;][et_pb_button button_url=&#8220;#page-container&#8220; button_text=&#8220;Nach oben zur Auswahl&#8220; _builder_version=&#8220;4.20.0&#8243; _module_preset=&#8220;default&#8220; global_colors_info=&#8220;{}&#8220;][\/et_pb_button][\/et_pb_column][\/et_pb_row][\/et_pb_section]<\/p>\n","protected":false},"excerpt":{"rendered":"<p>Herzlich willkommen! Wir sind der Deutsch-Amerikanische Frauenclub M\u00fcnchen, der 1948 von M\u00fcnchnerinnen, amerikanischen Offiziersfrauen und I.K.H. Prinzessin Pilar von Bayern initiiert wurde. Erm\u00f6glicht wurde dies nach der Lockerung des &#8222;Non-Fraternization Laws&#8220; durch General Lucius D. Clay, Milit\u00e4rgouverneur der US-Besatzungszone in Deutschland. Der Club wurde\u00a0 zu einem Ort der Begegnung von deutschen und amerikanischen Frauen und [&hellip;]<\/p>\n","protected":false},"author":1,"featured_media":0,"parent":0,"menu_order":0,"comment_status":"closed","ping_status":"closed","template":"","meta":{"_et_pb_use_builder":"on","_et_pb_old_content":"","_et_gb_content_width":"","footnotes":""},"class_list":["post-10","page","type-page","status-publish","hentry"],"_links":{"self":[{"href":"http:\/\/www.gawc-munich.de\/en\/wp-json\/wp\/v2\/pages\/10","targetHints":{"allow":["GET"]}}],"collection":[{"href":"http:\/\/www.gawc-munich.de\/en\/wp-json\/wp\/v2\/pages"}],"about":[{"href":"http:\/\/www.gawc-munich.de\/en\/wp-json\/wp\/v2\/types\/page"}],"author":[{"embeddable":true,"href":"http:\/\/www.gawc-munich.de\/en\/wp-json\/wp\/v2\/users\/1"}],"replies":[{"embeddable":true,"href":"http:\/\/www.gawc-munich.de\/en\/wp-json\/wp\/v2\/comments?post=10"}],"version-history":[{"count":5,"href":"http:\/\/www.gawc-munich.de\/en\/wp-json\/wp\/v2\/pages\/10\/revisions"}],"predecessor-version":[{"id":5474,"href":"http:\/\/www.gawc-munich.de\/en\/wp-json\/wp\/v2\/pages\/10\/revisions\/5474"}],"wp:attachment":[{"href":"http:\/\/www.gawc-munich.de\/en\/wp-json\/wp\/v2\/media?parent=10"}],"curies":[{"name":"wp","href":"https:\/\/api.w.org\/{rel}","templated":true}]}}