{"id":1305,"date":"2023-04-18T03:53:38","date_gmt":"2023-04-18T03:53:38","guid":{"rendered":"https:\/\/www.gawc-munich.de\/vor-ort-copy"},"modified":"2025-10-21T12:23:49","modified_gmt":"2025-10-21T12:23:49","slug":"spenden","status":"publish","type":"page","link":"http:\/\/www.gawc-munich.de\/en\/vor-ort\/spenden","title":{"rendered":"Wohlt\u00e4tigkeit \u2013 B: Spenden"},"content":{"rendered":"<p>[et_pb_section fb_built=&#8220;1&#8243; fullwidth=&#8220;on&#8220; _builder_version=&#8220;4.20.4&#8243; _module_preset=&#8220;default&#8220; locked=&#8220;on&#8220; collapsed=&#8220;on&#8220; global_colors_info=&#8220;{}&#8220;][et_pb_fullwidth_image src=&#8220;https:\/\/www.gawc-munich.de\/wp-content\/uploads\/2023\/04\/DAFC-Wohltaetigkeit-1280&#215;480-1.jpg&#8220; title_text=&#8220;DAFC-Mobile-Version-Wohltaetigkeit-n-680&#215;520&#8243; src_tablet=&#8220;https:\/\/www.gawc-munich.de\/wp-content\/uploads\/2023\/04\/DAFC-Wohltaetigkeit-1280&#215;480-1.jpg&#8220; src_phone=&#8220;https:\/\/www.gawc-munich.de\/wp-content\/uploads\/2023\/05\/DAFC-Mobile-Version-Wohltaetigkeit-n-680&#215;520-1.jpg&#8220; src_last_edited=&#8220;on|phone&#8220; _builder_version=&#8220;4.20.4&#8243; _module_preset=&#8220;default&#8220; global_colors_info=&#8220;{}&#8220;][\/et_pb_fullwidth_image][\/et_pb_section][et_pb_section fb_built=&#8220;1&#8243; admin_label=&#8220;Sektion HL %22Wohlt\u00e4tigkeit%22 in Aufmacherbild&#8220; _builder_version=&#8220;4.20.4&#8243; _module_preset=&#8220;default&#8220; custom_margin=&#8220;-22vw||6vw||false|false&#8220; custom_margin_tablet=&#8220;-22vw||6vw||false|false&#8220; custom_margin_phone=&#8220;-62vw||||false|false&#8220; custom_margin_last_edited=&#8220;on|phone&#8220; custom_padding=&#8220;0px||0px||false|false&#8220; global_module=&#8220;1539&#8243; locked=&#8220;on&#8220; collapsed=&#8220;off&#8220; global_colors_info=&#8220;{}&#8220;][et_pb_row _builder_version=&#8220;4.20.4&#8243; _module_preset=&#8220;default&#8220; width=&#8220;100%&#8220; max_width=&#8220;2560px&#8220; locked=&#8220;off&#8220; global_colors_info=&#8220;{}&#8220;][et_pb_column type=&#8220;4_4&#8243; _builder_version=&#8220;4.20.4&#8243; _module_preset=&#8220;default&#8220; global_colors_info=&#8220;{}&#8220;][et_pb_text _builder_version=&#8220;4.20.4&#8243; _module_preset=&#8220;default&#8220; text_font=&#8220;||||||||&#8220; text_text_color=&#8220;#FFFFFF&#8220; text_font_size=&#8220;5vw&#8220; text_line_height=&#8220;1.2em&#8220; text_orientation=&#8220;center&#8220; module_alignment=&#8220;center&#8220; text_font_size_tablet=&#8220;&#8220; text_font_size_phone=&#8220;10vw&#8220; text_font_size_last_edited=&#8220;on|phone&#8220; text_text_shadow_style=&#8220;preset3&#8243; locked=&#8220;off&#8220; global_colors_info=&#8220;{}&#8220;]<\/p>\n<p>Helfen \u2013<br \/>Tradition seit 1948<\/p>\n<p>[\/et_pb_text][\/et_pb_column][\/et_pb_row][\/et_pb_section][et_pb_section fb_built=&#8220;1&#8243; module_class=&#8220;page_benefiz&#8220; _builder_version=&#8220;4.20.4&#8243; _module_preset=&#8220;default&#8220; global_colors_info=&#8220;{}&#8220;][et_pb_row column_structure=&#8220;3_4,1_4&#8243; _builder_version=&#8220;4.20.4&#8243; _module_preset=&#8220;default&#8220; global_colors_info=&#8220;{}&#8220;][et_pb_column type=&#8220;3_4&#8243; _builder_version=&#8220;4.20.4&#8243; _module_preset=&#8220;default&#8220; global_colors_info=&#8220;{}&#8220;][et_pb_text _builder_version=&#8220;4.27.4&#8243; _module_preset=&#8220;default&#8220; hover_enabled=&#8220;0&#8243; global_colors_info=&#8220;{}&#8220; sticky_enabled=&#8220;0&#8243;]<\/p>\n<h2>Wie\u00a0<em>Sie\u00a0<\/em>helfen k\u00f6nnen<\/h2>\n<p>Die Arbeit des Deutsch-Amerikanischen Frauenclubs st\u00fctzt sich auf die gro\u00dfz\u00fcgigen Spenden, die im Wesentlichen bei den beiden Wohlt\u00e4tigkeitsveranstaltungen, dem Magnolienball und dem Silbertee, eingenommen werden.<\/p>\n<p>F\u00fcr zus\u00e4tzliche Spenden zur F\u00f6rderung karitativer Einrichtungen in M\u00fcnchen sowie des Studentenaustauschs und der Jugendarbeit des Verbandes der Deutsch-Amerikanischen Clubs sind wir sehr dankbar.<\/p>\n<p>Wir freuen uns \u00fcber Ihre Spende auf das folgende Konto:<\/p>\n<ul>\n<li><strong>German-American Women&#8217;s Club of Munich<br \/><\/strong><strong>HypoVereinsbank M\u00fcnchen<br \/>IBAN: DE64 7002 0270 6530 4562 83<br \/><\/strong><strong>BIC: HYVEDEMMXXX<\/strong><\/li>\n<\/ul>\n<p>Selbstverst\u00e4ndlich stellen wir Ihnen\u00a0auf Anfrage\u00a0f\u00fcr jede Spende gerne eine Quittung aus.<\/p>\n<p>[\/et_pb_text][\/et_pb_column][et_pb_column type=&#8220;1_4&#8243; _builder_version=&#8220;4.20.4&#8243; _module_preset=&#8220;default&#8220; global_colors_info=&#8220;{}&#8220;][\/et_pb_column][\/et_pb_row][et_pb_row column_structure=&#8220;3_4,1_4&#8243; admin_label=&#8220;Zeile %22nach oben%22&#8243; _builder_version=&#8220;4.21.0&#8243; _module_preset=&#8220;default&#8220; locked=&#8220;on&#8220; collapsed=&#8220;on&#8220; global_colors_info=&#8220;{}&#8220;][et_pb_column type=&#8220;3_4&#8243; _builder_version=&#8220;4.20.0&#8243; _module_preset=&#8220;default&#8220; global_colors_info=&#8220;{}&#8220;][et_pb_divider _builder_version=&#8220;4.20.0&#8243; _module_preset=&#8220;default&#8220; global_colors_info=&#8220;{}&#8220;][\/et_pb_divider][\/et_pb_column][et_pb_column type=&#8220;1_4&#8243; _builder_version=&#8220;4.20.0&#8243; _module_preset=&#8220;default&#8220; global_colors_info=&#8220;{}&#8220;][et_pb_button button_url=&#8220;#page-container&#8220; button_text=&#8220;Nach oben zur Auswahl&#8220; _builder_version=&#8220;4.20.0&#8243; _module_preset=&#8220;default&#8220; global_colors_info=&#8220;{}&#8220;][\/et_pb_button][\/et_pb_column][\/et_pb_row][\/et_pb_section]<\/p>\n","protected":false},"excerpt":{"rendered":"<p>Helfen \u2013Tradition seit 1948Wie\u00a0Sie\u00a0helfen k\u00f6nnen Die Arbeit des Deutsch-Amerikanischen Frauenclubs st\u00fctzt sich auf die gro\u00dfz\u00fcgigen Spenden, die im Wesentlichen bei den beiden Wohlt\u00e4tigkeitsveranstaltungen, dem Magnolienball und dem Silbertee, eingenommen werden. F\u00fcr zus\u00e4tzliche Spenden zur F\u00f6rderung karitativer Einrichtungen in M\u00fcnchen sowie des Studentenaustauschs und der Jugendarbeit des Verbandes der Deutsch-Amerikanischen Clubs sind wir sehr dankbar. Wir [&hellip;]<\/p>\n","protected":false},"author":1,"featured_media":0,"parent":1299,"menu_order":0,"comment_status":"closed","ping_status":"closed","template":"","meta":{"_et_pb_use_builder":"on","_et_pb_old_content":"","_et_gb_content_width":"","footnotes":""},"class_list":["post-1305","page","type-page","status-publish","hentry"],"_links":{"self":[{"href":"http:\/\/www.gawc-munich.de\/en\/wp-json\/wp\/v2\/pages\/1305","targetHints":{"allow":["GET"]}}],"collection":[{"href":"http:\/\/www.gawc-munich.de\/en\/wp-json\/wp\/v2\/pages"}],"about":[{"href":"http:\/\/www.gawc-munich.de\/en\/wp-json\/wp\/v2\/types\/page"}],"author":[{"embeddable":true,"href":"http:\/\/www.gawc-munich.de\/en\/wp-json\/wp\/v2\/users\/1"}],"replies":[{"embeddable":true,"href":"http:\/\/www.gawc-munich.de\/en\/wp-json\/wp\/v2\/comments?post=1305"}],"version-history":[{"count":1,"href":"http:\/\/www.gawc-munich.de\/en\/wp-json\/wp\/v2\/pages\/1305\/revisions"}],"predecessor-version":[{"id":5499,"href":"http:\/\/www.gawc-munich.de\/en\/wp-json\/wp\/v2\/pages\/1305\/revisions\/5499"}],"up":[{"embeddable":true,"href":"http:\/\/www.gawc-munich.de\/en\/wp-json\/wp\/v2\/pages\/1299"}],"wp:attachment":[{"href":"http:\/\/www.gawc-munich.de\/en\/wp-json\/wp\/v2\/media?parent=1305"}],"curies":[{"name":"wp","href":"https:\/\/api.w.org\/{rel}","templated":true}]}}