{"id":4017,"date":"2024-09-04T12:16:25","date_gmt":"2024-09-04T12:16:25","guid":{"rendered":"https:\/\/www.gawc-munich.de\/vor-ort-copy"},"modified":"2025-10-21T12:18:18","modified_gmt":"2025-10-21T12:18:18","slug":"unterstuetzte-organisationen","status":"publish","type":"page","link":"http:\/\/www.gawc-munich.de\/en\/vor-ort\/unterstuetzte-organisationen","title":{"rendered":"Wohlt\u00e4tigkeit \u2013 C: Unterst\u00fctzte Organisationen"},"content":{"rendered":"<p>[et_pb_section fb_built=&#8220;1&#8243; fullwidth=&#8220;on&#8220; _builder_version=&#8220;4.20.4&#8243; _module_preset=&#8220;default&#8220; locked=&#8220;on&#8220; collapsed=&#8220;on&#8220; global_colors_info=&#8220;{}&#8220;][et_pb_fullwidth_image src=&#8220;https:\/\/www.gawc-munich.de\/wp-content\/uploads\/2023\/05\/DAFC-Wohltaetigkeit-n-1280&#215;480-1.jpg&#8220; title_text=&#8220;DAFC-Mobile-Version-Wohltaetigkeit-n-680&#215;520&#8243; src_tablet=&#8220;https:\/\/www.gawc-munich.de\/wp-content\/uploads\/2023\/05\/DAFC-Wohltaetigkeit-n-1280&#215;480-1.jpg&#8220; src_phone=&#8220;https:\/\/www.gawc-munich.de\/wp-content\/uploads\/2023\/05\/DAFC-Mobile-Version-Wohltaetigkeit-n-680&#215;520-1.jpg&#8220; src_last_edited=&#8220;on|phone&#8220; _builder_version=&#8220;4.20.4&#8243; _module_preset=&#8220;default&#8220; global_colors_info=&#8220;{}&#8220;][\/et_pb_fullwidth_image][\/et_pb_section][et_pb_section fb_built=&#8220;1&#8243; admin_label=&#8220;Sektion HL %22Wohlt\u00e4tigkeit%22 in Aufmacherbild&#8220; _builder_version=&#8220;4.20.4&#8243; _module_preset=&#8220;default&#8220; custom_margin=&#8220;-22vw||6vw||false|false&#8220; custom_margin_tablet=&#8220;-22vw||6vw||false|false&#8220; custom_margin_phone=&#8220;-62vw||||false|false&#8220; custom_margin_last_edited=&#8220;on|phone&#8220; custom_padding=&#8220;0px||0px||false|false&#8220; global_module=&#8220;1539&#8243; locked=&#8220;on&#8220; collapsed=&#8220;off&#8220; global_colors_info=&#8220;{}&#8220;][et_pb_row _builder_version=&#8220;4.20.4&#8243; _module_preset=&#8220;default&#8220; width=&#8220;100%&#8220; max_width=&#8220;2560px&#8220; locked=&#8220;off&#8220; global_colors_info=&#8220;{}&#8220;][et_pb_column type=&#8220;4_4&#8243; _builder_version=&#8220;4.20.4&#8243; _module_preset=&#8220;default&#8220; global_colors_info=&#8220;{}&#8220;][et_pb_text _builder_version=&#8220;4.20.4&#8243; _module_preset=&#8220;default&#8220; text_font=&#8220;||||||||&#8220; text_text_color=&#8220;#FFFFFF&#8220; text_font_size=&#8220;5vw&#8220; text_line_height=&#8220;1.2em&#8220; text_orientation=&#8220;center&#8220; module_alignment=&#8220;center&#8220; text_font_size_tablet=&#8220;&#8220; text_font_size_phone=&#8220;10vw&#8220; text_font_size_last_edited=&#8220;on|phone&#8220; text_text_shadow_style=&#8220;preset3&#8243; locked=&#8220;off&#8220; global_colors_info=&#8220;{}&#8220;]<\/p>\n<p>Helfen \u2013<br \/>Tradition seit 1948<\/p>\n<p>[\/et_pb_text][\/et_pb_column][\/et_pb_row][\/et_pb_section][et_pb_section fb_built=&#8220;1&#8243; module_class=&#8220;page_benefiz&#8220; _builder_version=&#8220;4.20.4&#8243; _module_preset=&#8220;default&#8220; global_colors_info=&#8220;{}&#8220;][et_pb_row column_structure=&#8220;3_4,1_4&#8243; _builder_version=&#8220;4.20.4&#8243; _module_preset=&#8220;default&#8220; hover_enabled=&#8220;0&#8243; global_colors_info=&#8220;{}&#8220; sticky_enabled=&#8220;0&#8243;][et_pb_column type=&#8220;3_4&#8243; _builder_version=&#8220;4.20.4&#8243; _module_preset=&#8220;default&#8220; global_colors_info=&#8220;{}&#8220;][et_pb_text _builder_version=&#8220;4.27.4&#8243; _module_preset=&#8220;default&#8220; text_line_height=&#8220;1.3em&#8220; hover_enabled=&#8220;0&#8243; global_colors_info=&#8220;{}&#8220; sticky_enabled=&#8220;0&#8243;]<\/p>\n<h2>Wir unterst\u00fctzen karitative Organisationen<\/h2>\n<ul>\n<li>Blindenheim Augsburg<br \/>Betreutes Wohnen f\u00fcr Blinde und Sehbehinderte<\/li>\n<\/ul>\n<ul>\n<li><a href=\"https:\/\/www.fortschritt-bayern.de\/ueber-uns\/fortschritt-ev\" target=\"_blank\" rel=\"noopener\">FortSchritt e.V.<\/a><br \/>Elterninitiative von spastisch gel\u00e4hmten Kindern<br \/>https:\/\/www.fortschritt-bayern.de<\/li>\n<\/ul>\n<ul>\n<li><a href=\"https:\/\/www.giesinger-maedchen-treff.de\" target=\"_blank\" rel=\"noopener\">Giesinger M\u00e4dchentreff<\/a><br \/>Anlaufstelle f\u00fcr M\u00e4dchen und junge Frauen<br \/>www.giesinger-maedchen-treff.de<\/li>\n<\/ul>\n<ul>\n<li><a href=\"https:\/\/hospiz-da-sein.de\" target=\"_blank\" rel=\"noopener\">Hospizdienst DaSein e.V.<\/a><br \/>Beratung und ambulante Palliativversorgung in M\u00fcnchen<br \/>https:\/\/hospiz-da-sein.de<\/li>\n<\/ul>\n<ul>\n<li><a href=\"http:\/\/www.imma.de\/\" target=\"_blank\" rel=\"noopener\">IMMA e.V. &#8211; Initiative M\u00fcnchner M\u00e4dchenarbeit<\/a><br \/>Unterst\u00fctzung von M\u00e4dchen und Frauen in Problemsituationen<br \/>https:\/\/imma.de<\/li>\n<\/ul>\n<ul>\n<li><a href=\"http:\/\/www.hilfswerk-muenchen.de\" target=\"_blank\" rel=\"noopener\">Karla 51<\/a><br \/>Frauenobdach<br \/>https:\/\/hilfswerk-muenchen.de<\/li>\n<\/ul>\n<ul>\n<li>Lacrima<br \/>Hilfe f\u00fcr trauernde Kinder<\/li>\n<\/ul>\n<ul>\n<li><a href=\"https:\/\/www.lichtblick-hasenbergl.org\/\" target=\"_blank\" rel=\"noopener\">Lichtblick Hasenbergl<\/a><br \/>Hilfe f\u00fcr sozial benachteiligte Kinder und deren Familien<br \/>https:\/\/lichtblick-hasenbergl.org<\/li>\n<\/ul>\n<ul>\n<li>Mobiler Sonderp\u00e4dagogischer Dienst<br \/>Schwerpunkt k\u00f6rperliche und motorische Entwicklung<\/li>\n<\/ul>\n<ul>\n<li><a href=\"https:\/\/www.mcdonalds-kinderhilfe.org\" target=\"_blank\" rel=\"noopener\">Ronald McDonald Haus am Deutschen Herzzentrum<\/a><br \/>Zuhause auf Zeit f\u00fcr Familien<br \/>www.mcdonalds-kinderhilfe.org<\/li>\n<\/ul>\n<ul>\n<li><a href=\"https:\/\/www.barmherzige-johanneshospiz.de\/index.html\" target=\"_blank\" rel=\"noopener\">Verein zur F\u00f6rderung des Johannes Hospizes M\u00fcnchen e.V.<\/a><br \/>Unterst\u00fctzungsverein des Johannes Hospizes und der Klinik f\u00fcr Palliativmedizin am Krankenhaus Barmherzige Br\u00fcder<br \/>https:\/\/www.barmherzige-johanneshospiz.de<\/li>\n<\/ul>\n<ul>\n<li><a href=\"https:\/\/www.muenchner-fuer-muenchner.de\" target=\"_blank\" rel=\"noopener\">Verein M\u00fcnchner f\u00fcr M\u00fcnchner<\/a><br \/>Unterst\u00fctzung von bed\u00fcrftigen Menschen in M\u00fcnchen<br \/>https:\/\/www.muenchner-fuer-muenchner.de<\/li>\n<\/ul>\n<ul>\n<li><a href=\"https:\/\/www.weisser-ring.de\/\" target=\"_blank\" rel=\"noopener\">Wei\u00dfer Ring M\u00fcnchen<\/a><br \/>Unterst\u00fctzung von Opfern von Straftaten<br \/>www.freising-bayern-sued.weisser-ring.de<\/li>\n<\/ul>\n<ul>Jede dieser Organisationen ist dankbar f\u00fcr jegliche Unterst\u00fctzung, zumal in Zeiten, in denen die \u00f6ffentlichen Gelder immer knapper werden. Deshalb sind wir froh, einen kleinen Beitrag zur Linderung bestehender Not leisten zu k\u00f6nnen. Dank sei an dieser Stelle all denen gesagt, die uns seit Jahren finanziell oder mit ihrer unentgeltlichen Arbeit unterst\u00fctzen.<\/ul>\n<p>[\/et_pb_text][\/et_pb_column][et_pb_column type=&#8220;1_4&#8243; _builder_version=&#8220;4.20.4&#8243; _module_preset=&#8220;default&#8220; global_colors_info=&#8220;{}&#8220;][\/et_pb_column][\/et_pb_row][et_pb_row column_structure=&#8220;3_4,1_4&#8243; admin_label=&#8220;Zeile %22nach oben%22&#8243; _builder_version=&#8220;4.21.0&#8243; _module_preset=&#8220;default&#8220; locked=&#8220;on&#8220; collapsed=&#8220;on&#8220; global_colors_info=&#8220;{}&#8220;][et_pb_column type=&#8220;3_4&#8243; _builder_version=&#8220;4.20.0&#8243; _module_preset=&#8220;default&#8220; global_colors_info=&#8220;{}&#8220;][et_pb_divider _builder_version=&#8220;4.20.0&#8243; _module_preset=&#8220;default&#8220; global_colors_info=&#8220;{}&#8220;][\/et_pb_divider][\/et_pb_column][et_pb_column type=&#8220;1_4&#8243; _builder_version=&#8220;4.20.0&#8243; _module_preset=&#8220;default&#8220; global_colors_info=&#8220;{}&#8220;][et_pb_button button_url=&#8220;#page-container&#8220; button_text=&#8220;Nach oben zur Auswahl&#8220; _builder_version=&#8220;4.20.0&#8243; _module_preset=&#8220;default&#8220; global_colors_info=&#8220;{}&#8220;][\/et_pb_button][\/et_pb_column][\/et_pb_row][\/et_pb_section]<\/p>\n","protected":false},"excerpt":{"rendered":"<p>Helfen \u2013Tradition seit 1948Wir unterst\u00fctzen karitative Organisationen Blindenheim AugsburgBetreutes Wohnen f\u00fcr Blinde und Sehbehinderte FortSchritt e.V.Elterninitiative von spastisch gel\u00e4hmten Kindernhttps:\/\/www.fortschritt-bayern.de Giesinger M\u00e4dchentreffAnlaufstelle f\u00fcr M\u00e4dchen und junge Frauenwww.giesinger-maedchen-treff.de Hospizdienst DaSein e.V.Beratung und ambulante Palliativversorgung in M\u00fcnchenhttps:\/\/hospiz-da-sein.de IMMA e.V. &#8211; Initiative M\u00fcnchner M\u00e4dchenarbeitUnterst\u00fctzung von M\u00e4dchen und Frauen in Problemsituationenhttps:\/\/imma.de Karla 51Frauenobdachhttps:\/\/hilfswerk-muenchen.de LacrimaHilfe f\u00fcr trauernde Kinder Lichtblick HasenberglHilfe [&hellip;]<\/p>\n","protected":false},"author":1,"featured_media":0,"parent":1299,"menu_order":0,"comment_status":"closed","ping_status":"closed","template":"","meta":{"_et_pb_use_builder":"on","_et_pb_old_content":"","_et_gb_content_width":"","footnotes":""},"class_list":["post-4017","page","type-page","status-publish","hentry"],"_links":{"self":[{"href":"http:\/\/www.gawc-munich.de\/en\/wp-json\/wp\/v2\/pages\/4017","targetHints":{"allow":["GET"]}}],"collection":[{"href":"http:\/\/www.gawc-munich.de\/en\/wp-json\/wp\/v2\/pages"}],"about":[{"href":"http:\/\/www.gawc-munich.de\/en\/wp-json\/wp\/v2\/types\/page"}],"author":[{"embeddable":true,"href":"http:\/\/www.gawc-munich.de\/en\/wp-json\/wp\/v2\/users\/1"}],"replies":[{"embeddable":true,"href":"http:\/\/www.gawc-munich.de\/en\/wp-json\/wp\/v2\/comments?post=4017"}],"version-history":[{"count":8,"href":"http:\/\/www.gawc-munich.de\/en\/wp-json\/wp\/v2\/pages\/4017\/revisions"}],"predecessor-version":[{"id":5498,"href":"http:\/\/www.gawc-munich.de\/en\/wp-json\/wp\/v2\/pages\/4017\/revisions\/5498"}],"up":[{"embeddable":true,"href":"http:\/\/www.gawc-munich.de\/en\/wp-json\/wp\/v2\/pages\/1299"}],"wp:attachment":[{"href":"http:\/\/www.gawc-munich.de\/en\/wp-json\/wp\/v2\/media?parent=4017"}],"curies":[{"name":"wp","href":"https:\/\/api.w.org\/{rel}","templated":true}]}}