{"id":1385,"date":"2023-04-21T03:34:23","date_gmt":"2023-04-21T03:34:23","guid":{"rendered":"https:\/\/www.gawc-munich.de\/magnolienball-copy"},"modified":"2026-03-05T08:28:49","modified_gmt":"2026-03-05T08:28:49","slug":"jugendprogramm","status":"publish","type":"page","link":"https:\/\/www.gawc-munich.de\/de_de\/jugendprogramm","title":{"rendered":"C: Jugend &#038; Studierende \u2013 A: Jugendprogramm"},"content":{"rendered":"<p>[et_pb_section fb_built=&#8221;1&#8243; fullwidth=&#8221;on&#8221; _builder_version=&#8221;4.20.4&#8243; _module_preset=&#8221;default&#8221; locked=&#8221;on&#8221; collapsed=&#8221;off&#8221; global_colors_info=&#8221;{}&#8221;][et_pb_fullwidth_image src=&#8221;https:\/\/www.gawc-munich.de\/wp-content\/uploads\/2023\/04\/DAFC-Jugend-Studierende-1280&#215;480-1.jpg&#8221; title_text=&#8221;DAFC-Mobile-Version-Jugend-Studierende-680&#215;520&#8243; src_tablet=&#8221;https:\/\/www.gawc-munich.de\/wp-content\/uploads\/2023\/04\/DAFC-Jugend-Studierende-1280&#215;480-1.jpg&#8221; src_phone=&#8221;https:\/\/www.gawc-munich.de\/wp-content\/uploads\/2023\/05\/DAFC-Mobile-Version-Jugend-Studierende-680&#215;520-1.jpg&#8221; src_last_edited=&#8221;on|phone&#8221; _builder_version=&#8221;4.20.4&#8243; _module_preset=&#8221;default&#8221; global_colors_info=&#8221;{}&#8221;][\/et_pb_fullwidth_image][\/et_pb_section][et_pb_section fb_built=&#8221;1&#8243; admin_label=&#8221;Sektion HL Jugend &#038; Studierende in Aufmacherbild&#8221; _builder_version=&#8221;4.20.4&#8243; _module_preset=&#8221;default&#8221; custom_margin=&#8221;-15vw||9vw||false|false&#8221; custom_margin_tablet=&#8221;-15vw||9vw||false|false&#8221; custom_margin_phone=&#8221;-50vw||||false|false&#8221; custom_margin_last_edited=&#8221;on|phone&#8221; custom_padding=&#8221;0px||0px||false|false&#8221; global_module=&#8221;1492&#8243; locked=&#8221;off&#8221; collapsed=&#8221;on&#8221; global_colors_info=&#8221;{}&#8221;][et_pb_row _builder_version=&#8221;4.20.4&#8243; _module_preset=&#8221;default&#8221; width=&#8221;100%&#8221; max_width=&#8221;2560px&#8221; global_colors_info=&#8221;{}&#8221;][et_pb_column type=&#8221;4_4&#8243; _builder_version=&#8221;4.20.4&#8243; _module_preset=&#8221;default&#8221; global_colors_info=&#8221;{}&#8221;][et_pb_text _builder_version=&#8221;4.20.4&#8243; _module_preset=&#8221;default&#8221; text_font=&#8221;||||||||&#8221; text_text_color=&#8221;#FFFFFF&#8221; text_font_size=&#8221;5vw&#8221; text_orientation=&#8221;center&#8221; module_alignment=&#8221;center&#8221; text_font_size_tablet=&#8221;&#8221; text_font_size_phone=&#8221;10vw&#8221; text_font_size_last_edited=&#8221;on|phone&#8221; text_text_shadow_style=&#8221;preset3&#8243; global_colors_info=&#8221;{}&#8221;]<\/p>\n<p>M\u00f6glichkeiten erleben<\/p>\n<p>[\/et_pb_text][\/et_pb_column][\/et_pb_row][\/et_pb_section][et_pb_section fb_built=&#8221;1&#8243; module_class=&#8221;page_benefiz&#8221; _builder_version=&#8221;4.20.4&#8243; _module_preset=&#8221;default&#8221; global_colors_info=&#8221;{}&#8221;][et_pb_row column_structure=&#8221;3_4,1_4&#8243; admin_label=&#8221;Das Deutsch-Amerikanische Jugendprogramm&#8221; _builder_version=&#8221;4.20.4&#8243; _module_preset=&#8221;default&#8221; collapsed=&#8221;on&#8221; global_colors_info=&#8221;{}&#8221;][et_pb_column type=&#8221;3_4&#8243; _builder_version=&#8221;4.20.4&#8243; _module_preset=&#8221;default&#8221; global_colors_info=&#8221;{}&#8221;][et_pb_text _builder_version=&#8221;4.27.4&#8243; _module_preset=&#8221;default&#8221; global_colors_info=&#8221;{}&#8221;]<\/p>\n<h2>Das Deutsch-Amerikanische Jugendprogramm<\/h2>\n<p>Die F\u00f6rderung der Jugendprogramme des Verbandes der Deutsch-Amerikanischen-Clubs liegt dem GAWC M\u00fcnchen sehr am Herzen. Seit vielen Jahrzehnten ist es das Ziel des Deutsch-Amerikanischen Jugendprogramms, die Freundschaft zwischen Jugendlichen im Alter zwischen 14 und 18 Jahren aus Deutschland und den USA zu f\u00f6rdern.<\/p>\n<p>&nbsp;<\/p>\n<p>[\/et_pb_text][et_pb_image src=&#8221;https:\/\/www.gawc-munich.de\/wp-content\/uploads\/2023\/03\/08030004-2-Jugendreise-2017-Los-Angeles-scaled.jpg&#8221; title_text=&#8221;08030004-2 Jugendreise 2017, Los Angeles&#8221; _builder_version=&#8221;4.20.4&#8243; _module_preset=&#8221;default&#8221; global_colors_info=&#8221;{}&#8221;][\/et_pb_image][et_pb_text _builder_version=&#8221;4.21.0&#8243; _module_preset=&#8221;default&#8221; global_colors_info=&#8221;{}&#8221;]<\/p>\n<p>Um die Menschen, die Geschichte und die Kultur des jeweils anderen Landes kennenzulernen, fanden in den vergangenen Jahren Sprach- und Begegnungsreisen, \u201eHomestays\u201c und verschiedene andere Veranstaltungen statt. W\u00e4hrend der Covid-Pandemie waren diese\u00a0Aktivit\u00e4ten aufgrund\u00a0der\u00a0Reisebeschr\u00e4nkungen\u00a0nicht\u00a0m\u00f6glich. Nun\u00a0wird das Jugendprogramm unter der Federf\u00fchrung des VDAC neu aufgesetzt.\u00a0Bildungsseminare, Jugendreisen, Aufenthalte bei Gastfamilien in den USA und Jugendtreffen sind in Planung.<\/p>\n<p><strong>N\u00e4here Informationen<\/strong>\u00a0zu den Bildungsseminaren sowie den j\u00e4hrlichen Begegnungs- und Sprachreisen in die USA finden Sie auf der Homepage des Verbands Deutsch-Amerikanischer Clubs, VDAC:\u00a0<a href=\"http:\/\/www.vdac.de\"><strong>http:\/\/www.vdac.de<\/strong><\/a><\/p>\n<p>[\/et_pb_text][\/et_pb_column][et_pb_column type=&#8221;1_4&#8243; _builder_version=&#8221;4.20.4&#8243; _module_preset=&#8221;default&#8221; global_colors_info=&#8221;{}&#8221;][\/et_pb_column][\/et_pb_row][et_pb_row column_structure=&#8221;3_4,1_4&#8243; admin_label=&#8221;Fotos&#8221; _builder_version=&#8221;4.20.4&#8243; _module_preset=&#8221;default&#8221; collapsed=&#8221;on&#8221; global_colors_info=&#8221;{}&#8221;][et_pb_column type=&#8221;3_4&#8243; _builder_version=&#8221;4.20.4&#8243; _module_preset=&#8221;default&#8221; global_colors_info=&#8221;{}&#8221;][et_pb_image src=&#8221;https:\/\/www.gawc-munich.de\/wp-content\/uploads\/2023\/03\/Jugend-Skifahren-Lenggries-scaled.jpg&#8221; title_text=&#8221;Jugend Skifahren Lenggries&#8221; _builder_version=&#8221;4.27.4&#8243; _module_preset=&#8221;default&#8221; global_colors_info=&#8221;{}&#8221;][\/et_pb_image][et_pb_image src=&#8221;https:\/\/www.gawc-munich.de\/wp-content\/uploads\/2023\/03\/05071955-Jugendseminar-Berlin-2017-scaled.jpg&#8221; title_text=&#8221;Jugend Skifahren Lenggries&#8221; _builder_version=&#8221;4.20.4&#8243; _module_preset=&#8221;default&#8221; global_colors_info=&#8221;{}&#8221;][\/et_pb_image][et_pb_image src=&#8221;https:\/\/www.gawc-munich.de\/wp-content\/uploads\/2023\/03\/2016-Jugendreise-VDAC-1.jpg&#8221; title_text=&#8221;Jugend Skifahren Lenggries&#8221; _builder_version=&#8221;4.20.4&#8243; _module_preset=&#8221;default&#8221; global_colors_info=&#8221;{}&#8221;][\/et_pb_image][\/et_pb_column][et_pb_column type=&#8221;1_4&#8243; _builder_version=&#8221;4.20.4&#8243; _module_preset=&#8221;default&#8221; global_colors_info=&#8221;{}&#8221;][\/et_pb_column][\/et_pb_row][et_pb_row column_structure=&#8221;3_4,1_4&#8243; admin_label=&#8221;Informationen VDAC Ausflug 2026&#8243; _builder_version=&#8221;4.20.4&#8243; _module_preset=&#8221;default&#8221; collapsed=&#8221;on&#8221; global_colors_info=&#8221;{}&#8221;][et_pb_column type=&#8221;3_4&#8243; _builder_version=&#8221;4.20.4&#8243; _module_preset=&#8221;default&#8221; global_colors_info=&#8221;{}&#8221;][et_pb_text _builder_version=&#8221;4.27.4&#8243; _module_preset=&#8221;default&#8221; global_colors_info=&#8221;{}&#8221;]<\/p>\n<h2>Informationen \u00fcber die Jugendreise 2026<\/h2>\n<p>Die VDAC-USA-Jugend-Sommerreise pflegt, f\u00f6rdert und vertieft die Begegnungen und Freundschaften zwischen Amerika und Deutschland seit vielen Jahrzehnten. Deutsche Jugendliche lernen bei dieser Reise historische Hintergr\u00fcnde, Land und Leute, sowie das amerikanische Familienleben hautnah beim mehrt\u00e4gigen Homestay kennen.<\/p>\n<p>Weitere Infos bei VDAC Youth Work (<a href=\"mailto:youth@vdac.de\">youth@vdac.de<\/a>) oder siehe Anlagen unten.<\/p>\n<p>[\/et_pb_text][\/et_pb_column][et_pb_column type=&#8221;1_4&#8243; _builder_version=&#8221;4.20.4&#8243; _module_preset=&#8221;default&#8221; global_colors_info=&#8221;{}&#8221;][\/et_pb_column][\/et_pb_row][et_pb_row column_structure=&#8221;1_3,1_3,1_3&#8243; admin_label=&#8221;Anlagen VDAC Ausflug 2026&#8243; _builder_version=&#8221;4.20.4&#8243; _module_preset=&#8221;default&#8221; global_colors_info=&#8221;{}&#8221;][et_pb_column type=&#8221;1_3&#8243; _builder_version=&#8221;4.20.4&#8243; _module_preset=&#8221;default&#8221; global_colors_info=&#8221;{}&#8221;][et_pb_text _builder_version=&#8221;4.27.4&#8243; _module_preset=&#8221;default&#8221; global_colors_info=&#8221;{}&#8221;]<a href=\"https:\/\/www.gawc-munich.de\/wp-content\/uploads\/2026\/03\/Youth-2026-Reiseanmeldung-Stand-1.3.2026.odt\">Youth 2026 Reiseanmeldung<\/a>[\/et_pb_text][\/et_pb_column][et_pb_column type=&#8221;1_3&#8243; _builder_version=&#8221;4.20.4&#8243; _module_preset=&#8221;default&#8221; global_colors_info=&#8221;{}&#8221;][et_pb_text _builder_version=&#8221;4.27.4&#8243; _module_preset=&#8221;default&#8221; hover_enabled=&#8221;0&#8243; global_colors_info=&#8221;{}&#8221; sticky_enabled=&#8221;0&#8243;]<a href=\"https:\/\/www.gawc-munich.de\/wp-content\/uploads\/2026\/03\/Youth-2026-Reiseprogramm.pdf\">Youth 2026 Reiseprogramm (dt)<\/a>[\/et_pb_text][\/et_pb_column][et_pb_column type=&#8221;1_3&#8243; _builder_version=&#8221;4.20.4&#8243; _module_preset=&#8221;default&#8221; global_colors_info=&#8221;{}&#8221;][et_pb_text _builder_version=&#8221;4.27.4&#8243; _module_preset=&#8221;default&#8221; hover_enabled=&#8221;0&#8243; global_colors_info=&#8221;{}&#8221; sticky_enabled=&#8221;0&#8243;]<a href=\"https:\/\/www.gawc-munich.de\/wp-content\/uploads\/2026\/03\/Youth-2026-Reiseprogramm-englisch.pdf\">Youth 2026 Travel Program (engl)<\/a>[\/et_pb_text][\/et_pb_column][\/et_pb_row][et_pb_row column_structure=&#8221;3_4,1_4&#8243; admin_label=&#8221;Bericht 2025&#8243; _builder_version=&#8221;4.20.4&#8243; _module_preset=&#8221;default&#8221; collapsed=&#8221;on&#8221; global_colors_info=&#8221;{}&#8221;][et_pb_column type=&#8221;3_4&#8243; _builder_version=&#8221;4.20.4&#8243; _module_preset=&#8221;default&#8221; global_colors_info=&#8221;{}&#8221;][et_pb_text _builder_version=&#8221;4.27.4&#8243; _module_preset=&#8221;default&#8221; global_colors_info=&#8221;{}&#8221;]<\/p>\n<h2>Bericht \u00fcber die Jugendreise 2025<\/h2>\n<p>&nbsp;<\/p>\n<p>Die Amerika Reise war ein super tolles und auch lehrreiches Erlebnis. Es gab viel H\u00f6hepunkte wie der Time Square, die Brooklyn Bridge oder das wei\u00dfe Haus in DC. Doch nun werde ich noch einmal alles zusammenfassen.<\/p>\n<p>An Tag eins sind wir direkt nach der Landung durch die Innenstadt von New York gefahren und haben dort eine Tour durch die H\u00e4userschluchten gemacht. Es war unfassbar eindrucksvoll diese gigantischen Geb\u00e4ude zu sehen. Unser Ziel war aber der Times Square, da wir im dort liegenden Hard Rock Cafe gegessen haben. Der Burger, den ich dort gegessen habe war unfassbar lecker, doch nicht der beste auf der ganzen Reise.<\/p>\n<p>Am 2. Tag mussten wir fr\u00fch aufstehen, da wir direkt nach New Jersey aufgebrochen sind. Von dort aus sind wir mit der F\u00e4hre nach Ellis Island gefahren und haben uns das dortige Museum angeschaut. Nachdem alle fertig waren sind wir zur Liberty Island aufgebrochen. Dort war es echt cool, denn es ist die Insel mit der Freiheitsstatue. Dort hatten wir dann noch etwas Freizeit und haben uns auf der Insel umgesehen. Doch wir konnten leider nicht auf die Freiheitsstatue. Nach dem wir wieder an Land waren, sind wir direkt zu einer Organisation gegangen, die Jugendliche in der Schule unterst\u00fctzt und haben uns dort mit ein paar Teilnehmern unterhalten und dabei Pizza gegessen. Den Abend haben wir mit einer Bestellung bei Wings Stop, einem Fast Food Restaurant ausklingen lassen.<\/p>\n<p>An Tag 3 sind wir wieder fr\u00fch aufgestanden und haben uns auf den Weg zum Central Park gemacht, doch an diesem Tag war es super hei\u00df und alles war deutlich anstrengender. Das einfache Laufen durch den Park war schon fast eine Qual. Doch am Ende waren wir an einem super Aussichtspunkt und die M\u00fchen haben sich gelohnt. Dann sind wir zum Grand Central Terminal gefahren und durften dort etwas zu Mittag essen. Wir haben uns f\u00fcr Shake Shak entschieden. Es war die komplett richtige Entscheidung, da das der beste Burger der gesamten Reise war, es war einfach unglaublich. Danach sind wir weiter zur Saint Patricks Cathedral gefahren, diese war sehr eindrucksvoll. Dann hatten wir Freizeit am Times Square und es hat echt Spa\u00df gemacht dort herum zu laufen und alles anzusehen. Aber die Freizeit ging sehr schnell vorbei und wir sind zu einem Restaurant gefahren und haben dort gegessen. Aber eines der Highlights der Reise kam danach, das Musical Michael Jackson! Es war unfassbar wie gut der Schauspieler den King of Pop nachahmen konnte. Als wir dann auf dem Heimweg waren hatten wir einen Super Blick auf die Skyline von New York, es war atemberaubend.<\/p>\n<p>Am vierten Tag machten wir uns in der Fr\u00fch gleich auf den Weg zum n\u00e4chsten Stop der Reise. Aber auf dem Weg haben wir noch einiges besichtigt, wie einen Park in dem das Lager der Freiheitsk\u00e4mpfer von Amerika war. Dort haben wir auch das Haus besichtigt in dem George Washington w\u00e4hrend der Kriegszeit gelebt hat. Danach sind wir in ein Outlet gefahren, das auf dem Weg lag. Es war echt riesig mit extrem vielen L\u00e4den f\u00fcr alles m\u00f6gliche: Essen, Schuhe, Klamotten, M\u00f6bel alles erdenkliche. Doch als alle fertig waren, sind wir weiter gefahren und haben als letztes noch die Amish People besucht. Das sind streng christliche Leute, die kaum Elektronik benutzen und nach den alten Traditionen leben. Es war sehr aufschlussreich mit einer jungen Frau dort zu sprechen. Den Abend haben wir gem\u00fctlich im Hotel ausklingen lassen.<\/p>\n<p>Ab dem f\u00fcnften Tag waren wir dann bei den Homestays. Dort haben wir so viele tolle Dinge erlebt und mitbekommen. Doch ich werde nur von ein paar Highlights berichten, wie den Tag an dem wir nach Pittsburgh gefahren sind um uns ein Baseballspiel anzusehen. Das Spiel war nicht besonders spannend, doch die Kulisse und alles drumherum war beeindruckend. Es war, wie man es aus dem Fernsehen kennt, mit dem ganzen Essen und allem. Es hat einfach mega viel Spa\u00df gemacht. Zudem waren wir auch auf einer Kirmes wo es viele tolle Fahrgesch\u00e4fte gab und auch einiges anderes zu sehen. Denn am Ende fand ein Demolishion Derby statt, das ist ein Event bei dem Autos gegeneinander fahren und versuchen sich zu zerst\u00f6ren. Au\u00dferdem waren wir Wild Water raften, dort setzt man sich in ein Boot und f\u00e4hrt coole Strecken entlang und paddelt dabei selber. Danach durften wir auch an bestimmten Stellen schwimmen gehen, was auch sehr sch\u00f6n war.<\/p>\n<p>Am Ende der Reise besuchten wir dann noch Washington DC, wo wir haupts\u00e4chlich wichtige politische Orte wie das Kapitol, das Wei\u00dfe Haus oder das Lincoln Memorial besichtigt haben. Es war sehr lehrreich und wir haben viel interessantes \u00fcber die Amerikanische Geschichte gelernt.<\/p>\n<p>Alles in allem hatte ich ein fantastisches Erlebnis mit vielen erstklassigen Momenten. Dazu habe ich viele neue Freunde aus Deutschland und Amerika kennengelernt. Wir sind immer noch in Kontakt und treffen uns zum Oktoberfest wieder. Die Reise war der Wahnsinn!<\/p>\n<p>Ich hoffe, dass ich n\u00e4chstes Jahr wieder daran teilnehmen kann.<\/p>\n<p>Ferdinand<\/p>\n<p>[\/et_pb_text][\/et_pb_column][et_pb_column type=&#8221;1_4&#8243; _builder_version=&#8221;4.20.4&#8243; _module_preset=&#8221;default&#8221; global_colors_info=&#8221;{}&#8221;][\/et_pb_column][\/et_pb_row][et_pb_row column_structure=&#8221;1_2,1_2&#8243; admin_label=&#8221;Fotos Bericht 2025&#8243; _builder_version=&#8221;4.20.4&#8243; _module_preset=&#8221;default&#8221; collapsed=&#8221;on&#8221; global_colors_info=&#8221;{}&#8221;][et_pb_column type=&#8221;1_2&#8243; _builder_version=&#8221;4.20.4&#8243; _module_preset=&#8221;default&#8221; global_colors_info=&#8221;{}&#8221;][et_pb_image src=&#8221;https:\/\/www.gawc-munich.de\/wp-content\/uploads\/2025\/10\/PXL_20250728_143814843.jpg&#8221; title_text=&#8221;PXL_20250728_143814843&#8243; _builder_version=&#8221;4.27.4&#8243; _module_preset=&#8221;default&#8221; global_colors_info=&#8221;{}&#8221;][\/et_pb_image][et_pb_image src=&#8221;https:\/\/www.gawc-munich.de\/wp-content\/uploads\/2025\/10\/IMG-20250728-WA0015.jpg&#8221; title_text=&#8221;IMG-20250728-WA0015&#8243; _builder_version=&#8221;4.27.4&#8243; _module_preset=&#8221;default&#8221; global_colors_info=&#8221;{}&#8221;][\/et_pb_image][et_pb_image src=&#8221;https:\/\/www.gawc-munich.de\/wp-content\/uploads\/2025\/10\/PXL_20250727_2217221682.jpg&#8221; title_text=&#8221;PXL_20250727_221722168~2&#8243; _builder_version=&#8221;4.27.4&#8243; _module_preset=&#8221;default&#8221; global_colors_info=&#8221;{}&#8221;][\/et_pb_image][\/et_pb_column][et_pb_column type=&#8221;1_2&#8243; _builder_version=&#8221;4.20.4&#8243; _module_preset=&#8221;default&#8221; global_colors_info=&#8221;{}&#8221;][et_pb_image src=&#8221;https:\/\/www.gawc-munich.de\/wp-content\/uploads\/2025\/10\/IMG-20250729-WA0067.jpg&#8221; title_text=&#8221;IMG-20250729-WA0067&#8243; _builder_version=&#8221;4.27.4&#8243; _module_preset=&#8221;default&#8221; global_colors_info=&#8221;{}&#8221;][\/et_pb_image][et_pb_image src=&#8221;https:\/\/www.gawc-munich.de\/wp-content\/uploads\/2025\/10\/PXL_20250806_171408063.jpg&#8221; title_text=&#8221;PXL_20250806_171408063&#8243; _builder_version=&#8221;4.27.4&#8243; _module_preset=&#8221;default&#8221; global_colors_info=&#8221;{}&#8221;][\/et_pb_image][et_pb_image src=&#8221;https:\/\/www.gawc-munich.de\/wp-content\/uploads\/2025\/10\/PXL_20250730_021149576.jpg&#8221; title_text=&#8221;PXL_20250730_021149576&#8243; _builder_version=&#8221;4.27.4&#8243; _module_preset=&#8221;default&#8221; global_colors_info=&#8221;{}&#8221;][\/et_pb_image][et_pb_image src=&#8221;https:\/\/www.gawc-munich.de\/wp-content\/uploads\/2025\/10\/PXL_20250808_161112647.jpg&#8221; title_text=&#8221;PXL_20250808_161112647&#8243; _builder_version=&#8221;4.27.4&#8243; _module_preset=&#8221;default&#8221; global_colors_info=&#8221;{}&#8221;][\/et_pb_image][\/et_pb_column][\/et_pb_row][et_pb_row column_structure=&#8221;3_4,1_4&#8243; admin_label=&#8221;Zeile %22nach oben%22&#8243; _builder_version=&#8221;4.21.0&#8243; _module_preset=&#8221;default&#8221; locked=&#8221;on&#8221; collapsed=&#8221;on&#8221; global_colors_info=&#8221;{}&#8221;][et_pb_column type=&#8221;3_4&#8243; _builder_version=&#8221;4.20.0&#8243; _module_preset=&#8221;default&#8221; global_colors_info=&#8221;{}&#8221;][et_pb_divider _builder_version=&#8221;4.20.0&#8243; _module_preset=&#8221;default&#8221; global_colors_info=&#8221;{}&#8221;][\/et_pb_divider][\/et_pb_column][et_pb_column type=&#8221;1_4&#8243; _builder_version=&#8221;4.20.0&#8243; _module_preset=&#8221;default&#8221; global_colors_info=&#8221;{}&#8221;][et_pb_button button_url=&#8221;#page-container&#8221; button_text=&#8221;Nach oben zur Auswahl&#8221; _builder_version=&#8221;4.20.0&#8243; _module_preset=&#8221;default&#8221; global_colors_info=&#8221;{}&#8221;][\/et_pb_button][\/et_pb_column][\/et_pb_row][\/et_pb_section]<\/p>\n","protected":false},"excerpt":{"rendered":"<p>M\u00f6glichkeiten erlebenDas Deutsch-Amerikanische Jugendprogramm Die F\u00f6rderung der Jugendprogramme des Verbandes der Deutsch-Amerikanischen-Clubs liegt dem GAWC M\u00fcnchen sehr am Herzen. Seit vielen Jahrzehnten ist es das Ziel des Deutsch-Amerikanischen Jugendprogramms, die Freundschaft zwischen Jugendlichen im Alter zwischen 14 und 18 Jahren aus Deutschland und den USA zu f\u00f6rdern. &nbsp;Um die Menschen, die Geschichte und die Kultur [&hellip;]<\/p>\n","protected":false},"author":1,"featured_media":0,"parent":0,"menu_order":0,"comment_status":"closed","ping_status":"closed","template":"","meta":{"_et_pb_use_builder":"on","_et_pb_old_content":"","_et_gb_content_width":"","footnotes":""},"class_list":["post-1385","page","type-page","status-publish","hentry"],"_links":{"self":[{"href":"https:\/\/www.gawc-munich.de\/de_de\/wp-json\/wp\/v2\/pages\/1385","targetHints":{"allow":["GET"]}}],"collection":[{"href":"https:\/\/www.gawc-munich.de\/de_de\/wp-json\/wp\/v2\/pages"}],"about":[{"href":"https:\/\/www.gawc-munich.de\/de_de\/wp-json\/wp\/v2\/types\/page"}],"author":[{"embeddable":true,"href":"https:\/\/www.gawc-munich.de\/de_de\/wp-json\/wp\/v2\/users\/1"}],"replies":[{"embeddable":true,"href":"https:\/\/www.gawc-munich.de\/de_de\/wp-json\/wp\/v2\/comments?post=1385"}],"version-history":[{"count":10,"href":"https:\/\/www.gawc-munich.de\/de_de\/wp-json\/wp\/v2\/pages\/1385\/revisions"}],"predecessor-version":[{"id":6470,"href":"https:\/\/www.gawc-munich.de\/de_de\/wp-json\/wp\/v2\/pages\/1385\/revisions\/6470"}],"wp:attachment":[{"href":"https:\/\/www.gawc-munich.de\/de_de\/wp-json\/wp\/v2\/media?parent=1385"}],"curies":[{"name":"wp","href":"https:\/\/api.w.org\/{rel}","templated":true}]}}