{"id":1388,"date":"2023-04-21T03:35:18","date_gmt":"2023-04-21T03:35:18","guid":{"rendered":"https:\/\/www.gawc-munich.de\/jugendprogramm-copy"},"modified":"2025-09-06T13:22:36","modified_gmt":"2025-09-06T13:22:36","slug":"studentenaustausch-info","status":"publish","type":"page","link":"https:\/\/www.gawc-munich.de\/de_de\/jugendprogramm\/studentenaustausch-info","title":{"rendered":"Jugend &amp; Studierende \u2013 B: Studentenaustausch"},"content":{"rendered":"<p>[et_pb_section fb_built=&#8221;1&#8243; fullwidth=&#8221;on&#8221; _builder_version=&#8221;4.20.4&#8243; _module_preset=&#8221;default&#8221; locked=&#8221;on&#8221; collapsed=&#8221;on&#8221; global_colors_info=&#8221;{}&#8221;][et_pb_fullwidth_image src=&#8221;https:\/\/www.gawc-munich.de\/wp-content\/uploads\/2023\/04\/DAFC-Jugend-Studierende-1280&#215;480-1.jpg&#8221; title_text=&#8221;DAFC-Mobile-Version-Jugend-Studierende-680&#215;520&#8243; src_tablet=&#8221;https:\/\/www.gawc-munich.de\/wp-content\/uploads\/2023\/04\/DAFC-Jugend-Studierende-1280&#215;480-1.jpg&#8221; src_phone=&#8221;https:\/\/www.gawc-munich.de\/wp-content\/uploads\/2023\/05\/DAFC-Mobile-Version-Jugend-Studierende-680&#215;520-1.jpg&#8221; src_last_edited=&#8221;on|phone&#8221; _builder_version=&#8221;4.20.4&#8243; _module_preset=&#8221;default&#8221; global_colors_info=&#8221;{}&#8221;][\/et_pb_fullwidth_image][\/et_pb_section][et_pb_section fb_built=&#8221;1&#8243; admin_label=&#8221;Sektion HL Jugend &#038; Studierende in Aufmacherbild&#8221; _builder_version=&#8221;4.20.4&#8243; _module_preset=&#8221;default&#8221; custom_margin=&#8221;-15vw||9vw||false|false&#8221; custom_margin_tablet=&#8221;-15vw||9vw||false|false&#8221; custom_margin_phone=&#8221;-50vw||||false|false&#8221; custom_margin_last_edited=&#8221;on|phone&#8221; custom_padding=&#8221;0px||0px||false|false&#8221; global_module=&#8221;1492&#8243; locked=&#8221;off&#8221; collapsed=&#8221;off&#8221; global_colors_info=&#8221;{}&#8221;][et_pb_row _builder_version=&#8221;4.20.4&#8243; _module_preset=&#8221;default&#8221; width=&#8221;100%&#8221; max_width=&#8221;2560px&#8221; global_colors_info=&#8221;{}&#8221;][et_pb_column type=&#8221;4_4&#8243; _builder_version=&#8221;4.20.4&#8243; _module_preset=&#8221;default&#8221; global_colors_info=&#8221;{}&#8221;][et_pb_text _builder_version=&#8221;4.20.4&#8243; _module_preset=&#8221;default&#8221; text_font=&#8221;||||||||&#8221; text_text_color=&#8221;#FFFFFF&#8221; text_font_size=&#8221;5vw&#8221; text_orientation=&#8221;center&#8221; module_alignment=&#8221;center&#8221; text_font_size_tablet=&#8221;&#8221; text_font_size_phone=&#8221;10vw&#8221; text_font_size_last_edited=&#8221;on|phone&#8221; text_text_shadow_style=&#8221;preset3&#8243; global_colors_info=&#8221;{}&#8221;]<\/p>\n<p>M\u00f6glichkeiten erleben<\/p>\n<p>[\/et_pb_text][\/et_pb_column][\/et_pb_row][\/et_pb_section][et_pb_section fb_built=&#8221;1&#8243; module_class=&#8221;page_benefiz&#8221; _builder_version=&#8221;4.20.4&#8243; _module_preset=&#8221;default&#8221; global_colors_info=&#8221;{}&#8221;][et_pb_row column_structure=&#8221;3_4,1_4&#8243; _builder_version=&#8221;4.20.4&#8243; _module_preset=&#8221;default&#8221; global_colors_info=&#8221;{}&#8221;][et_pb_column type=&#8221;3_4&#8243; _builder_version=&#8221;4.20.4&#8243; _module_preset=&#8221;default&#8221; global_colors_info=&#8221;{}&#8221;][et_pb_text _builder_version=&#8221;4.21.0&#8243; _module_preset=&#8221;default&#8221; hover_enabled=&#8221;0&#8243; global_colors_info=&#8221;{}&#8221; sticky_enabled=&#8221;0&#8243;]<\/p>\n<h2>Das Deutsch-Amerikanische Studentenaustausch-Programm<\/h2>\n<p>Die deutsch-amerikanische Freundschaft zu f\u00f6rdern und die gemeinsamen Werte zu pflegen war von Anfang an das Anliegen dieses erfolgreichen Programms, das 1957 auf Initiative des Deutsch-Amerikanischen Frauenclubs M\u00fcnchen ins Leben gerufen wurde. W\u00e4hrend ihres Studienjahres im Ausland tragen die Austauschstudenten als &#8220;Kultur-Botschafter&#8221; ihres jeweiligen Heimatlandes dazu bei, Verst\u00e4ndnis f\u00fcr Gemeinsamkeiten und Unterschiede zu entwickeln.<\/p>\n<p>Der Deutsch-Amerikanische Frauenclub M\u00fcnchen ist einer von 19 Partnerclubs im Verband der Deutsch-Amerikanischen Clubs, VDAC, und unterst\u00fctzt das Deutsch-Amerikanische Studentenaustauschprogramm. Es ist das gr\u00f6\u00dfte privat finanzierte Austauschprogramm dieser Art in Deutschland.<\/p>\n<p>[\/et_pb_text][et_pb_image src=&#8221;https:\/\/www.gawc-munich.de\/wp-content\/uploads\/2023\/02\/2016-Stadtfuehrung-mit-Vizepraesidentin-Lehner.jpg&#8221; title_text=&#8221;2016 Stadtfuehrung mit Vizepraesidentin Lehner&#8221; _builder_version=&#8221;4.20.4&#8243; _module_preset=&#8221;default&#8221; global_colors_info=&#8221;{}&#8221;][\/et_pb_image][et_pb_text _builder_version=&#8221;4.21.0&#8243; _module_preset=&#8221;default&#8221; global_colors_info=&#8221;{}&#8221;]<\/p>\n<p>Die Zusammenarbeit mit rund 20 amerikanischen und 20 deutschen Universit\u00e4ten erm\u00f6glichte bis heute \u00fcber 3000 Studenten, ein Studienjahr in Amerika oder Deutschland zu verbringen.<\/p>\n<p>Bis zu 50 amerikanische und deutsche Studenten studieren jedes Jahr im jeweiligen Gastland. Deutsche Studenten erhalten von den amerikanischen Partneruniversit\u00e4ten ein Stipendium und amerikanische Studenten erhalten ein Stipendium des VDAC f\u00fcr ihre Zeit in Deutschland.<\/p>\n<p>[\/et_pb_text][\/et_pb_column][et_pb_column type=&#8221;1_4&#8243; _builder_version=&#8221;4.20.4&#8243; _module_preset=&#8221;default&#8221; global_colors_info=&#8221;{}&#8221;][\/et_pb_column][\/et_pb_row][et_pb_row column_structure=&#8221;3_4,1_4&#8243; _builder_version=&#8221;4.20.4&#8243; _module_preset=&#8221;default&#8221; global_colors_info=&#8221;{}&#8221;][et_pb_column type=&#8221;3_4&#8243; _builder_version=&#8221;4.20.4&#8243; _module_preset=&#8221;default&#8221; global_colors_info=&#8221;{}&#8221;][et_pb_image src=&#8221;https:\/\/www.gawc-munich.de\/wp-content\/uploads\/2024\/07\/354-event-75-Jahre-womans-club&#8211;scaled.jpg&#8221; title_text=&#8221;354 event 75 Jahre womans club&#8221; _builder_version=&#8221;4.27.4&#8243; _module_preset=&#8221;default&#8221; hover_enabled=&#8221;0&#8243; global_colors_info=&#8221;{}&#8221; sticky_enabled=&#8221;0&#8243; module_alignment=&#8221;left&#8221; width=&#8221;30%&#8221; height=&#8221;30%&#8221;][\/et_pb_image][et_pb_text _builder_version=&#8221;4.27.4&#8243; _module_preset=&#8221;default&#8221; hover_enabled=&#8221;0&#8243; global_colors_info=&#8221;{}&#8221; sticky_enabled=&#8221;0&#8243;]<\/p>\n<p>&nbsp;<\/p>\n<p><strong>Organisation: Petra Bohlein<\/strong>. GAWC Chairlady Studentenaustausch<br \/><a href=\"mailto:studenten@gawc-munich.de\"><strong>studenten@gawc-munich.de<\/strong><\/a><\/p>\n<p>[\/et_pb_text][et_pb_button button_url=&#8221;\/wp-content\/uploads\/2023\/04\/bewerbungsformular.pdf&#8221; url_new_window=&#8221;on&#8221; button_text=&#8221;Bewerbungsformular&#8221; _builder_version=&#8221;4.20.4&#8243; _module_preset=&#8221;default&#8221; global_colors_info=&#8221;{}&#8221;][\/et_pb_button][et_pb_text _builder_version=&#8221;4.20.4&#8243; _module_preset=&#8221;default&#8221; global_colors_info=&#8221;{}&#8221;]<\/p>\n<h3>Wichtige Informationen des VDAC zum Studentenaustausch<\/h3>\n<h4>Finanzierung (bilaterales System)<\/h4>\n<p>Die deutschen Studenten erhalten von den amerikanischen Partneruniversit\u00e4ten ein Stipendium, das im allgemeinen den Erlass der sehr hohen Studiengeb\u00fchren und einen kleinen Beitrag zum Lebensunterhalt umfasst. Im Gegenzug erhalten die von den amerikanischen Partner-Universit\u00e4ten vorgeschlagenen amerikanischen Studenten monatlich ein Stipendium des Verbandes in H\u00f6he des BAf\u00f6G-Satzes f\u00fcr ein Studienjahr (10 Monate) sowie den Erlass der Studiengeb\u00fchren, soweit sie anfallen. Au\u00dferdem bekommen die Studenten eine Bahncard. Dieses Geld wird von den dem Verband angeschlossenen Clubs gespendet.<\/p>\n<p>Einige Bundesl\u00e4nder gew\u00e4hren zus\u00e4tzlich Voll- oder Teilstipendien (z.Zt. zwei Voll- und vier Teilstipendien). Das Ausw\u00e4rtige Amt gew\u00e4hrt Zusch\u00fcsse f\u00fcr Seminarkosten.<\/p>\n<p>Die gesamte Arbeit im Verband und in den Clubs geschieht ausschlie\u00dflich ehrenamtlich.<\/p>\n<p>&nbsp;<\/p>\n<h4>Arbeitsweise und Bewerbungsverfahren<\/h4>\n<p>Nicht nur die Finanzierung, auch die Arbeitsweise des Programms ist bilateral.<\/p>\n<p>Auf deutscher Seite haben ausschlie\u00dflich die Mitgliederclubs des Verbandes das Recht, Kandidaten vorzuschlagen. Interessierte Studenten bewerben sich bei der \u201eLocal Chairperson&#8221; des jeweiligen Clubs, wo sie auch Ausk\u00fcnfte und Bewerbungsunterlagen erhalten. Nach einem pers\u00f6nlichen Auswahlgespr\u00e4ch gehen die Nominierungen mit einem Gutachten der Chairperson an das Studentenaustauschkomitee des Verbandes, wo die endg\u00fcltige Auswahl getroffen wird. F\u00fcr die angenommenen Studenten werden geeignete Studienpl\u00e4tze an den amerikanischen Partner-Universit\u00e4ten ausgesucht und die Zulassungsvorg\u00e4nge eingeleitet. Die endg\u00fcltige Entscheidung \u00fcber die Gew\u00e4hrung des Stipendiums und \u00fcber die Zulassung liegt bei der amerikanischen Universit\u00e4t.<\/p>\n<p>Die amerikanischen Studenten werden von den Programmbetreuern der Partneruniversit\u00e4ten ausgew\u00e4hlt und dem Studentenaustauschkomitee vorgeschlagen. Dieses sucht f\u00fcr sie je nach Eignung und Studienfach die deutsche Gastuniversit\u00e4t aus. Die Studenten k\u00f6nnen sich an 22 Universit\u00e4ten einschreiben und werden dort von den jeweiligen Verbandsclubs betreut.<\/p>\n<p>&nbsp;<\/p>\n<h4>Voraussetzungen f\u00fcr die Bewerbung deutscher Studenten<\/h4>\n<ul>\n<li>Studentinnen und Studenten m\u00fcssen bei Stipendienantritt ledig sein und d\u00fcrfen nicht \u00e4lter als 25 Jahre sein.<\/li>\n<li>Sie m\u00fcssen einen deutschen Wohnsitz und das deutsche Abitur haben.<\/li>\n<li>Zum Zeitpunkt der Bewerbung m\u00fcssen sie mindestens zwei Semester Studium an einer deutschen Hochschule vorweisen, d.h. vier Semester bei Antritt des Stipendiums.<\/li>\n<li>F\u00fcr die Zulassung zu \u201egraduate studies&#8221; sind nach der alten Studienordnung das Vordiplom\/Vorpr\u00fcfung plus zwei Semester Hauptstudium erforderlich, f\u00fcr den Bachelor-Abschluss gibt es neue Bestimmungen, die noch nicht einheitlich sind.<\/li>\n<li>Gute akademische Leistungen sind Voraussetzung.<\/li>\n<li>Ebenso gute Englischkenntnisse, die durch einen TOEFL-Test, gegebenenfalls durch einen GMAT oder GRE, nachgewiesen werden m\u00fcssen.<\/li>\n<li>Bewerbungen f\u00fcr Medizin, Zahn- und Tiermedizin sowie Jura sind wegen der sehr abweichenden Studieng\u00e4nge nicht m\u00f6glich.<\/li>\n<li>Bewerbungsschluss beim Studentenkomitee ist j\u00e4hrlich der 30. September, ein Jahr vor Antritt des Stipendiums.<\/li>\n<li>Individuelle Anmeldeschlusszeiten der \u00f6rtlichen Clubs m\u00fcssen erfragt werden.<\/li>\n<li>Das Austauschjahr dauert von August\/September bis Mai\/Juni des folgenden Jahres.<\/li>\n<\/ul>\n<p>&nbsp;<\/p>\n<h4>Stipendium<\/h4>\n<p>Der Verband vermittelt f\u00fcr die deutschen Studenten Stipendien unserer 20 Partneruniversit\u00e4ten in den USA. Das Stipendium wird von der amerikanischen Universit\u00e4t zur Verf\u00fcgung gestellt und beinhaltet die Befreiung von den sehr hohen Studiengeb\u00fchren.<\/p>\n<p>Der Wert eines solchen Stipendiums entspricht je nach Universit\u00e4t bis zu $ 30.000. Zus\u00e4tzlich kann je nach College\/Universit\u00e4t ein Beitrag zu den Lebenshaltungskosten bis hin zu freier Kost und Logis gew\u00e4hrt werden.<\/p>\n<p>Grunds\u00e4tzlich sollte davon ausgegangen werden, dass die Lebenshaltungskosten, besonders die Kosten f\u00fcr die Wohnung, in den USA h\u00f6her sind als in Deutschland.<\/p>\n<p>Bei Graduate-Studenten kann mit dem Stipendium eine bezahlte Assistentent\u00e4tigkeit verbunden sein. Die Mitarbeit im German Department oder German\/International House bzw. Club wird erwartet.<\/p>\n<p>Die Reisekosten m\u00fcssen selbst \u00fcbernommen werden. Es besteht jedoch die M\u00f6glichkeit, sich beim Akademischen Auslandsamt rechtzeitig (bis Januar) um ein Reisestipendium der Fulbright-Kommission zu bewerben.<\/p>\n<p>Es wird eine nicht r\u00fcckzahlbare Anmeldegeb\u00fchr in H\u00f6he von \u20ac100,&#8211; erhoben.<\/p>\n<p>Nach Annahme des angebotenen Studienplatzes an der amerikanischen Universit\u00e4t muss eine Kaution in H\u00f6he von \u20ac300,&#8211; hinterlegt werden, die nach der R\u00fcckkehr nach Deutschland zur\u00fcckerstattet wird.<\/p>\n<p>&nbsp;<\/p>\n<h4>Betreuung und Seminare<\/h4>\n<p>Eine wichtige Besonderheit unseres Verbandsprogramms ist die pers\u00f6nliche Betreuung auf deutscher wie auf amerikanischer Seite.<\/p>\n<p>Den gr\u00f6\u00dften Anteil daran haben auf deutscher Seite die \u201eLocal Chairpersons\u201c als Vertreter der \u00f6rtlichen Clubs, die sich auf vielf\u00e4ltige Weise um die Belange der amerikanischen Studenten k\u00fcmmern, angefangen beim Empfang in Deutschland, Hilfe bei der Wohnraumbeschaffung und bei den erforderlichen Beh\u00f6rdeng\u00e4ngen, der Vermittlung von Studienberatung oder Sprachkursen bis hin zur ganzj\u00e4hrigen pers\u00f6nlichen Betreuung. Die Austauschstudenten sind auch gern gesehene G\u00e4ste bei Clubveranstaltungen.<\/p>\n<p>Die deutschen Studenten genie\u00dfen die Vorz\u00fcge unseres \u201eNetzwerks\u201c. Sie kommen schon vor ihrer Abreise in die USA in Kontakt mit ihren Vorg\u00e4ngern an ihrer k\u00fcnftigen Universit\u00e4t und erhalten so wertvolle Informationen und Hilfe.<\/p>\n<p>Auf einem Orientierungsseminar im Juni vor ihrer Abreise lernen sie zudem die amerikanischen Stipendiaten pers\u00f6nlich kennen. Auch hier entwickeln sich Verbindungen, die f\u00fcr das kommende Jahr wertvoll sind.<\/p>\n<p>Im Gegenzug sind die deutschen Studenten schon w\u00e4hrend des Bewerbungsjahres und nach ihrer R\u00fcckkehr gefordert, den amerikanischen Studenten, die ihr Auslandsjahr hier verbringen, so viel wie m\u00f6glich behilflich zu sein, haupts\u00e4chlich vor Ort an den Universit\u00e4ten.<\/p>\n<p>F\u00fcnf Seminare j\u00e4hrlich f\u00fcr die amerikanischen Studenten sowie f\u00fcr die Bewerber und die R\u00fcckkehrer sollen der Kontaktpflege, der Vermittlung kultureller und politischer Inhalte, dem Kennenlernen von Land und Leuten sowie der Pflege des Verbandsbewusstseins dienen.<\/p>\n<p>Hierbei kommt dem Club der ehemaligen Austauschstudenten (DAAC) eine wichtige Funktion zu. Dessen Mitglieder engagieren sich bei den Seminaren und unterst\u00fctzen die Ziele des Verbandes auf vielf\u00e4ltige Weise.<\/p>\n<p>&nbsp;<\/p>\n<h4>Erwartungen des Verbandes an deutsche Stipendiaten<\/h4>\n<ul>\n<li>Auftreten und pers\u00f6nliches Engagement im Sinne der Verbandsziele als \u201eBotschafter der deutsch-amerikanischen Freundschaft\u201c<\/li>\n<li>Anpassung an die gegebenen Verh\u00e4ltnisse innerhalb und au\u00dferhalb der Gastuniversit\u00e4t<\/li>\n<li>Absolvierung der geforderten Mindeststundenzahl<\/li>\n<li>Abfassung von zwei Berichten f\u00fcr die Verbandszeitschrift GAZETTE<\/li>\n<li>Teilnahme an zwei Orientierungsseminaren<\/li>\n<li>Wenn m\u00f6glich nach der R\u00fcckkehr Mitarbeit im Deutsch-Amerikanischen Austausch-Studentenclub DAAC.<\/li>\n<\/ul>\n<p>Wir verstehen unser Stipendienprogramm nicht in erster Linie als Karrieref\u00f6rderma\u00dfnahme, sondern wir wollen zuk\u00fcnftige Akademiker auf beiden Seiten des Atlantiks zu Tr\u00e4gern der deutsch-amerikanischen V\u00f6lkerverst\u00e4ndigung machen unter dem Motto \u201eVerst\u00e4ndnis durch gegenseitiges Kennenlernen\u201c. Unser Austauschprogramm m\u00f6chte die daran teilnehmenden Studenten dazu anregen, nicht nur pers\u00f6nliches N\u00fctzlichkeitsdenken an die erste Stelle ihrer Lebensplanung zu setzen, sondern sich f\u00fcr eine wichtige gesellschaftspolitische Aufgabe einzusetzen.<\/p>\n<p>[\/et_pb_text][\/et_pb_column][et_pb_column type=&#8221;1_4&#8243; _builder_version=&#8221;4.20.4&#8243; _module_preset=&#8221;default&#8221; global_colors_info=&#8221;{}&#8221;][\/et_pb_column][\/et_pb_row][et_pb_row column_structure=&#8221;3_4,1_4&#8243; admin_label=&#8221;Zeile %22nach oben%22&#8243; _builder_version=&#8221;4.21.0&#8243; _module_preset=&#8221;default&#8221; locked=&#8221;on&#8221; collapsed=&#8221;on&#8221; global_colors_info=&#8221;{}&#8221;][et_pb_column type=&#8221;3_4&#8243; _builder_version=&#8221;4.20.0&#8243; _module_preset=&#8221;default&#8221; global_colors_info=&#8221;{}&#8221;][et_pb_divider _builder_version=&#8221;4.20.0&#8243; _module_preset=&#8221;default&#8221; global_colors_info=&#8221;{}&#8221;][\/et_pb_divider][\/et_pb_column][et_pb_column type=&#8221;1_4&#8243; _builder_version=&#8221;4.20.0&#8243; _module_preset=&#8221;default&#8221; global_colors_info=&#8221;{}&#8221;][et_pb_button button_url=&#8221;#page-container&#8221; button_text=&#8221;Nach oben zur Auswahl&#8221; _builder_version=&#8221;4.20.0&#8243; _module_preset=&#8221;default&#8221; global_colors_info=&#8221;{}&#8221;][\/et_pb_button][\/et_pb_column][\/et_pb_row][\/et_pb_section]<\/p>\n","protected":false},"excerpt":{"rendered":"<p>M\u00f6glichkeiten erlebenDas Deutsch-Amerikanische Studentenaustausch-Programm Die deutsch-amerikanische Freundschaft zu f\u00f6rdern und die gemeinsamen Werte zu pflegen war von Anfang an das Anliegen dieses erfolgreichen Programms, das 1957 auf Initiative des Deutsch-Amerikanischen Frauenclubs M\u00fcnchen ins Leben gerufen wurde. W\u00e4hrend ihres Studienjahres im Ausland tragen die Austauschstudenten als &#8220;Kultur-Botschafter&#8221; ihres jeweiligen Heimatlandes dazu bei, Verst\u00e4ndnis f\u00fcr Gemeinsamkeiten und [&hellip;]<\/p>\n","protected":false},"author":1,"featured_media":0,"parent":1385,"menu_order":0,"comment_status":"closed","ping_status":"closed","template":"","meta":{"_et_pb_use_builder":"on","_et_pb_old_content":"","_et_gb_content_width":"","footnotes":""},"class_list":["post-1388","page","type-page","status-publish","hentry"],"_links":{"self":[{"href":"https:\/\/www.gawc-munich.de\/de_de\/wp-json\/wp\/v2\/pages\/1388","targetHints":{"allow":["GET"]}}],"collection":[{"href":"https:\/\/www.gawc-munich.de\/de_de\/wp-json\/wp\/v2\/pages"}],"about":[{"href":"https:\/\/www.gawc-munich.de\/de_de\/wp-json\/wp\/v2\/types\/page"}],"author":[{"embeddable":true,"href":"https:\/\/www.gawc-munich.de\/de_de\/wp-json\/wp\/v2\/users\/1"}],"replies":[{"embeddable":true,"href":"https:\/\/www.gawc-munich.de\/de_de\/wp-json\/wp\/v2\/comments?post=1388"}],"version-history":[{"count":2,"href":"https:\/\/www.gawc-munich.de\/de_de\/wp-json\/wp\/v2\/pages\/1388\/revisions"}],"predecessor-version":[{"id":5301,"href":"https:\/\/www.gawc-munich.de\/de_de\/wp-json\/wp\/v2\/pages\/1388\/revisions\/5301"}],"up":[{"embeddable":true,"href":"https:\/\/www.gawc-munich.de\/de_de\/wp-json\/wp\/v2\/pages\/1385"}],"wp:attachment":[{"href":"https:\/\/www.gawc-munich.de\/de_de\/wp-json\/wp\/v2\/media?parent=1388"}],"curies":[{"name":"wp","href":"https:\/\/api.w.org\/{rel}","templated":true}]}}