{"id":1415,"date":"2023-04-21T03:48:56","date_gmt":"2023-04-21T03:48:56","guid":{"rendered":"https:\/\/www.gawc-munich.de\/mitgliedertreffen-copy"},"modified":"2025-07-10T16:34:37","modified_gmt":"2025-07-10T16:34:37","slug":"interessengruppen","status":"publish","type":"page","link":"https:\/\/www.gawc-munich.de\/de_de\/mitgliedertreffen\/interessengruppen","title":{"rendered":"Clubleben &amp; Termine \u2013 B: Interessengruppen"},"content":{"rendered":"<p>[et_pb_section fb_built=&#8221;1&#8243; fullwidth=&#8221;on&#8221; _builder_version=&#8221;4.20.4&#8243; _module_preset=&#8221;default&#8221; locked=&#8221;on&#8221; collapsed=&#8221;on&#8221; global_colors_info=&#8221;{}&#8221;][et_pb_fullwidth_image src=&#8221;https:\/\/www.gawc-munich.de\/wp-content\/uploads\/2023\/04\/DAFC-Clubleben-1280&#215;480-1.jpg&#8221; title_text=&#8221;DAFC-Mobile-Version-Clubleben-680&#215;520&#8243; src_tablet=&#8221;https:\/\/www.gawc-munich.de\/wp-content\/uploads\/2023\/04\/DAFC-Clubleben-1280&#215;480-1.jpg&#8221; src_phone=&#8221;https:\/\/www.gawc-munich.de\/wp-content\/uploads\/2023\/05\/DAFC-Mobile-Version-Clubleben-680&#215;520-1.jpg&#8221; src_last_edited=&#8221;on|phone&#8221; _builder_version=&#8221;4.20.4&#8243; _module_preset=&#8221;default&#8221; global_colors_info=&#8221;{}&#8221;][\/et_pb_fullwidth_image][\/et_pb_section][et_pb_section fb_built=&#8221;1&#8243; admin_label=&#8221;Sektion HL Clubleben &#038; Termine in Aufmacherbild&#8221; _builder_version=&#8221;4.20.4&#8243; _module_preset=&#8221;default&#8221; custom_margin=&#8221;-15vw||9vw||false|false&#8221; custom_margin_tablet=&#8221;-15vw||9vw||false|false&#8221; custom_margin_phone=&#8221;-15vw||9vw||false|false&#8221; custom_margin_last_edited=&#8221;on|phone&#8221; custom_padding=&#8221;0px||0px||false|false&#8221; global_module=&#8221;1495&#8243; locked=&#8221;off&#8221; collapsed=&#8221;on&#8221; global_colors_info=&#8221;{}&#8221;][et_pb_row _builder_version=&#8221;4.20.4&#8243; _module_preset=&#8221;default&#8221; width=&#8221;100%&#8221; max_width=&#8221;2560px&#8221; collapsed=&#8221;on&#8221; global_colors_info=&#8221;{}&#8221;][et_pb_column type=&#8221;4_4&#8243; _builder_version=&#8221;4.20.4&#8243; _module_preset=&#8221;default&#8221; global_colors_info=&#8221;{}&#8221;][et_pb_text _builder_version=&#8221;4.20.4&#8243; _module_preset=&#8221;default&#8221; text_font=&#8221;||||||||&#8221; text_text_color=&#8221;#FFFFFF&#8221; text_font_size=&#8221;5vw&#8221; text_orientation=&#8221;center&#8221; module_alignment=&#8221;center&#8221; text_font_size_tablet=&#8221;&#8221; text_font_size_phone=&#8221;10vw&#8221; text_font_size_last_edited=&#8221;on|phone&#8221; text_text_shadow_style=&#8221;preset3&#8243; global_colors_info=&#8221;{}&#8221;]<\/p>\n<p>Gemeinsam erleben<\/p>\n<p>[\/et_pb_text][\/et_pb_column][\/et_pb_row][\/et_pb_section][et_pb_section fb_built=&#8221;1&#8243; module_class=&#8221;page_benefiz&#8221; _builder_version=&#8221;4.20.4&#8243; _module_preset=&#8221;default&#8221; collapsed=&#8221;off&#8221; global_colors_info=&#8221;{}&#8221;][et_pb_row column_structure=&#8221;3_4,1_4&#8243; _builder_version=&#8221;4.20.4&#8243; _module_preset=&#8221;default&#8221; global_colors_info=&#8221;{}&#8221;][et_pb_column type=&#8221;3_4&#8243; _builder_version=&#8221;4.20.4&#8243; _module_preset=&#8221;default&#8221; global_colors_info=&#8221;{}&#8221;][et_pb_text admin_label=&#8221;Text Intro&#8221; _builder_version=&#8221;4.26.0&#8243; _module_preset=&#8221;default&#8221; global_colors_info=&#8221;{}&#8221;]<\/p>\n<h2>Interessengruppen<\/h2>\n<p>Wir legen Wert auf ein freundschaftliches Miteinander und pflegen vielf\u00e4ltige gemeinsame Aktivit\u00e4ten. Unsere Mitglieder bieten auf privater Basis unentgeltlich und ehrenamtlich jeden Monat regelm\u00e4\u00dfig Veranstaltungen an (die aktuellen Termine finden Sie unter der Seite <a href=\"\/jahresprogramm\">Jahresprogramm<\/a>) \u00a0in folgenden Bereichen:<a href=\"mailto:kunold@gawc-munich.de\"><\/a><a href=\"mailto:cornelia.schneck@web.de\"><\/a><a href=\"mailto:kunold@gawc-munich.de\"><\/a><a href=\"mailto:anders@gawc-munich.de\"><\/a><\/p>\n<p>[\/et_pb_text][et_pb_text admin_label=&#8221;Text AMERICAN CULTURE AND CONVERSATION&#8221; _builder_version=&#8221;4.27.4&#8243; _module_preset=&#8221;default&#8221; global_colors_info=&#8221;{}&#8221;]<\/p>\n<p>AMERICAN CULTURE AND CONVERSATION<br \/>Chairladies: Monika Deuerlein<br \/>Bitte melden Sie sich an:\u00a0<a href=\"mailto:am.culture@gawc-munich.de\">am.culture@gawc-munich.de<\/a><a href=\"mailto:cornelia.schneck@web.de\"><\/a><a href=\"mailto:kunold@gawc-munich.de\"><\/a><a href=\"mailto:anders@gawc-munich.de\"><\/a><\/p>\n<p>[\/et_pb_text][et_pb_text admin_label=&#8221;Text cinema&#8221; _builder_version=&#8221;4.27.4&#8243; _module_preset=&#8221;default&#8221; global_colors_info=&#8221;{}&#8221;]<\/p>\n<p>CINEMA GROUP<br \/>meets last week of the month to attend an English movie<br \/>Chairlady: Carolyn Berger und Sandra Hirschmann<br \/>Bitte melden Sie sich an: <a href=\"mailto:cinema@gawc-munich.de\">cinema@gawc-munich.de<\/a>\u00a0<a href=\"mailto:anders@gawc-munich.de\"><\/a><\/p>\n<p>[\/et_pb_text][et_pb_text admin_label=&#8221;Text Frz. Konversation&#8221; _builder_version=&#8221;4.27.4&#8243; _module_preset=&#8221;default&#8221; global_colors_info=&#8221;{}&#8221;]<\/p>\n<p>CONVERSATION FRANC\u0327AISE<br \/>Chairlady:\u00a0Mechtild May<br \/>Bitte melden Sie sich an:\u00a0<a href=\"mailto:conversation.fr@gawc-munich.de\">conversation.fr@gawc-munich.de<\/a><a href=\"mailto:anders@gawc-munich.de\"><\/a><\/p>\n<p>[\/et_pb_text][et_pb_text admin_label=&#8221;Text Cooking with friends&#8221; _builder_version=&#8221;4.27.4&#8243; _module_preset=&#8221;default&#8221; global_colors_info=&#8221;{}&#8221;]<\/p>\n<p>COOKING WITH FRIENDS<br \/>Chairlady: Johanna May<br \/>Bitte melden Sie sich an:\u00a0<a href=\"mailto:cooking@gawc-munich.de\">cooking@gawc-munich.de<\/a><\/p>\n<p>[\/et_pb_text][\/et_pb_column][et_pb_column type=&#8221;1_4&#8243; _builder_version=&#8221;4.20.4&#8243; _module_preset=&#8221;default&#8221; global_colors_info=&#8221;{}&#8221;][\/et_pb_column][\/et_pb_row][et_pb_row column_structure=&#8221;1_3,1_3,1_3&#8243; _builder_version=&#8221;4.20.4&#8243; _module_preset=&#8221;default&#8221; global_colors_info=&#8221;{}&#8221;][et_pb_column type=&#8221;1_3&#8243; _builder_version=&#8221;4.20.4&#8243; _module_preset=&#8221;default&#8221; global_colors_info=&#8221;{}&#8221;][et_pb_image src=&#8221;https:\/\/www.gawc-munich.de\/wp-content\/uploads\/2024\/07\/Kochgruppe.jpg&#8221; title_text=&#8221;Kochgruppe&#8221; _builder_version=&#8221;4.26.0&#8243; _module_preset=&#8221;default&#8221; global_colors_info=&#8221;{}&#8221;][\/et_pb_image][\/et_pb_column][et_pb_column type=&#8221;1_3&#8243; _builder_version=&#8221;4.20.4&#8243; _module_preset=&#8221;default&#8221; global_colors_info=&#8221;{}&#8221;][et_pb_image src=&#8221;https:\/\/www.gawc-munich.de\/wp-content\/uploads\/2024\/07\/20240625_112831-scaled.jpg&#8221; title_text=&#8221;20240625_112831&#8243; _builder_version=&#8221;4.26.0&#8243; _module_preset=&#8221;default&#8221; global_colors_info=&#8221;{}&#8221;][\/et_pb_image][\/et_pb_column][et_pb_column type=&#8221;1_3&#8243; _builder_version=&#8221;4.20.4&#8243; _module_preset=&#8221;default&#8221; global_colors_info=&#8221;{}&#8221;][\/et_pb_column][\/et_pb_row][et_pb_row column_structure=&#8221;3_4,1_4&#8243; _builder_version=&#8221;4.20.4&#8243; _module_preset=&#8221;default&#8221; global_colors_info=&#8221;{}&#8221;][et_pb_column type=&#8221;3_4&#8243; _builder_version=&#8221;4.20.4&#8243; _module_preset=&#8221;default&#8221; global_colors_info=&#8221;{}&#8221;][et_pb_text admin_label=&#8221;Text Golfgruppe&#8221; _builder_version=&#8221;4.27.4&#8243; _module_preset=&#8221;default&#8221; global_colors_info=&#8221;{}&#8221;]<\/p>\n<p>GOLF GROUP<br \/>Golfbegeisterte Damen treffen sich f\u00fcr entspannte Runden auf dem Gr\u00fcn. Das Niveau ist nebensachlich, der Spa\u00df steht im Vordergrund.<br \/>Chairlady: Angelika Uthoff<br \/>Bitte melden Sie sich an: <a href=\"mailto:uthoff@gawc-munich.de\">uthoff@gawc-munich.de<\/a><\/p>\n<p>[\/et_pb_text][et_pb_text admin_label=&#8221;Text Happy Hour&#8221; _builder_version=&#8221;4.26.0&#8243; _module_preset=&#8221;default&#8221; global_colors_info=&#8221;{}&#8221;]<\/p>\n<p>&nbsp;<\/p>\n<p>HAPPY HOUR<br \/>einmal im Monat an einem Mittwoch zwischen 17:30 und 19:30 Uhr an der &#8220;essbar&#8221; in den F\u00fcnf H\u00f6fen<br \/>Chairlady: Heidrun G\u00e4bisch<br \/>keine Anmeldung notwendig<\/p>\n<p>[\/et_pb_text][et_pb_image src=&#8221;https:\/\/www.gawc-munich.de\/wp-content\/uploads\/2023\/05\/Interessengruppen-Happy-Hour.jpg&#8221; title_text=&#8221;Interessengruppen Happy Hour&#8221; _builder_version=&#8221;4.21.0&#8243; _module_preset=&#8221;default&#8221; global_colors_info=&#8221;{}&#8221;][\/et_pb_image][et_pb_text disabled_on=&#8221;on|on|on&#8221; admin_label=&#8221;Text Konzertgruppe&#8221; _builder_version=&#8221;4.27.4&#8243; _module_preset=&#8221;default&#8221; disabled=&#8221;on&#8221; global_colors_info=&#8221;{}&#8221;]<\/p>\n<p>&nbsp;<\/p>\n<p>KONZERTGRUPPE<br \/>Chairlady: Dr. Ursula Hutter<br \/>Bitte melden Sie sich an:\u00a0<a href=\"mailto:konzert@gawc-munich.de\">konzert@gawc-munich.de<\/a><\/p>\n<p>[\/et_pb_text][et_pb_image src=&#8221;https:\/\/www.gawc-munich.de\/wp-content\/uploads\/2023\/04\/2017-Konzertgruppe-2-scaled.jpg&#8221; title_text=&#8221;SONY DSC&#8221; disabled_on=&#8221;on|on|on&#8221; _builder_version=&#8221;4.26.0&#8243; _module_preset=&#8221;default&#8221; disabled=&#8221;on&#8221; global_colors_info=&#8221;{}&#8221;][\/et_pb_image][et_pb_text admin_label=&#8221;Text Kunstgruppe&#8221; _builder_version=&#8221;4.27.4&#8243; _module_preset=&#8221;default&#8221; global_colors_info=&#8221;{}&#8221;]<\/p>\n<p>&nbsp;<\/p>\n<p>KUNSTGRUPPE<br \/>Chairladies: Uschi Tr\u00fcmper, Claudia Kappler<br \/>Bitte melden Sie sich an: <a href=\"mailto:kunst@gawc-munich.de\">kunst@gawc-munich.de<\/a><\/p>\n<p>[\/et_pb_text][et_pb_image src=&#8221;https:\/\/www.gawc-munich.de\/wp-content\/uploads\/2024\/07\/Kunstgruppe-scaled.jpeg&#8221; title_text=&#8221;Kunstgruppe&#8221; _builder_version=&#8221;4.26.0&#8243; _module_preset=&#8221;default&#8221; global_colors_info=&#8221;{}&#8221;][\/et_pb_image][et_pb_text admin_label=&#8221;Text Stammtisch&#8221; _builder_version=&#8221;4.27.4&#8243; _module_preset=&#8221;default&#8221; hover_enabled=&#8221;0&#8243; global_colors_info=&#8221;{}&#8221; sticky_enabled=&#8221;0&#8243;]<\/p>\n<p>&nbsp;<\/p>\n<p>STAMMTISCH<br \/>je zweimal im Monat an einem Donnerstag um 12:00 Uhr im Sp\u00f6ckmeier am Marienplatz<br \/>Chairlady: Barbara Caspers<br \/>Bitte melden Sie sich an:\u00a0<a href=\"mailto:stammtisch@gawc-munich.de\">stammtisch@gawc-munich.de<\/a><\/p>\n<p>[\/et_pb_text][\/et_pb_column][et_pb_column type=&#8221;1_4&#8243; _builder_version=&#8221;4.20.4&#8243; _module_preset=&#8221;default&#8221; global_colors_info=&#8221;{}&#8221;][\/et_pb_column][\/et_pb_row][et_pb_row column_structure=&#8221;1_3,1_3,1_3&#8243; _builder_version=&#8221;4.20.4&#8243; _module_preset=&#8221;default&#8221; global_colors_info=&#8221;{}&#8221;][et_pb_column type=&#8221;1_3&#8243; _builder_version=&#8221;4.20.4&#8243; _module_preset=&#8221;default&#8221; global_colors_info=&#8221;{}&#8221;][et_pb_image src=&#8221;https:\/\/www.gawc-munich.de\/wp-content\/uploads\/2023\/04\/Stammtisch-Aug2017-4-scaled.jpg&#8221; title_text=&#8221;Stammtisch Aug2017 4&#8243; _builder_version=&#8221;4.20.4&#8243; _module_preset=&#8221;default&#8221; global_colors_info=&#8221;{}&#8221;][\/et_pb_image][\/et_pb_column][et_pb_column type=&#8221;1_3&#8243; _builder_version=&#8221;4.20.4&#8243; _module_preset=&#8221;default&#8221; global_colors_info=&#8221;{}&#8221;][et_pb_image src=&#8221;https:\/\/www.gawc-munich.de\/wp-content\/uploads\/2023\/04\/2022-09-stammtisch.jpg&#8221; title_text=&#8221;2022 09 stammtisch&#8221; _builder_version=&#8221;4.20.4&#8243; _module_preset=&#8221;default&#8221; global_colors_info=&#8221;{}&#8221;][\/et_pb_image][\/et_pb_column][et_pb_column type=&#8221;1_3&#8243; _builder_version=&#8221;4.20.4&#8243; _module_preset=&#8221;default&#8221; global_colors_info=&#8221;{}&#8221;][\/et_pb_column][\/et_pb_row][et_pb_row column_structure=&#8221;3_4,1_4&#8243; _builder_version=&#8221;4.20.4&#8243; _module_preset=&#8221;default&#8221; global_colors_info=&#8221;{}&#8221;][et_pb_column type=&#8221;3_4&#8243; _builder_version=&#8221;4.20.4&#8243; _module_preset=&#8221;default&#8221; global_colors_info=&#8221;{}&#8221;][et_pb_text admin_label=&#8221;Text Wandergruppe&#8221; _builder_version=&#8221;4.27.4&#8243; _module_preset=&#8221;default&#8221; global_colors_info=&#8221;{}&#8221;]<\/p>\n<p>&nbsp;<\/p>\n<p>WANDERGRUPPE<br \/>Chairlady: Hilde Kramer<br \/>Bitte melden Sie sich an:\u00a0<a href=\"mailto:wandern@gawc-munich.de\">wandern@gawc-munich.de<\/a><a href=\"mailto:kellner@gawc-munich.de\"><\/a><\/p>\n<p>[\/et_pb_text][et_pb_image src=&#8221;https:\/\/www.gawc-munich.de\/wp-content\/uploads\/2024\/07\/Wandergruppe-scaled.jpg&#8221; title_text=&#8221;Wandergruppe&#8221; _builder_version=&#8221;4.26.0&#8243; _module_preset=&#8221;default&#8221; global_colors_info=&#8221;{}&#8221;][\/et_pb_image][et_pb_text admin_label=&#8221;Text Regeln&#8221; _builder_version=&#8221;4.27.4&#8243; _module_preset=&#8221;default&#8221; global_colors_info=&#8221;{}&#8221;]<\/p>\n<p>Die Veranstaltungen sind f\u00fcr Clubmitglieder. Damen, die Interesse haben, den Club kennenzulernen, k\u00f6nnen sich gerne an die Interessentinnenbeauftragte Traudl Schmid wenden: <a href=\"mailto:interesssentinnen@gawc-munich.de\">interessentinnen@gawc-munich.de<\/a><\/p>\n<p>[\/et_pb_text][\/et_pb_column][et_pb_column type=&#8221;1_4&#8243; _builder_version=&#8221;4.20.4&#8243; _module_preset=&#8221;default&#8221; global_colors_info=&#8221;{}&#8221;][\/et_pb_column][\/et_pb_row][et_pb_row column_structure=&#8221;3_4,1_4&#8243; admin_label=&#8221;Zeile %22nach oben%22&#8243; _builder_version=&#8221;4.21.0&#8243; _module_preset=&#8221;default&#8221; locked=&#8221;on&#8221; collapsed=&#8221;on&#8221; global_colors_info=&#8221;{}&#8221;][et_pb_column type=&#8221;3_4&#8243; _builder_version=&#8221;4.20.0&#8243; _module_preset=&#8221;default&#8221; global_colors_info=&#8221;{}&#8221;][et_pb_divider _builder_version=&#8221;4.20.0&#8243; _module_preset=&#8221;default&#8221; global_colors_info=&#8221;{}&#8221;][\/et_pb_divider][\/et_pb_column][et_pb_column type=&#8221;1_4&#8243; _builder_version=&#8221;4.20.0&#8243; _module_preset=&#8221;default&#8221; global_colors_info=&#8221;{}&#8221;][et_pb_button button_url=&#8221;#page-container&#8221; button_text=&#8221;Nach oben zur Auswahl&#8221; _builder_version=&#8221;4.20.0&#8243; _module_preset=&#8221;default&#8221; global_colors_info=&#8221;{}&#8221;][\/et_pb_button][\/et_pb_column][\/et_pb_row][\/et_pb_section]<\/p>\n","protected":false},"excerpt":{"rendered":"<p>Gemeinsam erlebenInteressengruppen Wir legen Wert auf ein freundschaftliches Miteinander und pflegen vielf\u00e4ltige gemeinsame Aktivit\u00e4ten. Unsere Mitglieder bieten auf privater Basis unentgeltlich und ehrenamtlich jeden Monat regelm\u00e4\u00dfig Veranstaltungen an (die aktuellen Termine finden Sie unter der Seite Jahresprogramm) \u00a0in folgenden Bereichen:AMERICAN CULTURE AND CONVERSATIONChairladies: Monika DeuerleinBitte melden Sie sich an:\u00a0am.culture@gawc-munich.deCINEMA GROUPmeets last week of the month [&hellip;]<\/p>\n","protected":false},"author":1,"featured_media":0,"parent":1413,"menu_order":0,"comment_status":"closed","ping_status":"closed","template":"","meta":{"_et_pb_use_builder":"on","_et_pb_old_content":"","_et_gb_content_width":"","footnotes":""},"class_list":["post-1415","page","type-page","status-publish","hentry"],"_links":{"self":[{"href":"https:\/\/www.gawc-munich.de\/de_de\/wp-json\/wp\/v2\/pages\/1415","targetHints":{"allow":["GET"]}}],"collection":[{"href":"https:\/\/www.gawc-munich.de\/de_de\/wp-json\/wp\/v2\/pages"}],"about":[{"href":"https:\/\/www.gawc-munich.de\/de_de\/wp-json\/wp\/v2\/types\/page"}],"author":[{"embeddable":true,"href":"https:\/\/www.gawc-munich.de\/de_de\/wp-json\/wp\/v2\/users\/1"}],"replies":[{"embeddable":true,"href":"https:\/\/www.gawc-munich.de\/de_de\/wp-json\/wp\/v2\/comments?post=1415"}],"version-history":[{"count":3,"href":"https:\/\/www.gawc-munich.de\/de_de\/wp-json\/wp\/v2\/pages\/1415\/revisions"}],"predecessor-version":[{"id":5160,"href":"https:\/\/www.gawc-munich.de\/de_de\/wp-json\/wp\/v2\/pages\/1415\/revisions\/5160"}],"up":[{"embeddable":true,"href":"https:\/\/www.gawc-munich.de\/de_de\/wp-json\/wp\/v2\/pages\/1413"}],"wp:attachment":[{"href":"https:\/\/www.gawc-munich.de\/de_de\/wp-json\/wp\/v2\/media?parent=1415"}],"curies":[{"name":"wp","href":"https:\/\/api.w.org\/{rel}","templated":true}]}}