{"id":1421,"date":"2023-04-21T03:51:11","date_gmt":"2023-04-21T03:51:11","guid":{"rendered":"https:\/\/www.gawc-munich.de\/mitgliedertreffen-copy"},"modified":"2023-09-03T14:27:45","modified_gmt":"2023-09-03T14:27:45","slug":"historie","status":"publish","type":"page","link":"https:\/\/www.gawc-munich.de\/de_de\/historie","title":{"rendered":"E: \u00dcber uns \u2013 A: Historie"},"content":{"rendered":"<p>[et_pb_section fb_built=&#8221;1&#8243; fullwidth=&#8221;on&#8221; _builder_version=&#8221;4.20.4&#8243; _module_preset=&#8221;default&#8221; locked=&#8221;on&#8221; collapsed=&#8221;on&#8221; global_colors_info=&#8221;{}&#8221;][et_pb_fullwidth_image src=&#8221;https:\/\/www.gawc-munich.de\/wp-content\/uploads\/2023\/04\/DAFC-UeberUns-1280&#215;480-1.jpg&#8221; title_text=&#8221;DAFC-Mobile-Version-Ueber-uns-680&#215;520&#8243; src_tablet=&#8221;https:\/\/www.gawc-munich.de\/wp-content\/uploads\/2023\/04\/DAFC-UeberUns-1280&#215;480-1.jpg&#8221; src_phone=&#8221;https:\/\/www.gawc-munich.de\/wp-content\/uploads\/2023\/05\/DAFC-Mobile-Version-Ueber-uns-680&#215;520-1.jpg&#8221; src_last_edited=&#8221;on|phone&#8221; _builder_version=&#8221;4.20.4&#8243; _module_preset=&#8221;default&#8221; global_colors_info=&#8221;{}&#8221;][\/et_pb_fullwidth_image][\/et_pb_section][et_pb_section fb_built=&#8221;1&#8243; admin_label=&#8221;Sektion HL %22\u00dcber uns%22 in Aufmacherbild&#8221; _builder_version=&#8221;4.20.4&#8243; _module_preset=&#8221;default&#8221; custom_margin=&#8221;-22vw||6vw||false|false&#8221; custom_margin_tablet=&#8221;-22vw||6vw||false|false&#8221; custom_margin_phone=&#8221;-62vw||||false|false&#8221; custom_margin_last_edited=&#8221;on|phone&#8221; custom_padding=&#8221;0px||0px||false|false&#8221; global_module=&#8221;1515&#8243; locked=&#8221;on&#8221; collapsed=&#8221;on&#8221; global_colors_info=&#8221;{}&#8221;][et_pb_row _builder_version=&#8221;4.20.4&#8243; _module_preset=&#8221;default&#8221; width=&#8221;100%&#8221; max_width=&#8221;2560px&#8221; global_colors_info=&#8221;{}&#8221;][et_pb_column type=&#8221;4_4&#8243; _builder_version=&#8221;4.20.4&#8243; _module_preset=&#8221;default&#8221; global_colors_info=&#8221;{}&#8221;][et_pb_text _builder_version=&#8221;4.20.4&#8243; _module_preset=&#8221;default&#8221; text_font=&#8221;||||||||&#8221; text_text_color=&#8221;#FFFFFF&#8221; text_font_size=&#8221;5vw&#8221; text_line_height=&#8221;1.2em&#8221; text_orientation=&#8221;center&#8221; module_alignment=&#8221;center&#8221; text_font_size_tablet=&#8221;&#8221; text_font_size_phone=&#8221;10vw&#8221; text_font_size_last_edited=&#8221;on|phone&#8221; text_text_shadow_style=&#8221;preset3&#8243; global_colors_info=&#8221;{}&#8221;]<\/p>\n<p>Deutsch-Amerikanische<br \/>Freundschaft<\/p>\n<p>[\/et_pb_text][\/et_pb_column][\/et_pb_row][\/et_pb_section][et_pb_section fb_built=&#8221;1&#8243; module_class=&#8221;page_benefiz&#8221; _builder_version=&#8221;4.20.4&#8243; _module_preset=&#8221;default&#8221; global_colors_info=&#8221;{}&#8221;][et_pb_row column_structure=&#8221;3_4,1_4&#8243; _builder_version=&#8221;4.20.4&#8243; _module_preset=&#8221;default&#8221; global_colors_info=&#8221;{}&#8221;][et_pb_column type=&#8221;3_4&#8243; _builder_version=&#8221;4.20.4&#8243; _module_preset=&#8221;default&#8221; global_colors_info=&#8221;{}&#8221;][et_pb_text _builder_version=&#8221;4.21.0&#8243; _module_preset=&#8221;default&#8221; global_colors_info=&#8221;{}&#8221;]<\/p>\n<h2>Helfen seit 1948<\/h2>\n<p>Der Deutsch-Amerikanische Frauenclub M\u00fcnchen wurde 1948 gegr\u00fcndet und hat seit seinen Anf\u00e4ngen stets versucht, hilfsbed\u00fcrftige Menschen zu unterst\u00fctzen. Die Idee der Wohlt\u00e4tigkeit hat in den USA eine lange Tradition, die wir in unserem Club mit gro\u00dfem Einsatz fortf\u00fchren. Galt es nach dem Krieg, die Not der Bev\u00f6lkerung zu lindern, so f\u00f6rdern wir heute den Studentenaustausch und das Jugendprogramm des Verbandes der Deutsch-Amerikanischen Clubs.\u00a0 Nach wie vor unterst\u00fctzen wir karitative Einrichtungen im Gro\u00dfraum M\u00fcnchen, in denen sich unsere Mitglieder zum Teil auch selbst ehrenamtlich engagieren.<\/p>\n<p>[\/et_pb_text][et_pb_image src=&#8221;https:\/\/www.gawc-munich.de\/wp-content\/uploads\/2023\/04\/shutterstock_101051155-scaled.jpg&#8221; title_text=&#8221;Usa,And,Germany&#8221; _builder_version=&#8221;4.20.4&#8243; _module_preset=&#8221;default&#8221; global_colors_info=&#8221;{}&#8221;][\/et_pb_image][\/et_pb_column][et_pb_column type=&#8221;1_4&#8243; _builder_version=&#8221;4.20.4&#8243; _module_preset=&#8221;default&#8221; global_colors_info=&#8221;{}&#8221;][\/et_pb_column][\/et_pb_row][et_pb_row column_structure=&#8221;1_4,1_2,1_4&#8243; _builder_version=&#8221;4.21.0&#8243; _module_preset=&#8221;default&#8221; global_colors_info=&#8221;{}&#8221;][et_pb_column type=&#8221;1_4&#8243; _builder_version=&#8221;4.21.0&#8243; _module_preset=&#8221;default&#8221; global_colors_info=&#8221;{}&#8221;][et_pb_image src=&#8221;https:\/\/www.gawc-munich.de\/wp-content\/uploads\/2023\/05\/princess-maria-del-pilar-of_med.jpeg&#8221; title_text=&#8221;princess-maria-del-pilar-of_med&#8221; _builder_version=&#8221;4.21.0&#8243; _module_preset=&#8221;default&#8221; global_colors_info=&#8221;{}&#8221;][\/et_pb_image][\/et_pb_column][et_pb_column type=&#8221;1_2&#8243; _builder_version=&#8221;4.21.0&#8243; _module_preset=&#8221;default&#8221; global_colors_info=&#8221;{}&#8221;][et_pb_text _builder_version=&#8221;4.21.0&#8243; _module_preset=&#8221;default&#8221; global_colors_info=&#8221;{}&#8221;]<\/p>\n<p>I.K.H. Prinzessin Pilar von Bayern, eine der ersten Pr\u00e4sidentinnen des Clubs, hatte die Idee der \u201eBaby-Shower\u201c. Als gelernte Krankenschwester wusste sie, dass werdende M\u00fctter keinerlei Ausstattung f\u00fcr ihre Babies besa\u00dfen. So n\u00e4hten und sammelten die Clubmitglieder S\u00e4uglingskleidung- und ausstattung.<\/p>\n<p>[\/et_pb_text][\/et_pb_column][et_pb_column type=&#8221;1_4&#8243; _builder_version=&#8221;4.21.0&#8243; _module_preset=&#8221;default&#8221; global_colors_info=&#8221;{}&#8221;][\/et_pb_column][\/et_pb_row][et_pb_row column_structure=&#8221;3_4,1_4&#8243; _builder_version=&#8221;4.21.0&#8243; _module_preset=&#8221;default&#8221; global_colors_info=&#8221;{}&#8221;][et_pb_column type=&#8221;3_4&#8243; _builder_version=&#8221;4.21.0&#8243; _module_preset=&#8221;default&#8221; global_colors_info=&#8221;{}&#8221;][et_pb_text _builder_version=&#8221;4.22.1&#8243; _module_preset=&#8221;default&#8221; hover_enabled=&#8221;0&#8243; global_colors_info=&#8221;{}&#8221; sticky_enabled=&#8221;0&#8243;]<\/p>\n<p>Der Club sorgte f\u00fcr Stipendien f\u00fcr bed\u00fcrftige Studenten, Selbsthilfegruppen f\u00fcr alte alleinstehende Fl\u00fcchtlingsfrauen, denen warme R\u00e4umlichkeiten zur Verf\u00fcgung gestellt wurden, damit sie dort kleine Arbeiten ausf\u00fchren konnten, um etwas Geld zu verdienen. Bed\u00fcrftigen Familien wurden warme Mahlzeiten unter dem Leitspruch \u201eMeals on wheels\u201c ins Haus geliefert.<\/p>\n<p>Eine Gruppe von Clubdamen, von einer Amerikanerin und einer Deutschen ehrenamtlich und gemeinsam organisiert, f\u00fchrte diesen Service bis 2021 durch. Unter dem Namen \u201eEssen auf R\u00e4dern\u201c ist dieses Angebot in Deutschland bekannt geworden.<\/p>\n<p>&nbsp;<\/p>\n<h3>Geschichte und Entwicklung des<br \/>Deutsch-Amerikanischen Frauenclubs M\u00fcnchen<\/h3>\n<h3>1945-2023<\/h3>\n<p><strong>1945<\/strong><br \/>Ende des Zweiten Weltkrieges: Deutschland wird in vier Besatzungszonen aufgeteilt, die von den Milit\u00e4rregierungen verwaltet werden. Die offizielle Politik der Amerikaner ist das Verbot der Verbr\u00fcderungen zwischen Deutschen und Amerikanern. Das \u201eNon-Fraternization-Law\u201c tritt in Kraft.<\/p>\n<p><strong>1946<\/strong><br \/>General Lucius D. Clay, Milit\u00e4rgouverneur der US-Besatzungszone in Deutschland, beendet die Politik der \u201eNon-Fraternization\u201c und erteilt den Auftrag zur Gr\u00fcndung von Deutsch-Amerikanischen Freundschaftsclubs in der ganzen amerikanischen Besatzungszone.<\/p>\n<p><strong>1947<\/strong><br \/>Der Gedanke zur Gr\u00fcndung eines M\u00fcnchner Frauenclubs kommt Ende 1947 auf. Einige Damen, mit dabei ist auch I.K.H. Prinzessin Pilar von Bayern, m\u00f6chten gemeinsam mit Ehefrauen von in M\u00fcnchen stationierten amerikanischen Offizieren die Alltagsprobleme in der schwierigen Nachkriegszeit l\u00f6sen helfen.<\/p>\n<p><strong>1948<\/strong><br \/>Der inzwischen gegr\u00fcndete Deutsch-Amerikanische Frauenclub M\u00fcnchen zeichnet sich bereits durch Wohlt\u00e4tigkeit aus. I.K.H. Prinzessin Pilar von Bayern, deutsche Clubmitglieder und amerikanische Offiziersfrauen engagieren sich gemeinsam, um der notleidenden Bev\u00f6lkerung zu helfen.<\/p>\n<p><strong>1949<\/strong><br \/>Der erste \u201eSilbertee\u201c des Deutsch-Amerikanischen Frauenclubs M\u00fcnchen findet im Haus des damaligen US-Generalkonsuls Sam E. Woods in M\u00fcnchen statt. Spenden f\u00fcr wohlt\u00e4tige Projekte werden gesammelt.<\/p>\n<p><strong>1951<\/strong><br \/>Der erste \u201eMagnolienball\u201c im Regina Palast Hotel M\u00fcnchen findet statt.\u00a0 I.K.H. Prinzessin Pilar von Bayern wird zur Clubpr\u00e4sidentin des Deutsch-Amerikanischen Frauenclubs M\u00fcnchen gew\u00e4hlt.<\/p>\n<p><strong>1957<\/strong><br \/>Auf Initiative des Deutsch-Amerikanischen Frauenclubs M\u00fcnchen Gr\u00fcndung des Studentenaustauschprogramms \u201eEine Br\u00fccke \u00fcber den Ozean\u201c.<br \/>Zum ersten Mal werden zwei amerikanische Studenten zu einem Studienjahr an einer deutschen Universit\u00e4t eingeladen. Die Heimatuniversit\u00e4ten dieser beiden Amerikaner bieten ihrerseits deutschen Studenten je ein Stipendium an.<br \/>Anerkennung von US-Vize-Pr\u00e4sident Nixon f\u00fcr die Arbeit des Verbands.<\/p>\n<p><strong>1958<\/strong><br \/>Das Deutsch-Amerikanische Jugendprogramm wird ins Leben gerufen: Deutsche und amerikanische Jugendliche zwischen 14 und 18 Jahren werden in Wochenendseminaren zusammengef\u00fchrt.<\/p>\n<p><strong>1965<\/strong><br \/>Erstmals findet die Deutsch-Amerikanische Freundschaftswoche unter Teilnahme von f\u00fchrenden deutschen und amerikanischen Pers\u00f6nlichkeiten statt.<\/p>\n<p><strong>1974<\/strong><br \/>Der Dachverband aller Deutsch-Amerikanischen Clubs, VDAC, gr\u00fcndet den Alumni Club als Plattform und Netzwerk f\u00fcr Alumni des Studentenaustauschprogramms.<\/p>\n<p><strong>1980<\/strong><br \/>General Lucius D. Clay, der 1946 als Milit\u00e4rgouverneur der US-Besatzungszone in Deutschland durch die Beendigung des \u201eNon-Fraternization-Laws\u201c die Voraussetzung f\u00fcr die Gr\u00fcndung von deutsch-amerikanischen Clubs schaffte, erh\u00e4lt f\u00fcr seine Verdienste den Konrad-Adenauer-Preis. Er stiftet seinen Geldpreis in H\u00f6he von 32.000 DM dem Verband.<\/p>\n<p><strong>1987<\/strong><br \/>Der \u201eDeutsch-Amerikanische Tag\u201c wird ins Leben gerufen und l\u00f6st die Deutsch-Amerikanische Freundschaftswoche ab. Seitdem wird jeweils an einem Samstag Anfang Oktober die h\u00f6chste Auszeichnung des Verbands, die Lucius D. Clay Medaille, an Pers\u00f6nlichkeiten verliehen, die sich um die Deutsch-Amerikanische Freundschaft verdient gemacht haben.<\/p>\n<p>Seit <strong>1991<\/strong><br \/>Studenten und Jugendliche aus der ehemaligen DDR nehmen am Studentenaustausch- und Jugendprogramm teil.<\/p>\n<p><strong>1995<\/strong><br \/>Einf\u00fchrung des transatlantischen Jugendprogramms \u201eHomestay-Program in USA\u201c. Die erste Reise deutscher Jugendlicher in die USA findet statt. Sie verbringen auch Zeit in amerikanischen Familien.<\/p>\n<p><strong>1999<\/strong><br \/>Das Jugendprogramm \u201eHomestay-Program in Germany\u201c f\u00fcr amerikanische Jugendliche wird gestartet.<\/p>\n<p><strong>2008<\/strong><br \/>50-j\u00e4hriges Jubil\u00e4um Jugendprogramm.<br \/>Bundeskanzlerin Angela Merkel wird vom Dachverband VDAC mit der General Lucius D. Clay Medaille ausgezeichnet.<\/p>\n<p><strong>2012<\/strong><br \/>55-j\u00e4hriges Jubil\u00e4um \u201eDeutsch-Amerikanischer Studentenaustausch\u201c. Seit der Gr\u00fcndung 1957 haben etwa 2700 Studenten aus Deutschland und den USA an diesem Programm teilgenommen. Bisher wurden bereits Vertr\u00e4ge mit 20 Partner-Universit\u00e4ten in den USA geschlossen, darunter auch mit der Universit\u00e4t Cincinnati, der Partnerstadt M\u00fcnchens.<\/p>\n<p><strong>2013<\/strong><br \/>65-j\u00e4hriges Jubil\u00e4um des Deutsch-Amerikanischen Frauenclubs M\u00fcnchen.<br \/>Erste Pressekonferenz anl\u00e4sslich des Club-Jubil\u00e4ums im Internationalen PresseClub M\u00fcnchen.<\/p>\n<p><strong>2016<br \/><\/strong>Pressegespr\u00e4ch im Internationalen PresseClub M\u00fcnchen.<\/p>\n<p><strong>2017<br \/><\/strong>Das Engagement des Clubs im Projekt &#8220;Essen auf R\u00e4dern&#8221; des Parit\u00e4tischen Wohlfahrtsverbandes Bayern wird gew\u00fcrdigt im Pressebericht <a href=\"https:\/\/www.gawc-munich.de\/old\/media\/samstagsblatt2017.pdf\" target=\"_blank\" rel=\"noopener\">Gelebte Solidarit\u00e4t<\/a>.<\/p>\n<p><strong>2018<br \/><\/strong>70-j\u00e4hriges Jubil\u00e4um des Deutsch-Amerikanischen Frauenclubs M\u00fcnchen.<br \/>Die langj\u00e4hrige Leiterin der Gruppe &#8220;Essen auf R\u00e4dern&#8221;, Carole Boehm, erh\u00e4lt die Medaille <a href=\"https:\/\/www.gawc-munich.de\/old\/media\/caroleboehmmedallie18.pdf\" target=\"_blank\" rel=\"noopener\">M\u00fcnchen leuchtet<\/a><strong>.<\/strong><\/p>\n<p><strong>2019<br \/><\/strong>70. Silbertee<\/p>\n<p><strong>2020<\/strong><br \/>Der Silbertee musste\u00a0erstmals nach 70 Jahren\u00a0wegen der Covid Pandemie abgesagt werden. Clubmitglieder und Freunde des Silbertees wurden schriftlich um eine Spende gebeten, um die sozialen Projekte weiterf\u00fchren zu k\u00f6nnen. Der Spendeneingang war beeindruckend.<\/p>\n<p><strong>2021<\/strong><br \/>Der Magnolienball,\u00a0der im Februar zum 70. Mal stattfinden sollte, musste wegen Lockdown\u00a0erstmals in seiner Geschichte\u00a0abgesagt werden.<br \/>Auch der Silbertee im November dieses Jahres konnte zum zweiten Mal wegen der Covid Pandemie nicht stattfinden.<br \/>Clubmitglieder und Freunde der beiden Wohlt\u00e4tigkeitsveranstaltungen wurden jeweils schriftlich mit Erfolg um eine Spende zur Weiterf\u00fchrung der sozialen Projekte gebeten.<br \/>Ein Inklusions-Golfturnier\u00a0wurde als neue, zus\u00e4tzliche Wohlt\u00e4tigkeitsveranstaltung eingef\u00fchrt und im September 2021 im Golfpark M\u00fcnchen-Aschheim zum ersten Mal ausgetragen.<\/p>\n<p><strong>2022\u00a0<\/strong><br \/>Der Magnolienball\u00a0in der Faschingszeit musste ein zweites\u00a0Mal abgesagt werden.<br \/>Clubmitglieder und Freunde der wohlt\u00e4tigen Veranstaltung wurden wieder schriftlich um eine Spende gebeten, was auch dieses Mal erfolgreich war.<br \/>Das zweite Inklusions-Golfturnier wurde im September 2022 in Aschheim mit gro\u00dfem Erfolg durchgef\u00fchrt.<br \/>71. Silbertee: Nach zwei Jahren pandemiebedingter Pause konnte er im November 2022 wieder in gewohntem, festlichem Glanz stattfinden.<\/p>\n<p><strong>2023<\/strong><br \/>70. Magnolienball: Im Februar 2023 konnte er nach zwei pandemiebedingten Absagen in den Jahren davor wieder prachtvoll gefeiert werden. \u00a0 \u00a0 \u00a0 \u00a0 \u00a0 \u00a0<br \/>In einem glanzvollen Festakt im Hubertussaal von Schloss Nymphenburg feierte der GAWC sein 75j\u00e4hriges Jubil\u00e4um.<\/p>\n<p>&nbsp;<\/p>\n<p>[\/et_pb_text][\/et_pb_column][et_pb_column type=&#8221;1_4&#8243; _builder_version=&#8221;4.21.0&#8243; _module_preset=&#8221;default&#8221; global_colors_info=&#8221;{}&#8221;][\/et_pb_column][\/et_pb_row][et_pb_row column_structure=&#8221;3_4,1_4&#8243; admin_label=&#8221;Zeile %22nach oben%22&#8243; _builder_version=&#8221;4.21.0&#8243; _module_preset=&#8221;default&#8221; locked=&#8221;on&#8221; collapsed=&#8221;on&#8221; global_colors_info=&#8221;{}&#8221;][et_pb_column type=&#8221;3_4&#8243; _builder_version=&#8221;4.20.0&#8243; _module_preset=&#8221;default&#8221; global_colors_info=&#8221;{}&#8221;][et_pb_divider _builder_version=&#8221;4.20.0&#8243; _module_preset=&#8221;default&#8221; global_colors_info=&#8221;{}&#8221;][\/et_pb_divider][\/et_pb_column][et_pb_column type=&#8221;1_4&#8243; _builder_version=&#8221;4.20.0&#8243; _module_preset=&#8221;default&#8221; global_colors_info=&#8221;{}&#8221;][et_pb_button button_url=&#8221;#page-container&#8221; button_text=&#8221;Nach oben zur Auswahl&#8221; _builder_version=&#8221;4.20.0&#8243; _module_preset=&#8221;default&#8221; global_colors_info=&#8221;{}&#8221;][\/et_pb_button][\/et_pb_column][\/et_pb_row][\/et_pb_section]<\/p>\n","protected":false},"excerpt":{"rendered":"<p>Deutsch-AmerikanischeFreundschaftHelfen seit 1948 Der Deutsch-Amerikanische Frauenclub M\u00fcnchen wurde 1948 gegr\u00fcndet und hat seit seinen Anf\u00e4ngen stets versucht, hilfsbed\u00fcrftige Menschen zu unterst\u00fctzen. Die Idee der Wohlt\u00e4tigkeit hat in den USA eine lange Tradition, die wir in unserem Club mit gro\u00dfem Einsatz fortf\u00fchren. Galt es nach dem Krieg, die Not der Bev\u00f6lkerung zu lindern, so f\u00f6rdern wir [&hellip;]<\/p>\n","protected":false},"author":1,"featured_media":0,"parent":0,"menu_order":0,"comment_status":"closed","ping_status":"closed","template":"","meta":{"_et_pb_use_builder":"on","_et_pb_old_content":"","_et_gb_content_width":"","footnotes":""},"class_list":["post-1421","page","type-page","status-publish","hentry"],"_links":{"self":[{"href":"https:\/\/www.gawc-munich.de\/de_de\/wp-json\/wp\/v2\/pages\/1421","targetHints":{"allow":["GET"]}}],"collection":[{"href":"https:\/\/www.gawc-munich.de\/de_de\/wp-json\/wp\/v2\/pages"}],"about":[{"href":"https:\/\/www.gawc-munich.de\/de_de\/wp-json\/wp\/v2\/types\/page"}],"author":[{"embeddable":true,"href":"https:\/\/www.gawc-munich.de\/de_de\/wp-json\/wp\/v2\/users\/1"}],"replies":[{"embeddable":true,"href":"https:\/\/www.gawc-munich.de\/de_de\/wp-json\/wp\/v2\/comments?post=1421"}],"version-history":[{"count":0,"href":"https:\/\/www.gawc-munich.de\/de_de\/wp-json\/wp\/v2\/pages\/1421\/revisions"}],"wp:attachment":[{"href":"https:\/\/www.gawc-munich.de\/de_de\/wp-json\/wp\/v2\/media?parent=1421"}],"curies":[{"name":"wp","href":"https:\/\/api.w.org\/{rel}","templated":true}]}}