{"id":1437,"date":"2023-04-21T04:02:26","date_gmt":"2023-04-21T04:02:26","guid":{"rendered":"https:\/\/www.gawc-munich.de\/historie\/download-copy"},"modified":"2025-02-03T08:05:24","modified_gmt":"2025-02-03T08:05:24","slug":"wie-sie-mitglied-werden","status":"publish","type":"page","link":"https:\/\/www.gawc-munich.de\/de_de\/historie\/wie-sie-mitglied-werden","title":{"rendered":"\u00dcber uns \u2013 E: Wie Sie Mitglied werden"},"content":{"rendered":"<p>[et_pb_section fb_built=&#8221;1&#8243; fullwidth=&#8221;on&#8221; _builder_version=&#8221;4.20.4&#8243; _module_preset=&#8221;default&#8221; global_colors_info=&#8221;{}&#8221;][et_pb_fullwidth_image src=&#8221;https:\/\/www.gawc-munich.de\/wp-content\/uploads\/2023\/04\/DAFC-UeberUns-1280&#215;480-1.jpg&#8221; title_text=&#8221;DAFC-Mobile-Version-Ueber-uns-680&#215;520&#8243; src_tablet=&#8221;https:\/\/www.gawc-munich.de\/wp-content\/uploads\/2023\/04\/DAFC-UeberUns-1280&#215;480-1.jpg&#8221; src_phone=&#8221;https:\/\/www.gawc-munich.de\/wp-content\/uploads\/2023\/05\/DAFC-Mobile-Version-Ueber-uns-680&#215;520-1.jpg&#8221; src_last_edited=&#8221;on|phone&#8221; _builder_version=&#8221;4.20.4&#8243; _module_preset=&#8221;default&#8221; global_colors_info=&#8221;{}&#8221;][\/et_pb_fullwidth_image][\/et_pb_section][et_pb_section fb_built=&#8221;1&#8243; admin_label=&#8221;Sektion HL %22\u00dcber uns%22 in Aufmacherbild&#8221; _builder_version=&#8221;4.20.4&#8243; _module_preset=&#8221;default&#8221; custom_margin=&#8221;-22vw||6vw||false|false&#8221; custom_margin_tablet=&#8221;-22vw||6vw||false|false&#8221; custom_margin_phone=&#8221;-62vw||||false|false&#8221; custom_margin_last_edited=&#8221;on|phone&#8221; custom_padding=&#8221;0px||0px||false|false&#8221; global_module=&#8221;1515&#8243; locked=&#8221;on&#8221; collapsed=&#8221;on&#8221; global_colors_info=&#8221;{}&#8221;][et_pb_row _builder_version=&#8221;4.20.4&#8243; _module_preset=&#8221;default&#8221; width=&#8221;100%&#8221; max_width=&#8221;2560px&#8221; global_colors_info=&#8221;{}&#8221;][et_pb_column type=&#8221;4_4&#8243; _builder_version=&#8221;4.20.4&#8243; _module_preset=&#8221;default&#8221; global_colors_info=&#8221;{}&#8221;][et_pb_text _builder_version=&#8221;4.20.4&#8243; _module_preset=&#8221;default&#8221; text_font=&#8221;||||||||&#8221; text_text_color=&#8221;#FFFFFF&#8221; text_font_size=&#8221;5vw&#8221; text_line_height=&#8221;1.2em&#8221; text_orientation=&#8221;center&#8221; module_alignment=&#8221;center&#8221; text_font_size_tablet=&#8221;&#8221; text_font_size_phone=&#8221;10vw&#8221; text_font_size_last_edited=&#8221;on|phone&#8221; text_text_shadow_style=&#8221;preset3&#8243; global_colors_info=&#8221;{}&#8221;]<\/p>\n<p>Deutsch-Amerikanische<br \/>Freundschaft<\/p>\n<p>[\/et_pb_text][\/et_pb_column][\/et_pb_row][\/et_pb_section][et_pb_section fb_built=&#8221;1&#8243; module_class=&#8221;page_benefiz&#8221; _builder_version=&#8221;4.20.4&#8243; _module_preset=&#8221;default&#8221; global_colors_info=&#8221;{}&#8221;][et_pb_row column_structure=&#8221;3_4,1_4&#8243; _builder_version=&#8221;4.20.4&#8243; _module_preset=&#8221;default&#8221; global_colors_info=&#8221;{}&#8221;][et_pb_column type=&#8221;3_4&#8243; _builder_version=&#8221;4.20.4&#8243; _module_preset=&#8221;default&#8221; global_colors_info=&#8221;{}&#8221;][et_pb_text _builder_version=&#8221;4.27.4&#8243; _module_preset=&#8221;default&#8221; hover_enabled=&#8221;0&#8243; global_colors_info=&#8221;{}&#8221; sticky_enabled=&#8221;0&#8243;]<\/p>\n<h2>Mitgliedschaft<\/h2>\n<p>Wir freuen uns \u00fcber neue Mitglieder mit guten Englischkenntnissen, die sich aktiv in das Clubleben einbringen m\u00f6chten.<br \/>Um uns pers\u00f6nlich kennenzulernen, laden wir Sie ein, an den monatlichen Mitgliedertreffen im KAUFMANNS-CASINO M\u00dcNCHEN am Odeonsplatz 6 (Eingang Galeriestra\u00dfe), oder auch an den Treffen der Interessengruppen teilzunehmen.<\/p>\n<p><span>Bei Interesse bitten wir Sie Kontakt mit unserer Interessentinnenbeauftragten aufzunehmen.<\/span><\/p>\n<p>Frau Traudl Schmid<br \/><a href=\"mailto:interessentinnen@gawc-munich.de\">interessentinnen@gawc-munich.de<\/a><\/p>\n<p>Wenn Sie mindestens drei Mitgliedertreffen besucht haben, k\u00f6nnen Sie einen Antrag auf die Mitgliedschaft stellen, der von zwei Clubmitgliedern als B\u00fcrginnen unterst\u00fctzt wird.<br \/>Als Wohlt\u00e4tigkeitsclub legen wir Wert auf die Mithilfe unserer Mitglieder bei unseren j\u00e4hrlichen Fundraising Events \u201eSilbertee\u201c und \u201eMagnolienball\u201c. Au\u00dferdem bitten wir um Spenden zur Unterst\u00fctzung unserer wohlt\u00e4tigen Projekte. Auch Beitr\u00e4ge zur Programmgestaltung, wie z. B. Vortr\u00e4ge \u00fcber eigene Aktivit\u00e4ten, Beruf und Hobbies, sind willkommen.<\/p>\n<p>Der Jahresbeitrag betr\u00e4gt derzeit \u20ac 200,00.<\/p>\n<p>Den Text der Satzung finden Sie hier: <a href=\"\/de_de\/historie\/satzung-constitution\">satzung-constitution-gawc 2016<\/a><\/p>\n<p>Hinweise zur Datenverarbeitung finden Sie unter <a href=\"\/datenschutz\">ds-gvo hinweise zur datenverarbeitung<\/a><\/p>\n<p>Unseren Flyer k\u00f6nnen Sie hier herunterladen: <a href=\"\/de_de\/historie\/download\">gawc munich flyer<\/a><\/p>\n<p>[\/et_pb_text][\/et_pb_column][et_pb_column type=&#8221;1_4&#8243; _builder_version=&#8221;4.20.4&#8243; _module_preset=&#8221;default&#8221; global_colors_info=&#8221;{}&#8221;][\/et_pb_column][\/et_pb_row][et_pb_row column_structure=&#8221;3_4,1_4&#8243; _builder_version=&#8221;4.20.0&#8243; _module_preset=&#8221;default&#8221; global_colors_info=&#8221;{}&#8221;][et_pb_column type=&#8221;3_4&#8243; _builder_version=&#8221;4.20.0&#8243; _module_preset=&#8221;default&#8221; global_colors_info=&#8221;{}&#8221;][et_pb_divider _builder_version=&#8221;4.20.0&#8243; _module_preset=&#8221;default&#8221; global_colors_info=&#8221;{}&#8221;][\/et_pb_divider][\/et_pb_column][et_pb_column type=&#8221;1_4&#8243; _builder_version=&#8221;4.20.0&#8243; _module_preset=&#8221;default&#8221; global_colors_info=&#8221;{}&#8221;][et_pb_button button_url=&#8221;#page-container&#8221; button_text=&#8221;Nach oben zur Auswahl&#8221; _builder_version=&#8221;4.20.0&#8243; _module_preset=&#8221;default&#8221; global_colors_info=&#8221;{}&#8221;][\/et_pb_button][\/et_pb_column][\/et_pb_row][\/et_pb_section]<\/p>\n","protected":false},"excerpt":{"rendered":"<p>Deutsch-AmerikanischeFreundschaftMitgliedschaft Wir freuen uns \u00fcber neue Mitglieder mit guten Englischkenntnissen, die sich aktiv in das Clubleben einbringen m\u00f6chten.Um uns pers\u00f6nlich kennenzulernen, laden wir Sie ein, an den monatlichen Mitgliedertreffen im KAUFMANNS-CASINO M\u00dcNCHEN am Odeonsplatz 6 (Eingang Galeriestra\u00dfe), oder auch an den Treffen der Interessengruppen teilzunehmen. Bei Interesse bitten wir Sie Kontakt mit unserer Interessentinnenbeauftragten aufzunehmen. [&hellip;]<\/p>\n","protected":false},"author":1,"featured_media":0,"parent":1421,"menu_order":0,"comment_status":"closed","ping_status":"closed","template":"","meta":{"_et_pb_use_builder":"on","_et_pb_old_content":"","_et_gb_content_width":"","footnotes":""},"class_list":["post-1437","page","type-page","status-publish","hentry"],"_links":{"self":[{"href":"https:\/\/www.gawc-munich.de\/de_de\/wp-json\/wp\/v2\/pages\/1437","targetHints":{"allow":["GET"]}}],"collection":[{"href":"https:\/\/www.gawc-munich.de\/de_de\/wp-json\/wp\/v2\/pages"}],"about":[{"href":"https:\/\/www.gawc-munich.de\/de_de\/wp-json\/wp\/v2\/types\/page"}],"author":[{"embeddable":true,"href":"https:\/\/www.gawc-munich.de\/de_de\/wp-json\/wp\/v2\/users\/1"}],"replies":[{"embeddable":true,"href":"https:\/\/www.gawc-munich.de\/de_de\/wp-json\/wp\/v2\/comments?post=1437"}],"version-history":[{"count":0,"href":"https:\/\/www.gawc-munich.de\/de_de\/wp-json\/wp\/v2\/pages\/1437\/revisions"}],"up":[{"embeddable":true,"href":"https:\/\/www.gawc-munich.de\/de_de\/wp-json\/wp\/v2\/pages\/1421"}],"wp:attachment":[{"href":"https:\/\/www.gawc-munich.de\/de_de\/wp-json\/wp\/v2\/media?parent=1437"}],"curies":[{"name":"wp","href":"https:\/\/api.w.org\/{rel}","templated":true}]}}