{"id":194,"date":"2023-02-07T18:50:40","date_gmt":"2023-02-07T18:50:40","guid":{"rendered":"https:\/\/www.gawc-munich.de\/?page_id=194"},"modified":"2024-06-27T05:00:18","modified_gmt":"2024-06-27T05:00:18","slug":"impressum","status":"publish","type":"page","link":"https:\/\/www.gawc-munich.de\/de_de\/impressum","title":{"rendered":"aa_Impressum"},"content":{"rendered":"<p>[et_pb_section fb_built=&#8221;1&#8243; _builder_version=&#8221;4.19.5&#8243; _module_preset=&#8221;default&#8221; global_colors_info=&#8221;{}&#8221;][et_pb_row column_structure=&#8221;3_4,1_4&#8243; _builder_version=&#8221;4.19.5&#8243; _module_preset=&#8221;default&#8221; global_colors_info=&#8221;{}&#8221;][et_pb_column type=&#8221;3_4&#8243; _builder_version=&#8221;4.19.5&#8243; _module_preset=&#8221;default&#8221; global_colors_info=&#8221;{}&#8221;][et_pb_text _builder_version=&#8221;4.25.2&#8243; _module_preset=&#8221;default&#8221; hover_enabled=&#8221;0&#8243; global_colors_info=&#8221;{}&#8221; sticky_enabled=&#8221;0&#8243;]<\/p>\n<div id=\"inhalt\">\n<h2>Impressum<\/h2>\n<p>German-American Women&#8217;s Club of Munich \u2022<br \/>Deutsch-Amerikanischer Frauenclub M\u00fcnchen e.V.<\/p>\n<p>Andrea Hellmann (Pr\u00e4sidentin)<br \/>E-Mail: <a href=\"mailto:kellner@gawc-munich.de\">president@gawc-munich.de<\/a><\/p>\n<p>Petra Bohlein (Vizepr\u00e4sidentin)<br \/>Angelika Utthof (Schatzmeisterin)<\/p>\n<p>vom FA M\u00fcnchen f\u00fcr K\u00f6rperschaften als gemeinn\u00fctzig anerkannt<br \/>StNr. 143 \/ 216 \/ 00671<\/p>\n<p>Spendenkonto:<br \/>HypoVereinsbank M\u00fcnchen<br \/>IBAN: DE64 7002 0270 6530 4562 83<br \/>BIC HYVEDEMMXXX<\/p>\n<p>Eingetragen beim AG M\u00fcnchen VR 5732<br \/><strong>Anschrift<\/strong>: <strong>Andrea Hellmann, Pr\u00e4sidentin, Stadtlohner Stra\u00dfe 10, 80687 M\u00fcnchen<\/strong><\/p>\n<p><strong><\/strong><strong>Internet<\/strong>: <a href=\"https:\/\/www.gawc-munich.de\/\">www.gawc-munich.de<\/a><br \/><strong>E-Mail:<\/strong> <a href=\"mailto:info@gawc-munich.de\">info@gawc-munich.de<\/a><\/p>\n<p>Inhaltlich verantwortlich im Sinne des \u00a7 18 Abs. 2 MStV:<strong><br \/>Andrea Hellmann, Stadtlohner Stra\u00dfe 10, 80687 M\u00fcnchen<\/strong><\/p>\n<p><strong>Entwurf und Realisierung:<br \/><\/strong><img loading=\"lazy\" decoding=\"async\" src=\"https:\/\/sono-cats.de\/wp-content\/uploads\/2016\/07\/Logo.png\" alt=\"SonoCats\" id=\"logo\" data-height-percentage=\"54\" data-actual-width=\"496\" data-actual-height=\"96\" style=\"background-color: rgba(255,204,81,0.89);\" width=\"176\" height=\"34\" \/><br \/><a href=\"https:\/\/sono-cats.de\/\" target=\"_blank\" rel=\"noopener\">www.sono-cats.de<\/a><br \/>Tel: 0170 4444566<br \/>E-Mail: <a href=\"mailto:ab@sono-design.de\">ab@sono-design.de<\/a><\/p>\n<p>&nbsp;<\/p>\n<div id=\"disclaimer\">\n<p><strong>Haftungsausschluss:<br \/><\/strong><strong>Haftung f\u00fcr Inhalte<\/strong><br \/>Die Inhalte unserer Seiten wurden mit gr\u00f6\u00dfter Sorgfalt erstellt. F\u00fcr die Richtigkeit, Vollst\u00e4ndigkeit und Aktualit\u00e4t der Inhalte k\u00f6nnen wir jedoch keine Gew\u00e4hr \u00fcbernehmen. Als Diensteanbieter sind wir gem\u00e4\u00df \u00a7 7 Abs.1 TMG f\u00fcr eigene Inhalte auf diesen Seiten nach den allgemeinen Gesetzen verantwortlich. Nach \u00a7\u00a7 8 bis 10 TMG sind wir als Diensteanbieter jedoch nicht verpflichtet, \u00fcbermittelte oder gespeicherte fremde Informationen zu \u00fcberwachen oder nach Umst\u00e4nden zu forschen, die auf eine rechtswidrige T\u00e4tigkeit hinweisen. Verpflichtungen zur Entfernung oder Sperrung der Nutzung von Informationen nach den allgemeinen Gesetzen bleiben hiervon unber\u00fchrt. Eine diesbez\u00fcgliche Haftung ist jedoch erst ab dem Zeitpunkt der Kenntnis einer konkreten Rechtsverletzung m\u00f6glich. Bei Bekanntwerden von entsprechenden Rechtsverletzungen werden wir diese Inhalte umgehend entfernen.<\/p>\n<p><strong>Haftung f\u00fcr Links<\/strong><br \/>Unser Angebot enth\u00e4lt Links zu externen Webseiten Dritter, auf deren Inhalte wir keinen Einfluss haben. Deshalb k\u00f6nnen wir f\u00fcr diese fremden Inhalte auch keine Gew\u00e4hr \u00fcbernehmen. F\u00fcr die Inhalte der verlinkten Seiten ist stets der jeweilige Anbieter oder Betreiber der Seiten verantwortlich. Die verlinkten Seiten wurden zum Zeitpunkt der Verlinkung auf m\u00f6gliche Rechtsverst\u00f6\u00dfe \u00fcberpr\u00fcft. Rechtswidrige Inhalte waren zum Zeitpunkt der Verlinkung nicht erkennbar. Eine permanente inhaltliche Kontrolle der verlinkten Seiten ist jedoch ohne konkrete Anhaltspunkte einer Rechtsverletzung nicht zumutbar. Bei Bekanntwerden von Rechtsverletzungen werden wir derartige Links umgehend entfernen.<\/p>\n<p><strong>Urheberrecht<\/strong><br \/>Die durch die Seitenbetreiber erstellten Inhalte und Werke auf diesen Seiten unterliegen dem deutschen Urheberrecht. Die Vervielf\u00e4ltigung, Bearbeitung, Verbreitung und jede Art der Verwertung au\u00dferhalb der Grenzen des Urheberrechtes bed\u00fcrfen der schriftlichen Zustimmung des jeweiligen Autors bzw. Erstellers. Downloads und Kopien dieser Seite sind nur f\u00fcr den privaten, nicht kommerziellen Gebrauch gestattet. Soweit die Inhalte auf dieser Seite nicht vom Betreiber erstellt wurden, werden die Urheberrechte Dritter beachtet. Insbesondere werden Inhalte Dritter als solche gekennzeichnet. Sollten Sie trotzdem auf eine Urheberrechtsverletzung aufmerksam werden, bitten wir um einen entsprechenden Hinweis. Bei Bekanntwerden von Rechtsverletzungen werden wir derartige Inhalte umgehend entfernen.<\/p>\n<p><strong>Datenschutz<\/strong><br \/>Unsere Datenschutz-Erkl\u00e4rung finden Sie hier:\u00a0<a href=\"\/datenschutz\">Informationen zum Datenschutz<\/a><\/p>\n<\/div>\n<\/div>\n<p>[\/et_pb_text][\/et_pb_column][et_pb_column type=&#8221;1_4&#8243; _builder_version=&#8221;4.19.5&#8243; _module_preset=&#8221;default&#8221; global_colors_info=&#8221;{}&#8221;][\/et_pb_column][\/et_pb_row][et_pb_row column_structure=&#8221;3_4,1_4&#8243; _builder_version=&#8221;4.20.0&#8243; _module_preset=&#8221;default&#8221; locked=&#8221;off&#8221; global_colors_info=&#8221;{}&#8221;][et_pb_column type=&#8221;3_4&#8243; _builder_version=&#8221;4.20.0&#8243; _module_preset=&#8221;default&#8221; global_colors_info=&#8221;{}&#8221;][et_pb_divider _builder_version=&#8221;4.20.0&#8243; _module_preset=&#8221;default&#8221; global_colors_info=&#8221;{}&#8221;][\/et_pb_divider][\/et_pb_column][et_pb_column type=&#8221;1_4&#8243; _builder_version=&#8221;4.20.0&#8243; _module_preset=&#8221;default&#8221; global_colors_info=&#8221;{}&#8221;][et_pb_button button_url=&#8221;#page-container&#8221; button_text=&#8221;Nach oben zur Auswahl&#8221; _builder_version=&#8221;4.20.0&#8243; _module_preset=&#8221;default&#8221; global_colors_info=&#8221;{}&#8221;][\/et_pb_button][\/et_pb_column][\/et_pb_row][\/et_pb_section]<\/p>\n","protected":false},"excerpt":{"rendered":"<p>Impressum German-American Women&#8217;s Club of Munich \u2022Deutsch-Amerikanischer Frauenclub M\u00fcnchen e.V. Andrea Hellmann (Pr\u00e4sidentin)E-Mail: president@gawc-munich.de Petra Bohlein (Vizepr\u00e4sidentin)Angelika Utthof (Schatzmeisterin) vom FA M\u00fcnchen f\u00fcr K\u00f6rperschaften als gemeinn\u00fctzig anerkanntStNr. 143 \/ 216 \/ 00671 Spendenkonto:HypoVereinsbank M\u00fcnchenIBAN: DE64 7002 0270 6530 4562 83BIC HYVEDEMMXXX Eingetragen beim AG M\u00fcnchen VR 5732Anschrift: Andrea Hellmann, Pr\u00e4sidentin, Stadtlohner Stra\u00dfe 10, 80687 M\u00fcnchen [&hellip;]<\/p>\n","protected":false},"author":1,"featured_media":0,"parent":0,"menu_order":0,"comment_status":"closed","ping_status":"closed","template":"","meta":{"_et_pb_use_builder":"on","_et_pb_old_content":"","_et_gb_content_width":"","footnotes":""},"class_list":["post-194","page","type-page","status-publish","hentry"],"_links":{"self":[{"href":"https:\/\/www.gawc-munich.de\/de_de\/wp-json\/wp\/v2\/pages\/194","targetHints":{"allow":["GET"]}}],"collection":[{"href":"https:\/\/www.gawc-munich.de\/de_de\/wp-json\/wp\/v2\/pages"}],"about":[{"href":"https:\/\/www.gawc-munich.de\/de_de\/wp-json\/wp\/v2\/types\/page"}],"author":[{"embeddable":true,"href":"https:\/\/www.gawc-munich.de\/de_de\/wp-json\/wp\/v2\/users\/1"}],"replies":[{"embeddable":true,"href":"https:\/\/www.gawc-munich.de\/de_de\/wp-json\/wp\/v2\/comments?post=194"}],"version-history":[{"count":0,"href":"https:\/\/www.gawc-munich.de\/de_de\/wp-json\/wp\/v2\/pages\/194\/revisions"}],"wp:attachment":[{"href":"https:\/\/www.gawc-munich.de\/de_de\/wp-json\/wp\/v2\/media?parent=194"}],"curies":[{"name":"wp","href":"https:\/\/api.w.org\/{rel}","templated":true}]}}