{"id":5391,"date":"2025-09-17T07:45:08","date_gmt":"2025-09-17T07:45:08","guid":{"rendered":"https:\/\/www.gawc-munich.de\/?page_id=5391"},"modified":"2026-03-04T17:22:34","modified_gmt":"2026-03-04T17:22:34","slug":"debuetanten","status":"publish","type":"page","link":"https:\/\/www.gawc-munich.de\/de_de\/silbertee\/debuetanten","title":{"rendered":"A: Charity Events \u2013 B: Deb\u00fctanten"},"content":{"rendered":"<p>[et_pb_section fb_built=&#8221;1&#8243; fullwidth=&#8221;on&#8221; _builder_version=&#8221;4.20.4&#8243; _module_preset=&#8221;default&#8221; locked=&#8221;on&#8221; collapsed=&#8221;on&#8221; global_colors_info=&#8221;{}&#8221;][et_pb_fullwidth_image src=&#8221;https:\/\/www.gawc-munich.de\/wp-content\/uploads\/2023\/04\/DAFC-Magnolienball-1280&#215;480-1.jpg&#8221; title_text=&#8221;DAFC-Mobile-Version-Magnolienball-680&#215;520&#8243; src_tablet=&#8221;https:\/\/www.gawc-munich.de\/wp-content\/uploads\/2023\/04\/DAFC-Magnolienball-1280&#215;480-1.jpg&#8221; src_phone=&#8221;https:\/\/www.gawc-munich.de\/wp-content\/uploads\/2023\/05\/DAFC-Mobile-Version-Magnolienball-680&#215;520-1.jpg&#8221; src_last_edited=&#8221;on|phone&#8221; _builder_version=&#8221;4.20.4&#8243; _module_preset=&#8221;default&#8221; global_colors_info=&#8221;{}&#8221;][\/et_pb_fullwidth_image][\/et_pb_section][et_pb_section fb_built=&#8221;1&#8243; admin_label=&#8221;Sektion HL %22Charity Events%22 in Aufmacherbild&#8221; _builder_version=&#8221;4.20.4&#8243; _module_preset=&#8221;default&#8221; custom_margin=&#8221;-15vw||9vw||false|false&#8221; custom_margin_tablet=&#8221;-15vw||9vw||false|false&#8221; custom_margin_phone=&#8221;-50vw||||false|false&#8221; custom_margin_last_edited=&#8221;on|phone&#8221; custom_padding=&#8221;0px||0px||false|false&#8221; global_module=&#8221;1551&#8243; locked=&#8221;on&#8221; collapsed=&#8221;off&#8221; global_colors_info=&#8221;{}&#8221;][et_pb_row _builder_version=&#8221;4.20.4&#8243; _module_preset=&#8221;default&#8221; width=&#8221;100%&#8221; max_width=&#8221;2560px&#8221; collapsed=&#8221;off&#8221; global_colors_info=&#8221;{}&#8221;][et_pb_column type=&#8221;4_4&#8243; _builder_version=&#8221;4.20.4&#8243; _module_preset=&#8221;default&#8221; global_colors_info=&#8221;{}&#8221;][et_pb_text _builder_version=&#8221;4.20.4&#8243; _module_preset=&#8221;default&#8221; text_font=&#8221;||||||||&#8221; text_text_color=&#8221;#FFFFFF&#8221; text_font_size=&#8221;5vw&#8221; text_orientation=&#8221;center&#8221; module_alignment=&#8221;center&#8221; text_font_size_tablet=&#8221;&#8221; text_font_size_phone=&#8221;10vw&#8221; text_font_size_last_edited=&#8221;on|phone&#8221; text_text_shadow_style=&#8221;preset3&#8243; locked=&#8221;off&#8221; global_colors_info=&#8221;{}&#8221;]<\/p>\n<p>Charity at its best<\/p>\n<p>[\/et_pb_text][\/et_pb_column][\/et_pb_row][\/et_pb_section][et_pb_section fb_built=&#8221;1&#8243; module_class=&#8221;page_benefiz&#8221; _builder_version=&#8221;4.20.4&#8243; _module_preset=&#8221;default&#8221; global_colors_info=&#8221;{}&#8221;][et_pb_row disabled_on=&#8221;off|off|off&#8221; admin_label=&#8221;Information f\u00fcr die Deb\u00fctantInnen&#8221; _builder_version=&#8221;4.20.4&#8243; _module_preset=&#8221;default&#8221; collapsed=&#8221;off&#8221; global_colors_info=&#8221;{}&#8221;][et_pb_column type=&#8221;4_4&#8243; _builder_version=&#8221;4.20.4&#8243; _module_preset=&#8221;default&#8221; global_colors_info=&#8221;{}&#8221;][et_pb_text _builder_version=&#8221;4.27.4&#8243; _module_preset=&#8221;default&#8221; global_colors_info=&#8221;{}&#8221;]<\/p>\n<h2 style=\"text-align: justify;\">Information f\u00fcr alle Deb\u00fctanten zur Teilnahme am GAWC Magnolienball<\/h2>\n<ol start=\"71\"><\/ol>\n<div style=\"text-align: justify;\">\n<div class=\"page\" title=\"Page 1\">\n<div class=\"layoutArea\">\n<div class=\"column\">\n<p><u>Teilnahme:<\/u><\/p>\n<ul>\n<li>Alle zwischen 16 und 30 Jahren<\/li>\n<li>Paare und Singles willkommen<\/li>\n<li>Keine Tanzerfahrung n\u00f6tig<\/li>\n<li>Maximal 20 Paare pro Ball<\/li>\n<li>Falls es dieses Jahr nicht klappt, kommen Sie automatisch auf die Warteliste f\u00fcr die Teilnahme im n\u00e4chsten Jahr<\/li>\n<li>Nach Anmeldung ist die Teilnahme am Ball und an allen drei Probenterminen verpflichtend<\/li>\n<li><strong>Wer 2027 teilnehmen will &#8211; Gerne nehmen wir euch f\u00fcr die Warteliste 2027 auf ! Einfach email schreiben an <a href=\"mailto:debuetanten@gawc-munich.de\">debuetanten@gawc-munich.de<\/a> !<\/strong><\/li>\n<li><strong>Die Planung f\u00fcr 2027 beginnt erst ab September 2026. Bis dahin reicht eine email f\u00fcr die Warteliste. Sobald wir im Herbst dann ein Datum f\u00fcr den Magnolienball haben, melden wir uns bei euch, und dann k\u00f6nnt ihr nochmal ab oder zusagen, falls die Termine nicht passen sollten. Erst danach ist die <\/strong><strong>Anmeldung f\u00e4llig.<\/strong><\/li>\n<\/ul>\n<p><u>Kosten:<\/u><\/p>\n<ul>\n<li>Kleider und Anz\u00fcge m\u00fcssen selbst gekauft werden<\/li>\n<li>F\u00fcr die Deb\u00fctanten gibt es erm\u00e4\u00dfigte Ballkarten zum Preis von 35\u20ac<\/li>\n<li>Tickets f\u00fcr Familie, Freunde und Bekannte erhalten Sie \u00fcber den regul\u00e4ren Ticketverkauf: siehe GAWC Webseite <a href=\"https:\/\/www.gawc-munich.de\/de_de\/silbertee\/magnolienball\">Magnolienball<\/a>\u00a0ab ca November<\/li>\n<\/ul>\n<p><u>Bekleidung:<\/u><\/p>\n<ul>\n<li>Damen:\n<ul>\n<li>wei\u00dfes, bodenlanges Ballkleid<\/li>\n<li>nicht ausladend, keine Reifr\u00f6cke, keine Schleppe<\/li>\n<li>keine Ma\u00dfanfertigung oder Schneiderarbeiten n\u00f6tig<\/li>\n<li>Preis typischerweise ab ca. 200\u20ac<\/li>\n<\/ul>\n<\/li>\n<li>Herren:\n<ul>\n<li>Schwarzer Anzug<\/li>\n<\/ul>\n<\/li>\n<li>Sonstiges:\n<ul>\n<li>Diadem, Handschuhe f\u00fcr die Damen, Fliegen und Einsteckt\u00fccher f\u00fcr die Herren stellen wir Ihnen gerne zur Verf\u00fcgung, falls gew\u00fcnscht.<\/li>\n<li>Unter bestimmten Voraussetzungen k\u00f6nnen wir auch mit Kleidern unterst\u00fctzen.<\/li>\n<\/ul>\n<\/li>\n<\/ul>\n<p><u>Termine:<\/u><\/p>\n<ul>\n<li>Die Proben finden an 3 Sonntagen vor dem Ball statt. Dauer ca 3 Std.<\/li>\n<li>Ablauf Proben:\n<ul>\n<li>Erstes Kennenlernen: Online Termin zum Besprechen des Ablaufs und eventueller aufkommender Fragen<\/li>\n<li>Termin 1: Kennenlernen und Aufstellen der Paare<\/li>\n<li>Termin 2: M\u00f6glichkeit der Outfit Beratung (falls erw\u00fcnscht)<\/li>\n<li>Termin 3: Ablauf Ball besprechen<\/li>\n<\/ul>\n<\/li>\n<li>Ort Proben:\n<ul>\n<li>Tanzschule Ritmo, Peter-Anders-Str. 13, 81245 M\u00fcnchen<\/li>\n<li>Tanzlehrer: Peter Simon<\/li>\n<\/ul>\n<\/li>\n<li>Generalprobe findet statt am Nachmittag vor dem Ball im Bayerischen Hof\n<ul>\n<li>Generalprobe<\/li>\n<li>Unterst\u00fctzung bei Makeup und Haare vor Ort (falls erw\u00fcnscht)<\/li>\n<\/ul>\n<\/li>\n<\/ul>\n<p><u>Termine 2027:<\/u><\/p>\n<ul>\n<li>Wir nehmen keine Anmeldungen mehr entgegen f\u00fcr 2026. Bitte kontaktieren Sie uns aber gerne f\u00fcr die Warteliste f\u00fcr 2027.<\/li>\n<li>Online Termin: Am einem Wochenende im Dezember (Termin Kl\u00e4rung via Whatsapp Gruppe)<\/li>\n<li>Probentermine: Januar 2027<\/li>\n<li>Ballabend: Februar 2027<\/li>\n<\/ul>\n<p>&nbsp;<\/p>\n<p>Wir freuen uns, \u00fcber Ihr Engagement f\u00fcr Wohlt\u00e4tigkeit und Ihren Beitrag zum Erhalt einer liebgewonnenen Tradition.<br \/><a href=\"mailto:debuetantin@gawc-munich.de\"><\/a><\/p>\n<p>Bitte senden Sie den ausgef\u00fcllten Anmeldebogen und die unterzeichnete Datenschutzerkl\u00e4rung an <a href=\"mailto:debuetanten@gawc-munich.de\">debuetanten@gawc-munich.de.<\/a>\u00a0Die Zahlung der Karte ist erst f\u00e4llig nach Zusage der Teilnahme.<\/p>\n<\/div>\n<\/div>\n<\/div>\n<\/div>\n<p>[\/et_pb_text][\/et_pb_column][\/et_pb_row][et_pb_row column_structure=&#8221;1_2,1_2&#8243; disabled_on=&#8221;off|off|off&#8221; admin_label=&#8221;Anmeldungs File zum downloaded&#8221; _builder_version=&#8221;4.27.4&#8243; _module_preset=&#8221;default&#8221; global_colors_info=&#8221;{}&#8221;][et_pb_column type=&#8221;1_2&#8243; _builder_version=&#8221;4.27.4&#8243; _module_preset=&#8221;default&#8221; global_colors_info=&#8221;{}&#8221;][et_pb_image src=&#8221;https:\/\/www.gawc-munich.de\/wp-content\/uploads\/2025\/10\/Pfeil-Anmeldung.jpg&#8221; title_text=&#8221;Pfeil-Anmeldung&#8221; align=&#8221;right&#8221; admin_label=&#8221;Bild&#8221; _builder_version=&#8221;4.27.4&#8243; _module_preset=&#8221;default&#8221; width=&#8221;50%&#8221; height=&#8221;50%&#8221; hover_enabled=&#8221;0&#8243; global_colors_info=&#8221;{}&#8221; sticky_enabled=&#8221;0&#8243;][\/et_pb_image][\/et_pb_column][et_pb_column type=&#8221;1_2&#8243; _builder_version=&#8221;4.27.4&#8243; _module_preset=&#8221;default&#8221; global_colors_info=&#8221;{}&#8221;][et_pb_text _builder_version=&#8221;4.27.4&#8243; _module_preset=&#8221;default&#8221; hover_enabled=&#8221;0&#8243; global_colors_info=&#8221;{}&#8221; sticky_enabled=&#8221;0&#8243;][\/et_pb_text][et_pb_text disabled_on=&#8221;on|on|on&#8221; _builder_version=&#8221;4.27.4&#8243; _module_preset=&#8221;default&#8221; hover_enabled=&#8221;0&#8243; disabled=&#8221;on&#8221; global_colors_info=&#8221;{}&#8221; sticky_enabled=&#8221;0&#8243;]<\/p>\n<p><a href=\"https:\/\/www.gawc-munich.de\/wp-content\/uploads\/2025\/11\/Anmeldung-GAWC-Debuetanten.pdf\">Anmeldung Deb\u00fctanten<\/a><\/p>\n<p>[\/et_pb_text][\/et_pb_column][\/et_pb_row][et_pb_row column_structure=&#8221;1_2,1_2&#8243; disabled_on=&#8221;off|off|off&#8221; admin_label=&#8221;Deb\u00fctanten Ausstattung&#8221; _builder_version=&#8221;4.27.4&#8243; _module_preset=&#8221;default&#8221; global_colors_info=&#8221;{}&#8221;][et_pb_column type=&#8221;1_2&#8243; _builder_version=&#8221;4.27.4&#8243; _module_preset=&#8221;default&#8221; global_colors_info=&#8221;{}&#8221;][et_pb_image src=&#8221;https:\/\/www.gawc-munich.de\/wp-content\/uploads\/2025\/11\/Anziehen.jpg&#8221; title_text=&#8221;Anziehen&#8221; align=&#8221;right&#8221; admin_label=&#8221;Bild&#8221; _builder_version=&#8221;4.27.4&#8243; _module_preset=&#8221;default&#8221; width=&#8221;50%&#8221; height=&#8221;50%&#8221; global_colors_info=&#8221;{}&#8221;][\/et_pb_image][\/et_pb_column][et_pb_column type=&#8221;1_2&#8243; _builder_version=&#8221;4.27.4&#8243; _module_preset=&#8221;default&#8221; global_colors_info=&#8221;{}&#8221;][et_pb_text _builder_version=&#8221;4.27.4&#8243; _module_preset=&#8221;default&#8221; global_colors_info=&#8221;{}&#8221;]<\/p>\n<p><a href=\"https:\/\/www.gawc-munich.de\/wp-content\/uploads\/2025\/11\/GAWC-Debuetanten-Ausstattung.pdf\">Deb\u00fctanten Ausstattung<\/a><\/p>\n<p>[\/et_pb_text][\/et_pb_column][\/et_pb_row][et_pb_row column_structure=&#8221;1_2,1_2&#8243; disabled_on=&#8221;off|off|off&#8221; admin_label=&#8221;Deb\u00fctanten Flyer&#8221; _builder_version=&#8221;4.27.4&#8243; _module_preset=&#8221;default&#8221; global_colors_info=&#8221;{}&#8221;][et_pb_column type=&#8221;1_2&#8243; _builder_version=&#8221;4.27.4&#8243; _module_preset=&#8221;default&#8221; global_colors_info=&#8221;{}&#8221;][et_pb_image src=&#8221;https:\/\/www.gawc-munich.de\/wp-content\/uploads\/2025\/10\/Flyer-Webseite.jpg&#8221; title_text=&#8221;Flyer-Webseite&#8221; align=&#8221;right&#8221; admin_label=&#8221;Bild&#8221; _builder_version=&#8221;4.27.4&#8243; _module_preset=&#8221;default&#8221; width=&#8221;50%&#8221; height=&#8221;50%&#8221; global_colors_info=&#8221;{}&#8221;][\/et_pb_image][\/et_pb_column][et_pb_column type=&#8221;1_2&#8243; _builder_version=&#8221;4.27.4&#8243; _module_preset=&#8221;default&#8221; global_colors_info=&#8221;{}&#8221;][et_pb_text _builder_version=&#8221;4.27.4&#8243; _module_preset=&#8221;default&#8221; global_colors_info=&#8221;{}&#8221;]<\/p>\n<p><a href=\"https:\/\/www.gawc-munich.de\/wp-content\/uploads\/2025\/09\/Flyer.pdf\">Deb\u00fctanten Flyer<\/a><\/p>\n<p>[\/et_pb_text][\/et_pb_column][\/et_pb_row][et_pb_row column_structure=&#8221;1_3,1_3,1_3&#8243; disabled_on=&#8221;off|off|off&#8221; _builder_version=&#8221;4.27.4&#8243; _module_preset=&#8221;default&#8221; global_colors_info=&#8221;{}&#8221;][et_pb_column type=&#8221;1_3&#8243; _builder_version=&#8221;4.27.4&#8243; _module_preset=&#8221;default&#8221; global_colors_info=&#8221;{}&#8221;][et_pb_image src=&#8221;https:\/\/www.gawc-munich.de\/wp-content\/uploads\/2026\/02\/5K0A4883-scaled.jpg&#8221; title_text=&#8221;5K0A4883&#8243; admin_label=&#8221;Bild&#8221; _builder_version=&#8221;4.27.4&#8243; _module_preset=&#8221;default&#8221; width=&#8221;81%&#8221; global_colors_info=&#8221;{}&#8221;][\/et_pb_image][et_pb_image src=&#8221;https:\/\/www.gawc-munich.de\/wp-content\/uploads\/2026\/02\/5K0A4885-scaled.jpg&#8221; title_text=&#8221;5K0A4885&#8243; admin_label=&#8221;Bild&#8221; _builder_version=&#8221;4.27.4&#8243; _module_preset=&#8221;default&#8221; width=&#8221;81%&#8221; global_colors_info=&#8221;{}&#8221;][\/et_pb_image][\/et_pb_column][et_pb_column type=&#8221;1_3&#8243; _builder_version=&#8221;4.27.4&#8243; _module_preset=&#8221;default&#8221; global_colors_info=&#8221;{}&#8221;][et_pb_image src=&#8221;https:\/\/www.gawc-munich.de\/wp-content\/uploads\/2026\/02\/5K0A4890-scaled.jpg&#8221; title_text=&#8221;5K0A4890&#8243; admin_label=&#8221;Bild&#8221; _builder_version=&#8221;4.27.4&#8243; _module_preset=&#8221;default&#8221; width=&#8221;81%&#8221; global_colors_info=&#8221;{}&#8221;][\/et_pb_image][et_pb_image src=&#8221;https:\/\/www.gawc-munich.de\/wp-content\/uploads\/2026\/02\/5K0A4894-scaled.jpg&#8221; title_text=&#8221;5K0A4894&#8243; admin_label=&#8221;Bild&#8221; _builder_version=&#8221;4.27.4&#8243; _module_preset=&#8221;default&#8221; width=&#8221;81%&#8221; global_colors_info=&#8221;{}&#8221;][\/et_pb_image][et_pb_image src=&#8221;https:\/\/www.gawc-munich.de\/wp-content\/uploads\/2026\/02\/5K0A4919-scaled.jpg&#8221; title_text=&#8221;5K0A4919&#8243; admin_label=&#8221;Bild&#8221; _builder_version=&#8221;4.27.4&#8243; _module_preset=&#8221;default&#8221; width=&#8221;81%&#8221; global_colors_info=&#8221;{}&#8221;][\/et_pb_image][et_pb_image src=&#8221;https:\/\/www.gawc-munich.de\/wp-content\/uploads\/2026\/02\/5K0A4911-scaled.jpg&#8221; title_text=&#8221;5K0A4911&#8243; admin_label=&#8221;Bild&#8221; _builder_version=&#8221;4.27.4&#8243; _module_preset=&#8221;default&#8221; width=&#8221;81%&#8221; global_colors_info=&#8221;{}&#8221;][\/et_pb_image][\/et_pb_column][et_pb_column type=&#8221;1_3&#8243; _builder_version=&#8221;4.27.4&#8243; _module_preset=&#8221;default&#8221; global_colors_info=&#8221;{}&#8221;][et_pb_image src=&#8221;https:\/\/www.gawc-munich.de\/wp-content\/uploads\/2026\/02\/5K0A4907-1-scaled.jpg&#8221; title_text=&#8221;5K0A4907&#8243; admin_label=&#8221;Bild&#8221; _builder_version=&#8221;4.27.4&#8243; _module_preset=&#8221;default&#8221; width=&#8221;81%&#8221; global_colors_info=&#8221;{}&#8221;][\/et_pb_image][et_pb_image src=&#8221;https:\/\/www.gawc-munich.de\/wp-content\/uploads\/2025\/02\/Magnolienball-Foto-Sigi-Mueller-www.augenblick-fotografie.com-277-2-Large.jpeg&#8221; title_text=&#8221;Magnolienball Foto Sigi M\u00fcller www.augenblick-fotografie.com (277) 2 Large&#8221; admin_label=&#8221;Bild&#8221; _builder_version=&#8221;4.27.4&#8243; _module_preset=&#8221;default&#8221; width=&#8221;81%&#8221; global_colors_info=&#8221;{}&#8221;][\/et_pb_image][et_pb_video src=&#8221;https:\/\/www.youtube.com\/watch?v=YevYelL85HI&#038;t=71s&#8221; _builder_version=&#8221;4.27.4&#8243; _module_preset=&#8221;default&#8221; global_colors_info=&#8221;{}&#8221;][\/et_pb_video][\/et_pb_column][\/et_pb_row][et_pb_row column_structure=&#8221;3_4,1_4&#8243; admin_label=&#8221;Zeile %22nach oben%22&#8243; _builder_version=&#8221;4.21.0&#8243; _module_preset=&#8221;default&#8221; locked=&#8221;on&#8221; collapsed=&#8221;on&#8221; global_colors_info=&#8221;{}&#8221;][et_pb_column type=&#8221;3_4&#8243; _builder_version=&#8221;4.20.0&#8243; _module_preset=&#8221;default&#8221; global_colors_info=&#8221;{}&#8221;][et_pb_divider _builder_version=&#8221;4.20.0&#8243; _module_preset=&#8221;default&#8221; global_colors_info=&#8221;{}&#8221;][\/et_pb_divider][\/et_pb_column][et_pb_column type=&#8221;1_4&#8243; _builder_version=&#8221;4.20.0&#8243; _module_preset=&#8221;default&#8221; global_colors_info=&#8221;{}&#8221;][et_pb_button button_url=&#8221;#page-container&#8221; button_text=&#8221;Nach oben zur Auswahl&#8221; _builder_version=&#8221;4.20.0&#8243; _module_preset=&#8221;default&#8221; global_colors_info=&#8221;{}&#8221;][\/et_pb_button][\/et_pb_column][\/et_pb_row][\/et_pb_section]<\/p>\n","protected":false},"excerpt":{"rendered":"<p>Charity at its bestInformation f\u00fcr alle Deb\u00fctanten zur Teilnahme am GAWC Magnolienball Teilnahme: Alle zwischen 16 und 30 Jahren Paare und Singles willkommen Keine Tanzerfahrung n\u00f6tig Maximal 20 Paare pro Ball Falls es dieses Jahr nicht klappt, kommen Sie automatisch auf die Warteliste f\u00fcr die Teilnahme im n\u00e4chsten Jahr Nach Anmeldung ist die Teilnahme am [&hellip;]<\/p>\n","protected":false},"author":8,"featured_media":0,"parent":171,"menu_order":0,"comment_status":"closed","ping_status":"closed","template":"","meta":{"_et_pb_use_builder":"on","_et_pb_old_content":"","_et_gb_content_width":"","footnotes":""},"class_list":["post-5391","page","type-page","status-publish","hentry"],"_links":{"self":[{"href":"https:\/\/www.gawc-munich.de\/de_de\/wp-json\/wp\/v2\/pages\/5391","targetHints":{"allow":["GET"]}}],"collection":[{"href":"https:\/\/www.gawc-munich.de\/de_de\/wp-json\/wp\/v2\/pages"}],"about":[{"href":"https:\/\/www.gawc-munich.de\/de_de\/wp-json\/wp\/v2\/types\/page"}],"author":[{"embeddable":true,"href":"https:\/\/www.gawc-munich.de\/de_de\/wp-json\/wp\/v2\/users\/8"}],"replies":[{"embeddable":true,"href":"https:\/\/www.gawc-munich.de\/de_de\/wp-json\/wp\/v2\/comments?post=5391"}],"version-history":[{"count":41,"href":"https:\/\/www.gawc-munich.de\/de_de\/wp-json\/wp\/v2\/pages\/5391\/revisions"}],"predecessor-version":[{"id":6397,"href":"https:\/\/www.gawc-munich.de\/de_de\/wp-json\/wp\/v2\/pages\/5391\/revisions\/6397"}],"up":[{"embeddable":true,"href":"https:\/\/www.gawc-munich.de\/de_de\/wp-json\/wp\/v2\/pages\/171"}],"wp:attachment":[{"href":"https:\/\/www.gawc-munich.de\/de_de\/wp-json\/wp\/v2\/media?parent=5391"}],"curies":[{"name":"wp","href":"https:\/\/api.w.org\/{rel}","templated":true}]}}