{"id":704,"date":"2023-03-01T20:05:03","date_gmt":"2023-03-01T20:05:03","guid":{"rendered":"https:\/\/www.gawc-munich.de\/benefizveranstaltungen-silbertee-copy"},"modified":"2026-03-13T16:44:41","modified_gmt":"2026-03-13T16:44:41","slug":"inklusions-golfturnier","status":"publish","type":"page","link":"https:\/\/www.gawc-munich.de\/de_de\/silbertee\/inklusions-golfturnier","title":{"rendered":"Charity Events \u2013 D: Inklusions Golfturnier"},"content":{"rendered":"<p>[et_pb_section fb_built=&#8221;1&#8243; fullwidth=&#8221;on&#8221; _builder_version=&#8221;4.20.4&#8243; _module_preset=&#8221;default&#8221; collapsed=&#8221;on&#8221; global_colors_info=&#8221;{}&#8221;][et_pb_fullwidth_image src=&#8221;https:\/\/www.gawc-munich.de\/wp-content\/uploads\/2024\/10\/DAFC-Inklusions-Golfturnier-2024-1280&#215;480-1.jpg&#8221; title_text=&#8221;DAFC-Mobile-Version-Golf-2-680&#215;520&#8243; src_tablet=&#8221;https:\/\/www.gawc-munich.de\/wp-content\/uploads\/2024\/10\/DAFC-Inklusions-Golfturnier-2024-1280&#215;480-1.jpg&#8221; src_phone=&#8221;https:\/\/www.gawc-munich.de\/wp-content\/uploads\/2024\/10\/DAFC-Mobile-Version-Golf-2-680&#215;520-1.jpg&#8221; src_last_edited=&#8221;on|phone&#8221; _builder_version=&#8221;4.27.0&#8243; _module_preset=&#8221;default&#8221; global_colors_info=&#8221;{}&#8221;][\/et_pb_fullwidth_image][\/et_pb_section][et_pb_section fb_built=&#8221;1&#8243; admin_label=&#8221;Sektion HL %22Charity Events%22 in Aufmacherbild&#8221; _builder_version=&#8221;4.20.4&#8243; _module_preset=&#8221;default&#8221; custom_margin=&#8221;-15vw||9vw||false|false&#8221; custom_margin_tablet=&#8221;-15vw||9vw||false|false&#8221; custom_margin_phone=&#8221;-50vw||||false|false&#8221; custom_margin_last_edited=&#8221;on|phone&#8221; custom_padding=&#8221;0px||0px||false|false&#8221; global_module=&#8221;1551&#8243; locked=&#8221;on&#8221; collapsed=&#8221;off&#8221; global_colors_info=&#8221;{}&#8221;][et_pb_row _builder_version=&#8221;4.20.4&#8243; _module_preset=&#8221;default&#8221; width=&#8221;100%&#8221; max_width=&#8221;2560px&#8221; collapsed=&#8221;off&#8221; global_colors_info=&#8221;{}&#8221;][et_pb_column type=&#8221;4_4&#8243; _builder_version=&#8221;4.20.4&#8243; _module_preset=&#8221;default&#8221; global_colors_info=&#8221;{}&#8221;][et_pb_text _builder_version=&#8221;4.20.4&#8243; _module_preset=&#8221;default&#8221; text_font=&#8221;||||||||&#8221; text_text_color=&#8221;#FFFFFF&#8221; text_font_size=&#8221;5vw&#8221; text_orientation=&#8221;center&#8221; module_alignment=&#8221;center&#8221; text_font_size_tablet=&#8221;&#8221; text_font_size_phone=&#8221;10vw&#8221; text_font_size_last_edited=&#8221;on|phone&#8221; text_text_shadow_style=&#8221;preset3&#8243; locked=&#8221;off&#8221; global_colors_info=&#8221;{}&#8221;]<\/p>\n<p>Charity at its best<\/p>\n<p>[\/et_pb_text][\/et_pb_column][\/et_pb_row][\/et_pb_section][et_pb_section fb_built=&#8221;1&#8243; disabled_on=&#8221;off|off|off&#8221; module_class=&#8221;page_benefiz&#8221; _builder_version=&#8221;4.20.0&#8243; _module_preset=&#8221;default&#8221; collapsed=&#8221;off&#8221; global_colors_info=&#8221;{}&#8221;][et_pb_row disabled_on=&#8221;off|off|off&#8221; admin_label=&#8221;Erste Zeile&#8221; module_id=&#8221;dafc-content&#8221; _builder_version=&#8221;4.20.4&#8243; _module_preset=&#8221;default&#8221; collapsed=&#8221;on&#8221; global_colors_info=&#8221;{}&#8221;][et_pb_column type=&#8221;4_4&#8243; _builder_version=&#8221;4.20.0&#8243; _module_preset=&#8221;default&#8221; global_colors_info=&#8221;{}&#8221;][et_pb_text disabled_on=&#8221;off|off|off&#8221; _builder_version=&#8221;4.27.4&#8243; _module_preset=&#8221;default&#8221; locked=&#8221;off&#8221; global_colors_info=&#8221;{}&#8221;]<\/p>\n<h2>Sportliche Wohlt\u00e4tigkeit<\/h2>\n<p>[\/et_pb_text][\/et_pb_column][\/et_pb_row][et_pb_row disabled_on=&#8221;off|off|off&#8221; admin_label=&#8221;Turnier 2026&#8243; module_id=&#8221;dafc-content&#8221; _builder_version=&#8221;4.20.4&#8243; _module_preset=&#8221;default&#8221; collapsed=&#8221;on&#8221; global_colors_info=&#8221;{}&#8221;][et_pb_column type=&#8221;4_4&#8243; _builder_version=&#8221;4.20.0&#8243; _module_preset=&#8221;default&#8221; global_colors_info=&#8221;{}&#8221;][et_pb_text disabled_on=&#8221;off|off|off&#8221; _builder_version=&#8221;4.27.4&#8243; _module_preset=&#8221;default&#8221; locked=&#8221;off&#8221; global_colors_info=&#8221;{}&#8221;]<\/p>\n<h2>F<span>\u00fcnftest <\/span>Inklusions-Golfturnier<\/h2>\n<p><span><\/span>Das 5. Inklusions-Golfturnier findet am 10.07.2026 im Golfpark Aschheim bei M\u00fcnchen statt.<span><\/span><a href=\"https:\/\/www.gawc-munich.de\/wp-content\/uploads\/2025\/06\/Merkur-InklGolf-25-2.pdf\"><\/a><\/p>\n<p>[\/et_pb_text][\/et_pb_column][\/et_pb_row][et_pb_row admin_label=&#8221;Turnier 2025&#8243; module_id=&#8221;dafc-content&#8221; _builder_version=&#8221;4.20.4&#8243; _module_preset=&#8221;default&#8221; collapsed=&#8221;on&#8221; global_colors_info=&#8221;{}&#8221;][et_pb_column type=&#8221;4_4&#8243; _builder_version=&#8221;4.20.0&#8243; _module_preset=&#8221;default&#8221; global_colors_info=&#8221;{}&#8221;][et_pb_text _builder_version=&#8221;4.27.4&#8243; _module_preset=&#8221;default&#8221; global_colors_info=&#8221;{}&#8221;]<\/p>\n<h2>Viertes Inklusions-Golfturnier am 27.06.2025<\/h2>\n<p style=\"text-align: left;\">Golfspielen miteinander und f\u00fcreinander beim 4. Inklusionsturnier des Deutsch \u2013 Amerikanischen Frauenclubs M\u00fcnchen e.V. am 27. Juni 2025 im Golfpark Aschheim.<\/p>\n<p style=\"text-align: center;\"><strong>\u201eEs war so sch\u00f6n\u201c<\/strong><\/p>\n<p><img style=\"display: block; margin-left: auto; margin-right: auto;\" \/>Und es begann mit der herzlichen Er\u00f6ffnung der Benefizveranstaltung durch unsere verehrte Pr\u00e4sidentin, Andrea Hellmann.<a href=\"https:\/\/www.gawc-munich.de\/wp-content\/uploads\/2025\/06\/Merkur-InklGolf-25-2.pdf\"><\/a><\/p>\n<p><strong>Miteinander<\/strong> Golf spielten Teilnehmerinnen und Teilnehmer mit und ohne Behinderung \u2013 darunter viele Ladies des GAWC. Auf der 9 Loch Golfanlage des Golfparks Aschheim, in 14 gemischten Flights, bei angenehmen Tempertaturen, zwischendurch starken Regeng\u00fcssen trotzend.<\/p>\n<p><strong>Miteinander<\/strong> erlebten alle ein besonderes, unbeschwertes Golfturnier. Sportlicher Ehrgeiz trieb so manche Teilnehmerin und manchen Teilnehmer zu unglaublichen Schl\u00e4gen und Leistungen an, deutlich erkennbar bei der abschlie\u00dfenden Siegerehrung mit Peisverleihung.<\/p>\n<p><strong>Miteinander<\/strong> genossen alle einen harmonischen heiteren Abend bei guten Gespr\u00e4chen und k\u00f6stlichem Essen. Die Leichtigkeit des Moments war allgemein sp\u00fcrbar.<\/p>\n<p><strong>F\u00fcreinander<\/strong>: Inklusionsbeauftragte Kerstin Schulz und Proette Elizabeth H\u00f6h, beide t\u00e4tig im Golfpark Aschheim, \u00fcbernahmen routiniert die sportliche Organisation des Turniers. Liz H\u00f6h war sichtlich stolz auf ihre Golfsch\u00fclerinnen und -sch\u00fcler.<\/p>\n<p><strong>F\u00fcreinander:<\/strong> Dank gro\u00dfz\u00fcgiger Spenden und dank eines gro\u00dfz\u00fcgigen finanziellen Entgegenkommens der Firma Power Golf kann nun f\u00fcr die sportlichen Handicap Stars ein <strong>Elektro Trolley<\/strong> bezahlt werden &#8211; und <strong>zus\u00e4tzlich ein lange ertr\u00e4umter Golf Scooter!<\/strong><\/p>\n<p style=\"text-align: center;\"><strong>\u201eWir freuen uns auf n\u00e4chstes Jahr\u201c<\/strong><strong><\/strong><\/p>\n<p>[\/et_pb_text][\/et_pb_column][\/et_pb_row][et_pb_row column_structure=&#8221;1_2,1_2&#8243; disabled_on=&#8221;off|off|off&#8221; _builder_version=&#8221;4.27.0&#8243; _module_preset=&#8221;default&#8221; collapsed=&#8221;on&#8221; global_colors_info=&#8221;{}&#8221;][et_pb_column type=&#8221;1_2&#8243; _builder_version=&#8221;4.27.0&#8243; _module_preset=&#8221;default&#8221; global_colors_info=&#8221;{}&#8221;][et_pb_image src=&#8221;https:\/\/www.gawc-munich.de\/wp-content\/uploads\/2026\/02\/PaulundKerstin_PHOTO-2025-10-10-18-44-48.jpg&#8221; title_text=&#8221;PaulundKerstin_PHOTO-2025-10-10-18-44-48&#8243; _builder_version=&#8221;4.27.4&#8243; _module_preset=&#8221;default&#8221; global_colors_info=&#8221;{}&#8221;][\/et_pb_image][et_pb_text _builder_version=&#8221;4.27.4&#8243; _module_preset=&#8221;default&#8221; global_colors_info=&#8221;{}&#8221;]<\/p>\n<h6>Paul <span>K\u00f6gler <\/span>und Kerstin Schulz, Inklusions Beauftragte des Golfparks Aschheim<br \/>Fotocredits: <span>Helga K\u00f6gler, Mutter von Paul<\/span><\/h6>\n<p>[\/et_pb_text][\/et_pb_column][et_pb_column type=&#8221;1_2&#8243; _builder_version=&#8221;4.27.0&#8243; _module_preset=&#8221;default&#8221; global_colors_info=&#8221;{}&#8221;][et_pb_image src=&#8221;https:\/\/www.gawc-munich.de\/wp-content\/uploads\/2025\/08\/Scooter_PHOTO-2025-06-29-16-16-39.jpeg&#8221; title_text=&#8221;Logo&#8221; _builder_version=&#8221;4.27.4&#8243; _module_preset=&#8221;default&#8221; width=&#8221;50%&#8221; height=&#8221;50%&#8221; global_colors_info=&#8221;{}&#8221;][\/et_pb_image][et_pb_text _builder_version=&#8221;4.27.4&#8243; _module_preset=&#8221;default&#8221; global_colors_info=&#8221;{}&#8221;]<\/p>\n<h6>Kerstin Schulz, Inklusions Beauftragte des Golfparks Aschheim<br \/>Fotocredits: Liz <span>H\u00f6h, Proette Golfpark Aschheim<\/span><\/h6>\n<p>[\/et_pb_text][\/et_pb_column][\/et_pb_row][et_pb_row disabled_on=&#8221;off|off|off&#8221; admin_label=&#8221;Turnier 2025&#8243; module_id=&#8221;dafc-content&#8221; _builder_version=&#8221;4.20.4&#8243; _module_preset=&#8221;default&#8221; collapsed=&#8221;on&#8221; global_colors_info=&#8221;{}&#8221;][et_pb_column type=&#8221;4_4&#8243; _builder_version=&#8221;4.20.0&#8243; _module_preset=&#8221;default&#8221; global_colors_info=&#8221;{}&#8221;][et_pb_text disabled_on=&#8221;off|off|off&#8221; _builder_version=&#8221;4.27.4&#8243; _module_preset=&#8221;default&#8221; global_colors_info=&#8221;{}&#8221;]<\/p>\n<p>Gro\u00dfe Freude\u2026<br \/>\u2026 bei unseren Golfpark-Mitgliedern der r\u00fchrigen Inklusionsgruppe: Nach dem 4. Inklusionsgolfturniers Sommer-Turnier des Deutsch-Amerikanischen Frauenclubs M\u00fcnchen mit den HandicapsStars in Aschheim, nahm unsere Inklusions-Beauftragte Kerstin Schulz (li) den neuen Golf Scooter der Firmen Ahowa &amp; Golfwerft in Empfang, mit dem sie und die anderen Inklusions-Golfer k\u00fcnftig sicher \u00fcber die Fairways gleiten k\u00f6nnen. Der Scooter ist ein Allesk\u00f6nner mit kleinsten Radien und sogar mit R\u00fcckw\u00e4rtsgang!<\/p>\n<p>Und Kerstin, die im Sommer bei diversen Inklusions-Turnieren recht erfolgreich war, kann damit auch mit ihrer Beinproteste geschickt man\u00f6vrieren. Ihre Langzeit-Erfolgstrainerin Elizabeth H\u00f6h (Mitte) ist auch happy \u00fcber den PC Powergolf-Trolley f\u00fcr die sog. Fu\u00dfg\u00e4nger ihrer Behinderten-Gruppe.<\/p>\n<p>[\/et_pb_text][et_pb_image src=&#8221;https:\/\/www.gawc-munich.de\/wp-content\/uploads\/2025\/09\/Golf-1.jpg&#8221; title_text=&#8221;Golf-1&#8243; align=&#8221;center&#8221; _builder_version=&#8221;4.27.4&#8243; _module_preset=&#8221;default&#8221; width=&#8221;30%&#8221; height=&#8221;30%&#8221; global_colors_info=&#8221;{}&#8221;][\/et_pb_image][et_pb_text disabled_on=&#8221;off|off|off&#8221; _builder_version=&#8221;4.27.4&#8243; _module_preset=&#8221;default&#8221; global_colors_info=&#8221;{}&#8221;]<\/p>\n<h6 style=\"text-align: center;\">Foto Credits: Conny Konzack, Golfpark Aschheim<\/h6>\n<p>[\/et_pb_text][et_pb_text disabled_on=&#8221;off|off|off&#8221; _builder_version=&#8221;4.27.4&#8243; _module_preset=&#8221;default&#8221; global_colors_info=&#8221;{}&#8221;]<\/p>\n<p>M\u00f6glich machte diese gro\u00dfz\u00fcgige Gabe der Erl\u00f6s des Sommerturniers des GAWC, den die Mitglieder-Beauftragte Hannelore Demmel (2.v.l.) und Charity-Chairlady Ulrike Kellner (re) am 28. August im Golfpark \u00fcberreichten. Ein dicker Dank an diese gro\u00dfherzigen Damen und ihren sozialen Wohlt\u00e4tigkeits-Club, dessen Gr\u00fcndung bereits nach dem 2.Weltkrieg im Jahr 1948 stattfand und der von amerikanischen Offiziersfrauen und der unvergessenen Prinzessin Pilar von Bayern initiiert wurde.<\/p>\n<p>[\/et_pb_text][\/et_pb_column][\/et_pb_row][et_pb_row column_structure=&#8221;1_3,1_3,1_3&#8243; disabled_on=&#8221;on|on|on&#8221; admin_label=&#8221;Turnier 2025&#8243; _builder_version=&#8221;4.27.0&#8243; _module_preset=&#8221;default&#8221; disabled=&#8221;on&#8221; collapsed=&#8221;on&#8221; global_colors_info=&#8221;{}&#8221;][et_pb_column type=&#8221;1_3&#8243; _builder_version=&#8221;4.27.0&#8243; _module_preset=&#8221;default&#8221; global_colors_info=&#8221;{}&#8221;][et_pb_text _builder_version=&#8221;4.27.4&#8243; _module_preset=&#8221;default&#8221; global_colors_info=&#8221;{}&#8221;][\/et_pb_text][\/et_pb_column][et_pb_column type=&#8221;1_3&#8243; _builder_version=&#8221;4.27.0&#8243; _module_preset=&#8221;default&#8221; global_colors_info=&#8221;{}&#8221;][et_pb_image src=&#8221;https:\/\/www.gawc-munich.de\/wp-content\/uploads\/2025\/08\/Scooter_PHOTO-2025-06-29-16-16-39.jpeg&#8221; title_text=&#8221;Scooter_PHOTO-2025-06-29-16-16-39&#8243; _builder_version=&#8221;4.27.4&#8243; _module_preset=&#8221;default&#8221; global_colors_info=&#8221;{}&#8221;][\/et_pb_image][et_pb_text _builder_version=&#8221;4.27.4&#8243; _module_preset=&#8221;default&#8221; global_colors_info=&#8221;{}&#8221;]<\/p>\n<h6>Kerstin Schulz, Inklusions Beauftragte des Golfparks Aschheim<br \/>Fotocredits: Liz <span>H\u00f6h, Proette Golfpark Aschheim<\/span><\/h6>\n<p>[\/et_pb_text][\/et_pb_column][et_pb_column type=&#8221;1_3&#8243; _builder_version=&#8221;4.27.0&#8243; _module_preset=&#8221;default&#8221; global_colors_info=&#8221;{}&#8221;][et_pb_text _builder_version=&#8221;4.27.4&#8243; _module_preset=&#8221;default&#8221; global_colors_info=&#8221;{}&#8221;]<\/p>\n<p>&nbsp;<\/p>\n<p>[\/et_pb_text][\/et_pb_column][\/et_pb_row][et_pb_row column_structure=&#8221;3_4,1_4&#8243; _builder_version=&#8221;4.27.0&#8243; _module_preset=&#8221;default&#8221; collapsed=&#8221;on&#8221; global_colors_info=&#8221;{}&#8221;][et_pb_column type=&#8221;3_4&#8243; _builder_version=&#8221;4.27.0&#8243; _module_preset=&#8221;default&#8221; global_colors_info=&#8221;{}&#8221;][et_pb_text admin_label=&#8221;Text Organisation&#8221; _builder_version=&#8221;4.27.4&#8243; _module_preset=&#8221;default&#8221; locked=&#8221;off&#8221; global_colors_info=&#8221;{}&#8221;]<\/p>\n<p><strong><img loading=\"lazy\" decoding=\"async\" src=\"https:\/\/www.gawc-munich.de\/wp-content\/uploads\/2024\/07\/Angelika-198x300.jpg\" width=\"198\" height=\"300\" alt=\"\" class=\"wp-image-3806 alignnone size-medium\" \/><\/strong><\/p>\n<p><strong>Organisation: Angelika Uthoff<\/strong>. GAWC Chairlady Inklusions-Golfturnier<br \/><a href=\"mailto:magnolienball@gawc-munich.de\"><strong>golfturnier@gawc-munich.de<\/strong><\/a><\/p>\n<p>[\/et_pb_text][\/et_pb_column][et_pb_column type=&#8221;1_4&#8243; _builder_version=&#8221;4.27.0&#8243; _module_preset=&#8221;default&#8221; global_colors_info=&#8221;{}&#8221;][et_pb_button button_url=&#8221;\/galerie#golfturnier-2025&#8243; button_text=&#8221;Fotos zum Event&#8221; admin_label=&#8221;Button Galerie&#8221; _builder_version=&#8221;4.27.4&#8243; _module_preset=&#8221;default&#8221; global_colors_info=&#8221;{}&#8221;][\/et_pb_button][\/et_pb_column][\/et_pb_row][et_pb_row admin_label=&#8221;Turnier 2024&#8243; module_id=&#8221;dafc-content&#8221; _builder_version=&#8221;4.20.4&#8243; _module_preset=&#8221;default&#8221; collapsed=&#8221;on&#8221; global_colors_info=&#8221;{}&#8221;][et_pb_column type=&#8221;4_4&#8243; _builder_version=&#8221;4.20.0&#8243; _module_preset=&#8221;default&#8221; global_colors_info=&#8221;{}&#8221;][et_pb_text _builder_version=&#8221;4.27.4&#8243; _module_preset=&#8221;default&#8221; global_colors_info=&#8221;{}&#8221;]<\/p>\n<h2>Drittes Inklusions-Golfturnier am 26.09.2024<\/h2>\n<p>Gemeinsam Sport treiben, Ber\u00fchrungs\u00e4ngste abbauen und dabei noch etwas Gutes f\u00fcr andere tun \u2013 diesen Dreiklang erlebten im September 35 Spieler beim dritten Inklusions-Golfturnier des Deutsch-Amerikanischen Frauenclubs gemeinsam mit den Handicapstars des Golfpark Aschheim. Menschen mit und ohne Beeintr\u00e4chtigungen spielten in 9 gemischten Flights und genossen das gemeinsame Golfen.<span>e<\/span><\/p>\n<p>[\/et_pb_text][et_pb_image src=&#8221;https:\/\/www.gawc-munich.de\/wp-content\/uploads\/2024\/09\/20240926_161025-scaled.jpg&#8221; title_text=&#8221;20240926_161025&#8243; _builder_version=&#8221;4.27.4&#8243; _module_preset=&#8221;default&#8221; width=&#8221;50%&#8221; height=&#8221;50%&#8221; global_colors_info=&#8221;{}&#8221;][\/et_pb_image][et_pb_text _builder_version=&#8221;4.27.0&#8243; _module_preset=&#8221;default&#8221; global_colors_info=&#8221;{}&#8221;]<\/p>\n<p>Der Erl\u00f6s dieser Benefizveranstaltung kam in diesem Jahr vollst\u00e4ndig einem Projekt des Mobilen Sonderp\u00e4dagogischen Dienstes f\u00fcr K\u00f6rperbehinderte in Oberbayern zugute.<span>\u00a0 <\/span>Ein besonderes Highlight\u00a0war deshalb die Pr\u00e4sentation des Roboter-Avatars\u00a0AV1, der kranken Kindern und Jugendlichen, die nicht zur Schule gehen k\u00f6nnen, die Teilnahme am Unterricht von zu Hause aus erm\u00f6glicht. Dieser innovative Avatar wurde w\u00e4hrend des Turniers von Maximilian Popp von der Firma No Isolation vorgestellt.<\/p>\n<p>[\/et_pb_text][et_pb_image src=&#8221;https:\/\/www.gawc-munich.de\/wp-content\/uploads\/2024\/09\/20240926_140732-scaled.jpg&#8221; title_text=&#8221;20240926_140732&#8243; _builder_version=&#8221;4.27.4&#8243; _module_preset=&#8221;default&#8221; width=&#8221;50%&#8221; height=&#8221;50%&#8221; global_colors_info=&#8221;{}&#8221;][\/et_pb_image][et_pb_text _builder_version=&#8221;4.27.0&#8243; _module_preset=&#8221;default&#8221; global_colors_info=&#8221;{}&#8221;]<\/p>\n<div><span lang=\"DE\">Golf ist ein Sport, der von allen genossen werden kann und gelebte Inklusion erm\u00f6glicht. Am Ende waren sich alle Teilnehmenden einig: wir freuen uns auf das vierte Inklusions-Golfturnier des Deutsch-Amerikanischen Frauenclubs in 2025!<\/span><\/div>\n<div><\/div>\n<p>[\/et_pb_text][et_pb_image src=&#8221;https:\/\/www.gawc-munich.de\/wp-content\/uploads\/2024\/09\/AD465BB4-050C-4FEB-A598-C5D84F54EB99-scaled.jpeg&#8221; title_text=&#8221;AD465BB4-050C-4FEB-A598-C5D84F54EB99&#8243; _builder_version=&#8221;4.27.4&#8243; _module_preset=&#8221;default&#8221; width=&#8221;50%&#8221; height=&#8221;50%&#8221; global_colors_info=&#8221;{}&#8221;][\/et_pb_image][\/et_pb_column][\/et_pb_row][et_pb_row column_structure=&#8221;3_4,1_4&#8243; disabled_on=&#8221;on|on|on&#8221; _builder_version=&#8221;4.27.0&#8243; _module_preset=&#8221;default&#8221; disabled=&#8221;on&#8221; collapsed=&#8221;on&#8221; global_colors_info=&#8221;{}&#8221;][et_pb_column type=&#8221;3_4&#8243; _builder_version=&#8221;4.27.0&#8243; _module_preset=&#8221;default&#8221; global_colors_info=&#8221;{}&#8221;][et_pb_text admin_label=&#8221;Text Organisation&#8221; _builder_version=&#8221;4.27.4&#8243; _module_preset=&#8221;default&#8221; locked=&#8221;off&#8221; global_colors_info=&#8221;{}&#8221;]<\/p>\n<p><strong><img loading=\"lazy\" decoding=\"async\" src=\"https:\/\/www.gawc-munich.de\/wp-content\/uploads\/2024\/07\/Angelika-198x300.jpg\" width=\"198\" height=\"300\" alt=\"\" class=\"wp-image-3806 alignnone size-medium\" \/><\/strong><\/p>\n<p><strong>Organisation: Angelika Uthoff<\/strong>. GAWC Chairlady Inklusions-Golfturnier<br \/><a href=\"mailto:magnolienball@gawc-munich.de\"><strong>golfturnier@gawc-munich.de<\/strong><\/a><\/p>\n<p>[\/et_pb_text][\/et_pb_column][et_pb_column type=&#8221;1_4&#8243; _builder_version=&#8221;4.27.0&#8243; _module_preset=&#8221;default&#8221; global_colors_info=&#8221;{}&#8221;][et_pb_button button_url=&#8221;\/galerie#golfturnier-2024&#8243; button_text=&#8221;Fotos zum Event&#8221; admin_label=&#8221;Button Galerie&#8221; _builder_version=&#8221;4.27.4&#8243; _module_preset=&#8221;default&#8221; global_colors_info=&#8221;{}&#8221;][\/et_pb_button][\/et_pb_column][\/et_pb_row][et_pb_row disabled_on=&#8221;on|on|on&#8221; admin_label=&#8221;Turnier 2022\/1&#8243; module_id=&#8221;dafc-content&#8221; _builder_version=&#8221;4.20.4&#8243; _module_preset=&#8221;default&#8221; disabled=&#8221;on&#8221; collapsed=&#8221;on&#8221; global_colors_info=&#8221;{}&#8221;][et_pb_column type=&#8221;4_4&#8243; _builder_version=&#8221;4.20.0&#8243; _module_preset=&#8221;default&#8221; global_colors_info=&#8221;{}&#8221;][et_pb_text _builder_version=&#8221;4.25.1&#8243; _module_preset=&#8221;default&#8221; global_colors_info=&#8221;{}&#8221;]<\/p>\n<h2>Zweites Inklusions-Golfturnier am 16.09.2022<\/h2>\n<p>Zum zweiten Mal veranstaltete der Deutsch-Amerikanische Frauenclub M\u00fcnchen e.V. ein Charity-Inklusionsturnier im Golfclub Aschheim bei M\u00fcnchen. Die Mannschaft der Handicap-Stars, 11 k\u00f6rperbehinderte junge Erwachsene, spielte zusammen mit den Damen des Clubs und geladenen Freunden eine 9-Loch-Runde. Es war zudem eine gro\u00dfe Freude, dass US-Generalkonsul Timothy Liston und Brigadegeneral Joseph Hilbert, angereist aus Grafenw\u00f6hr, das Spiel anf\u00fchrten. Der Golfclub Aschheim ist nach Auskunft des Managers Simon Arnold der aktivste inklusive Golfclub Europas. Entsprechend gut trainiert waren die Spieler mit ihren unterschiedlichsten Beeintr\u00e4chtigungen und erzielten gro\u00dfartige Ergebnisse &#8211; einf\u00fchlsam und perfekt betreut von ihrer Trainerin Liz H\u00f6h. Das Turnier sponserte die Frankfurter Bankgesellschaft unter Federf\u00fchrung der Club-Schatzmeisterin Heidi B\u00fcchl.<\/p>\n<p>Die gro\u00dfz\u00fcgigen Spenden der Teilnehmer und geladenen G\u00e4ste \u00fcberw\u00e4ltigten Frau Hildegard Mayr, die Direktorin des Blinden- und Sehbehindertenzentrums in Unterschlei\u00dfheim, sehr. Sie nahm sichtlich ger\u00fchrt den Spendenscheck in H\u00f6he von 2000\u20ac entgegen. Die hauseigene Fu\u00dfballmannschaft kann nun mit Trikots ausgestattet werden und im Fr\u00fchjahr wird mit der Spende auf dem Schulgel\u00e4nde ein &#8220;Duftgarten&#8221; angelegt: Blinde Jugendliche k\u00f6nnen die Pflanzenvielfalt olfaktorisch erleben und genie\u00dfen.<\/p>\n<p>Das Turnier endete mit einem fr\u00f6hlichen gemeinsamen Abendessen.<\/p>\n<p>[\/et_pb_text][et_pb_image src=&#8221;https:\/\/www.gawc-munich.de\/wp-content\/uploads\/2023\/03\/IMG_1389-scaled.jpg&#8221; title_text=&#8221;IMG_1389&#8243; _builder_version=&#8221;4.27.4&#8243; _module_preset=&#8221;default&#8221; width=&#8221;50%&#8221; height=&#8221;50%&#8221; global_colors_info=&#8221;{}&#8221;][\/et_pb_image][\/et_pb_column][\/et_pb_row][et_pb_row column_structure=&#8221;1_2,1_2&#8243; _builder_version=&#8221;4.20.4&#8243; _module_preset=&#8221;default&#8221; locked=&#8221;off&#8221; collapsed=&#8221;on&#8221; global_colors_info=&#8221;{}&#8221;][et_pb_column type=&#8221;1_2&#8243; _builder_version=&#8221;4.20.4&#8243; _module_preset=&#8221;default&#8221; global_colors_info=&#8221;{}&#8221;][et_pb_image src=&#8221;https:\/\/www.gawc-munich.de\/wp-content\/uploads\/2023\/03\/IMG_1389-scaled.jpg&#8221; title_text=&#8221;charity2&#8243; _builder_version=&#8221;4.27.4&#8243; _module_preset=&#8221;default&#8221; global_colors_info=&#8221;{}&#8221;][\/et_pb_image][et_pb_image src=&#8221;https:\/\/www.gawc-munich.de\/wp-content\/uploads\/2023\/03\/charity2-scaled.jpeg&#8221; title_text=&#8221;charity2&#8243; _builder_version=&#8221;4.20.0&#8243; _module_preset=&#8221;default&#8221; global_colors_info=&#8221;{}&#8221;][\/et_pb_image][et_pb_image src=&#8221;https:\/\/www.gawc-munich.de\/wp-content\/uploads\/2023\/03\/Inklusion-2022-scaled.jpeg&#8221; title_text=&#8221;Inklusion 2022&#8243; _builder_version=&#8221;4.20.0&#8243; _module_preset=&#8221;default&#8221; global_colors_info=&#8221;{}&#8221;][\/et_pb_image][\/et_pb_column][et_pb_column type=&#8221;1_2&#8243; _builder_version=&#8221;4.20.4&#8243; _module_preset=&#8221;default&#8221; global_colors_info=&#8221;{}&#8221;][et_pb_image src=&#8221;https:\/\/www.gawc-munich.de\/wp-content\/uploads\/2023\/03\/img_6447-scaled.jpeg&#8221; title_text=&#8221;img_6447&#8243; _builder_version=&#8221;4.20.0&#8243; _module_preset=&#8221;default&#8221; global_colors_info=&#8221;{}&#8221;][\/et_pb_image][et_pb_image src=&#8221;https:\/\/www.gawc-munich.de\/wp-content\/uploads\/2023\/03\/IMG_1308-scaled.jpg&#8221; title_text=&#8221;IMG_1308&#8243; _builder_version=&#8221;4.20.0&#8243; _module_preset=&#8221;default&#8221; global_colors_info=&#8221;{}&#8221;][\/et_pb_image][\/et_pb_column][\/et_pb_row][et_pb_row column_structure=&#8221;3_4,1_4&#8243; disabled_on=&#8221;off|off|off&#8221; admin_label=&#8221;Zeile nach oben&#8221; _builder_version=&#8221;4.20.0&#8243; _module_preset=&#8221;default&#8221; locked=&#8221;on&#8221; collapsed=&#8221;on&#8221; global_colors_info=&#8221;{}&#8221;][et_pb_column type=&#8221;3_4&#8243; _builder_version=&#8221;4.20.0&#8243; _module_preset=&#8221;default&#8221; global_colors_info=&#8221;{}&#8221;][et_pb_divider _builder_version=&#8221;4.20.0&#8243; _module_preset=&#8221;default&#8221; global_colors_info=&#8221;{}&#8221;][\/et_pb_divider][\/et_pb_column][et_pb_column type=&#8221;1_4&#8243; _builder_version=&#8221;4.20.0&#8243; _module_preset=&#8221;default&#8221; global_colors_info=&#8221;{}&#8221;][et_pb_button button_url=&#8221;#page-container&#8221; button_text=&#8221;Nach oben zur Auswahl&#8221; _builder_version=&#8221;4.20.0&#8243; _module_preset=&#8221;default&#8221; global_colors_info=&#8221;{}&#8221;][\/et_pb_button][\/et_pb_column][\/et_pb_row][\/et_pb_section]<\/p>\n","protected":false},"excerpt":{"rendered":"<p>Charity at its bestSportliche Wohlt\u00e4tigkeitF\u00fcnftest Inklusions-Golfturnier Das 5. Inklusions-Golfturnier findet am 10.07.2026 im Golfpark Aschheim bei M\u00fcnchen statt.Viertes Inklusions-Golfturnier am 27.06.2025 Golfspielen miteinander und f\u00fcreinander beim 4. Inklusionsturnier des Deutsch \u2013 Amerikanischen Frauenclubs M\u00fcnchen e.V. am 27. Juni 2025 im Golfpark Aschheim. \u201eEs war so sch\u00f6n\u201c Und es begann mit der herzlichen Er\u00f6ffnung der Benefizveranstaltung [&hellip;]<\/p>\n","protected":false},"author":1,"featured_media":0,"parent":171,"menu_order":0,"comment_status":"closed","ping_status":"closed","template":"","meta":{"_et_pb_use_builder":"on","_et_pb_old_content":"","_et_gb_content_width":"","footnotes":""},"class_list":["post-704","page","type-page","status-publish","hentry"],"_links":{"self":[{"href":"https:\/\/www.gawc-munich.de\/de_de\/wp-json\/wp\/v2\/pages\/704","targetHints":{"allow":["GET"]}}],"collection":[{"href":"https:\/\/www.gawc-munich.de\/de_de\/wp-json\/wp\/v2\/pages"}],"about":[{"href":"https:\/\/www.gawc-munich.de\/de_de\/wp-json\/wp\/v2\/types\/page"}],"author":[{"embeddable":true,"href":"https:\/\/www.gawc-munich.de\/de_de\/wp-json\/wp\/v2\/users\/1"}],"replies":[{"embeddable":true,"href":"https:\/\/www.gawc-munich.de\/de_de\/wp-json\/wp\/v2\/comments?post=704"}],"version-history":[{"count":53,"href":"https:\/\/www.gawc-munich.de\/de_de\/wp-json\/wp\/v2\/pages\/704\/revisions"}],"predecessor-version":[{"id":6479,"href":"https:\/\/www.gawc-munich.de\/de_de\/wp-json\/wp\/v2\/pages\/704\/revisions\/6479"}],"up":[{"embeddable":true,"href":"https:\/\/www.gawc-munich.de\/de_de\/wp-json\/wp\/v2\/pages\/171"}],"wp:attachment":[{"href":"https:\/\/www.gawc-munich.de\/de_de\/wp-json\/wp\/v2\/media?parent=704"}],"curies":[{"name":"wp","href":"https:\/\/api.w.org\/{rel}","templated":true}]}}